{"id":5859,"date":"2024-05-22T10:31:58","date_gmt":"2024-05-22T10:31:58","guid":{"rendered":"https:\/\/serralleriamas.com\/?page_id=5859"},"modified":"2024-05-23T08:35:48","modified_gmt":"2024-05-23T08:35:48","slug":"instalaciones-de-vapor","status":"publish","type":"page","link":"https:\/\/serralleriamas.com\/es\/instalaciones-de-vapor\/","title":{"rendered":"Instalaciones de vapor"},"content":{"rendered":"<div class=\"wpb-content-wrapper\">[vc_row full_width=\u00bbstretch_row\u00bb parallax=\u00bbcontent-moving\u00bb parallax_speed_bg=\u00bb4.5&#8243; remove_bottom_col_margin=\u00bbtrue\u00bb css=\u00bb.vc_custom_1713859241359{padding-top: 50px !important;padding-bottom: 50px !important;background-color: #f7f7f7 !important;}\u00bb][vc_column]<style>.vcex-heading.vcex_69f3ea5f819b4{font-size:25px;font-weight:700;}<\/style><h2 class=\"vcex-heading vcex-heading-plain vcex-module wpex-heading wpex-text-2xl wpex-text-center vcex_69f3ea5f819b4\"><span class=\"vcex-heading-inner wpex-inline-block\">Instalaciones de vapor industriales<\/span><\/h2><div class=\"vcex-module vcex-divider vcex-divider-solid vcex-divider-center wpex-mx-auto wpex-max-w-100 wpex-block wpex-h-0 wpex-border-b wpex-border-solid wpex-border-main\" style=\"width:90px;margin-top:20px;margin-bottom:20px;border-bottom-width:3px;border-color:#f80404;\"><\/div>[vc_column_text font_size=\u00bb17px\u00bb text_align=\u00bbcenter\u00bb]En Serralleria Mas, nos especializamos en la <strong>creaci\u00f3n e instalaci\u00f3n de sistemas de vapor<\/strong> para una amplia gama de aplicaciones industriales. Con una trayectoria consolidada en el sector, <strong>ofrecemos soluciones integrales<\/strong> que combinan eficiencia, seguridad y rendimiento.[\/vc_column_text][\/vc_column][\/vc_row][vc_section css=\u00bb.vc_custom_1708334817233{padding-top: 75px !important;padding-bottom: 75px !important;}\u00bb][vc_row full_width=\u00bbstretch_row\u00bb content_placement=\u00bbmiddle\u00bb column_spacing=\u00bb0px\u00bb equal_height=\u00bbyes\u00bb][vc_column width=\u00bb1\/2&#8243;]<figure class=\"vcex-image vcex-module\"><div class=\"vcex-image-inner wpex-relative wpex-inline-block wpex-image-hover opacity\"><img width=\"750\" height=\"1000\" src=\"https:\/\/serralleriamas.com\/wp-content\/uploads\/2024\/05\/Fabricacion-de-instalacions-de-vapor-Serralleria-Mas.jpg\" class=\"vcex-image-img wpex-align-middle\" alt=\"Fabricacion de instalacions de vapor\" loading=\"lazy\" decoding=\"async\" srcset=\"https:\/\/serralleriamas.com\/wp-content\/uploads\/2024\/05\/Fabricacion-de-instalacions-de-vapor-Serralleria-Mas.jpg 750w, https:\/\/serralleriamas.com\/wp-content\/uploads\/2024\/05\/Fabricacion-de-instalacions-de-vapor-Serralleria-Mas-225x300.jpg 225w, https:\/\/serralleriamas.com\/wp-content\/uploads\/2024\/05\/Fabricacion-de-instalacions-de-vapor-Serralleria-Mas-600x800.jpg 600w\" sizes=\"(max-width: 750px) 100vw, 750px\" \/><\/div><\/figure>[\/vc_column][vc_column width=\u00bb1\/2&#8243; css=\u00bb.vc_custom_1707994698195{padding-top: 5% !important;padding-right: 10% !important;padding-bottom: 5% !important;padding-left: 10% !important;}\u00bb]<style>.vcex-heading.vcex_69f3ea5f854b6{color:#f80404;}<\/style><h3 class=\"vcex-heading vcex-heading-plain vcex-module wpex-heading wpex-text-2xl vcex_69f3ea5f854b6\"><span class=\"vcex-heading-inner wpex-inline-block\">\u00bfPor qu\u00e9 elegir nuestras instalaciones de vapor?<\/span><\/h3><div class=\"vcex-spacing wpex-w-100 wpex-clear\" style=\"height:20px;\"><\/div>[vc_column_text font_size=\u00bb14px\u00bb text_align=\u00bbleft\u00bb]\n<ul>\n<li><strong>Eficiencia energ\u00e9tica:<\/strong> Nuestros sistemas de vapor est\u00e1n dise\u00f1ados para maximizar la eficiencia energ\u00e9tica, reduciendo el consumo de recursos y minimizando los costes operativos. Utilizamos tecnolog\u00eda avanzada para asegurar que nuestros clientes obtengan el m\u00e1ximo rendimiento con el m\u00ednimo impacto ambiental.<\/li>\n<li><strong>Seguridad:<\/strong> La seguridad es una prioridad en todas nuestras instalaciones. Nos aseguramos de que todos los componentes del sistema cumplan con las normativas m\u00e1s estrictas de seguridad, ofreciendo tranquilidad y protecci\u00f3n a nuestros clientes.<\/li>\n<li><strong>Durabilidad:<\/strong> Utilizamos materiales de la m\u00e1s alta calidad para garantizar la longevidad y resistencia de nuestros sistemas de vapor. Cada instalaci\u00f3n est\u00e1 dise\u00f1ada para soportar las condiciones m\u00e1s exigentes y proporcionar un servicio fiable durante muchos a\u00f1os.<\/li>\n<li><strong>Personalizaci\u00f3n:<\/strong> Entendemos que cada empresa tiene necesidades \u00fanicas. Trabajamos estrechamente con nuestros clientes para dise\u00f1ar soluciones de vapor personalizadas que se ajusten perfectamente a sus especificaciones y requerimientos operativos.<\/li>\n<\/ul>\n[\/vc_column_text][\/vc_column][\/vc_row][vc_row full_width=\u00bbstretch_row\u00bb content_placement=\u00bbmiddle\u00bb column_spacing=\u00bb0px\u00bb columns_right=\u00bbyes\u00bb][vc_column width=\u00bb1\/2&#8243;]<figure class=\"vcex-image vcex-module\"><div class=\"vcex-image-inner wpex-relative wpex-inline-block wpex-image-hover opacity\"><img width=\"750\" height=\"1125\" src=\"https:\/\/serralleriamas.com\/wp-content\/uploads\/2024\/05\/Fabricacio-de-installacions-de-vapor-Serralleria-Mas.jpg\" class=\"vcex-image-img wpex-align-middle\" alt=\"Fabricaci\u00f3 de instal\u00b7lacions de vapor\" loading=\"lazy\" decoding=\"async\" srcset=\"https:\/\/serralleriamas.com\/wp-content\/uploads\/2024\/05\/Fabricacio-de-installacions-de-vapor-Serralleria-Mas.jpg 750w, https:\/\/serralleriamas.com\/wp-content\/uploads\/2024\/05\/Fabricacio-de-installacions-de-vapor-Serralleria-Mas-200x300.jpg 200w, https:\/\/serralleriamas.com\/wp-content\/uploads\/2024\/05\/Fabricacio-de-installacions-de-vapor-Serralleria-Mas-683x1024.jpg 683w, https:\/\/serralleriamas.com\/wp-content\/uploads\/2024\/05\/Fabricacio-de-installacions-de-vapor-Serralleria-Mas-600x900.jpg 600w\" sizes=\"(max-width: 750px) 100vw, 750px\" \/><\/div><\/figure>[\/vc_column][vc_column width=\u00bb1\/2&#8243; css=\u00bb.vc_custom_1707994714017{padding-top: 5% !important;padding-right: 10% !important;padding-bottom: 5% !important;padding-left: 10% !important;}\u00bb]<style>.vcex-heading.vcex_69f3ea5f86fe0{color:#f80404;}<\/style><h3 class=\"vcex-heading vcex-heading-plain vcex-module wpex-heading wpex-text-2xl vcex_69f3ea5f86fe0\"><span class=\"vcex-heading-inner wpex-inline-block\">Aplicaciones de las instalaciones de vapor:<\/span><\/h3><div class=\"vcex-spacing wpex-w-100 wpex-clear\" style=\"height:20px;\"><\/div>[vc_column_text font_size=\u00bb14px\u00bb text_align=\u00bbleft\u00bb]\n<ul>\n<li><strong>Industria alimentaria:<\/strong> Proporcionamos sistemas de vapor que cumplen con los est\u00e1ndares de higiene y seguridad necesarios para la producci\u00f3n de alimentos, asegurando procesos eficientes y seguros.<\/li>\n<li><strong>Procesos industriales:<\/strong> Nuestras instalaciones son ideales para una amplia variedad de procesos industriales, desde la generaci\u00f3n de energ\u00eda hasta la calefacci\u00f3n y mantenimiento de temperatura.<\/li>\n<li><strong>Sector farmac\u00e9utico:<\/strong> Ofrecemos soluciones espec\u00edficas para el sector farmac\u00e9utico, garantizando que los procesos de producci\u00f3n se desarrollen bajo las condiciones m\u00e1s estrictas de limpieza y control de calidad.<\/li>\n<li><strong>Tratamiento de aguas:<\/strong> Nuestros sistemas de vapor se utilizan en el tratamiento de aguas, proporcionando una fuente fiable de calor para diversos procesos de purificaci\u00f3n y desinfecci\u00f3n<\/li>\n<\/ul>\n[\/vc_column_text][\/vc_column][\/vc_row][vc_row full_width=\u00bbstretch_row\u00bb content_placement=\u00bbmiddle\u00bb column_spacing=\u00bb0px\u00bb equal_height=\u00bbyes\u00bb][vc_column width=\u00bb1\/2&#8243;]<figure class=\"vcex-image vcex-module\"><div class=\"vcex-image-inner wpex-relative wpex-inline-block wpex-image-hover opacity\"><img width=\"750\" height=\"1124\" src=\"https:\/\/serralleriamas.com\/wp-content\/uploads\/2024\/05\/installacions-de-vapor-Serralleria-Mas.jpg\" class=\"vcex-image-img wpex-align-middle\" alt=\"instal\u00b7lacions de vapor\" loading=\"lazy\" decoding=\"async\" srcset=\"https:\/\/serralleriamas.com\/wp-content\/uploads\/2024\/05\/installacions-de-vapor-Serralleria-Mas.jpg 750w, https:\/\/serralleriamas.com\/wp-content\/uploads\/2024\/05\/installacions-de-vapor-Serralleria-Mas-200x300.jpg 200w, https:\/\/serralleriamas.com\/wp-content\/uploads\/2024\/05\/installacions-de-vapor-Serralleria-Mas-683x1024.jpg 683w, https:\/\/serralleriamas.com\/wp-content\/uploads\/2024\/05\/installacions-de-vapor-Serralleria-Mas-600x899.jpg 600w\" sizes=\"(max-width: 750px) 100vw, 750px\" \/><\/div><\/figure>[\/vc_column][vc_column width=\u00bb1\/2&#8243; css=\u00bb.vc_custom_1707994698195{padding-top: 5% !important;padding-right: 10% !important;padding-bottom: 5% !important;padding-left: 10% !important;}\u00bb]<style>.vcex-heading.vcex_69f3ea5f88cee{color:#f80404;}<\/style><h3 class=\"vcex-heading vcex-heading-plain vcex-module wpex-heading wpex-text-2xl vcex_69f3ea5f88cee\"><span class=\"vcex-heading-inner wpex-inline-block\">Nuestro proceso de instalaci\u00f3n:<\/span><\/h3><div class=\"vcex-spacing wpex-w-100 wpex-clear\" style=\"height:20px;\"><\/div>[vc_column_text font_size=\u00bb14px\u00bb text_align=\u00bbleft\u00bb]\n<ol>\n<li><strong>Consultor\u00eda inicial:<\/strong> Empezamos con una evaluaci\u00f3n detallada de las necesidades del cliente para dise\u00f1ar una soluci\u00f3n a medida.<\/li>\n<li><strong>Dise\u00f1o y planificaci\u00f3n:<\/strong> Desarrollamos un plan detallado que incluye el dise\u00f1o del sistema de vapor, la selecci\u00f3n de los materiales y el establecimiento de un cronograma de implementaci\u00f3n.<\/li>\n<li><strong>Instalaci\u00f3n profesional:<\/strong> Nuestro equipo de expertos realiza la instalaci\u00f3n siguiendo los m\u00e1s altos est\u00e1ndares de calidad y seguridad.<\/li>\n<li><strong>Puesta en marcha y soporte:<\/strong> Despu\u00e9s de la instalaci\u00f3n, realizamos pruebas exhaustivas para asegurarnos de que todo funcione correctamente. Tambi\u00e9n ofrecemos soporte continuo para mantener el sistema en \u00f3ptimas condiciones.<\/li>\n<\/ol>\n[\/vc_column_text][\/vc_column][\/vc_row][vc_row full_width=\u00bbstretch_row\u00bb content_placement=\u00bbmiddle\u00bb column_spacing=\u00bb0px\u00bb equal_height=\u00bbyes\u00bb][vc_column width=\u00bb1\/6&#8243;][\/vc_column][vc_column width=\u00bb2\/3&#8243; css=\u00bb.vc_custom_1707994698195{padding-top: 5% !important;padding-right: 10% !important;padding-bottom: 5% !important;padding-left: 10% !important;}\u00bb][vc_column_text font_size=\u00bb14px\u00bb text_align=\u00bbleft\u00bb]\n<h2 style=\"text-align: center;\">Instalaciones de vapor<\/h2>\n<p style=\"text-align: center;\">Si necesita una<strong> instalaci\u00f3n de vapor eficiente y fiable<\/strong>, contacte con Cerrajer\u00eda Mas. Estamos comprometidos con la satisfacci\u00f3n del cliente y la calidad de nuestros servicios.<\/p>\n<p style=\"text-align: center;\">Conf\u00ede en Cerrajer\u00eda Mas para sus necesidades de instalaciones de vapor.<br \/>\nNuestra experiencia y dedicaci\u00f3n asegura resultados excepcionales para cada proyecto.<\/p>\n[\/vc_column_text][\/vc_column][vc_column width=\u00bb1\/6&#8243;][\/vc_column][\/vc_row][\/vc_section][vc_row remove_bottom_col_margin=\u00bbtrue\u00bb][vc_column]<div class=\"templatera_shortcode\"><style type=\"text\/css\" data-type=\"vc_shortcodes-custom-css\">.vc_custom_1709195249079{padding-top: 5% !important;padding-bottom: 5% !important;}.vc_custom_1706701808228{padding-bottom: 15px !important;}<\/style><div data-vc-full-width=\"true\" data-vc-full-width-init=\"false\" data-vc-parallax=\"2.5\" data-vc-parallax-image=\"https:\/\/serralleriamas.com\/wp-content\/uploads\/2024\/02\/parallax-cta.jpg\" class=\"vc_row wpb_row vc_row-fluid vc_custom_1709195249079 vc_general vc_parallax vc_parallax-content-moving wpex-vc_row-has-fill wpex-vc-row-stretched no-bottom-margins\"><div class=\"wpb_column vc_column_container vc_col-sm-12\"><div class=\"vc_column-inner\"><div class=\"wpb_wrapper\"><style>.vcex-heading.vcex_69f3ea5f8d8e6{color:#ffffff;font-size:32px;font-family:Karla, sans-serif;font-weight:400;text-transform:uppercase;}<\/style><h2 class=\"vcex-heading vcex-heading-plain vcex-module wpex-heading wpex-text-2xl wpex-text-center vc_custom_1706701808228 vcex_69f3ea5f8d8e6\"><span class=\"vcex-heading-inner wpex-inline-block\">\u00bfNecesitas m\u00e1s informaci\u00f3n?<\/span><\/h2>\n\t<div style=\"color:#ffffff;font-size:18px;font-weight:300;text-align:center;width:500px;\" class=\"wpb_text_column has-custom-color wpex-child-inherit-color wpex-max-w-100 wpex-mx-auto wpb_content_element\" >\n\t\t<div class=\"wpb_wrapper\">\n\t\t\t<p>Si necesitas m\u00e1s informaci\u00f3n, contacta con nosotros y te responderemos lo antes posible.<\/p>\n\n\t\t<\/div>\n\t<\/div>\n<div class=\"vcex-spacing wpex-w-100 wpex-clear\"><\/div><div class=\"theme-button-wrap textcenter wpex-clr\"><a href=\"\/contacte\/\" class=\"vcex-button theme-button minimal-border align-center inline\" style=\"color:#ffffff;border:1px solid #ffffff;font-size:16px;font-weight:400;border-radius:var(--wpex-rounded-full);\" data-wpex-hover='{&quot;background&quot;:&quot;#ffffff&quot;,&quot;color&quot;:&quot;#000000&quot;}'><span class=\"vcex-button-inner theme-button-inner\">Contactar ahora<span class=\"vcex-button-icon vcex-icon-wrap theme-button-icon-right\"><span class=\"ticon ticon-envelope-o\" aria-hidden=\"true\"><\/span><\/span><\/span><\/a><\/div> <\/div><\/div><\/div><\/div><div class=\"vc_row-full-width vc_clearfix\"><\/div><\/div>[\/vc_column][\/vc_row]\n<\/div>","protected":false},"excerpt":{"rendered":"Instalaciones de vapor industriales En Serralleria Mas, nos especializamos en la creaci\u00f3n e instalaci\u00f3n de sistemas de vapor para una amplia gama de aplicaciones industriales. Con una trayectoria consolidada en el sector, ofrecemos soluciones integrales que combinan eficiencia, seguridad y rendimiento. \u00bfPor qu\u00e9 elegir nuestras instalaciones de vapor? Eficiencia energ\u00e9tica: Nuestros sistemas de vapor est\u00e1n&hellip;","protected":false},"author":1,"featured_media":5863,"parent":0,"menu_order":0,"comment_status":"closed","ping_status":"closed","template":"","meta":{"footnotes":""},"class_list":["post-5859","page","type-page","status-publish","has-post-thumbnail","hentry","entry","has-media"],"yoast_head":"<!-- This site is optimized with the Yoast SEO plugin v23.0 - https:\/\/yoast.com\/wordpress\/plugins\/seo\/ -->\n<title>Instalaciones de vapor - Serralleria Mas<\/title>\n<meta name=\"description\" content=\"Expertos en instalaciones de vapor industriales. Soluciones eficientes y seguras para m\u00faltiples sectores. Contacte a para m\u00e1s informaci\u00f3n.\" \/>\n<meta name=\"robots\" content=\"index, follow, max-snippet:-1, max-image-preview:large, max-video-preview:-1\" \/>\n<link rel=\"canonical\" href=\"https:\/\/serralleriamas.com\/es\/instalaciones-de-vapor\/\" \/>\n<meta property=\"og:locale\" content=\"es_ES\" \/>\n<meta property=\"og:type\" content=\"article\" \/>\n<meta property=\"og:title\" content=\"Instalaciones de vapor - Serralleria Mas\" \/>\n<meta property=\"og:description\" content=\"Expertos en instalaciones de vapor industriales. Soluciones eficientes y seguras para m\u00faltiples sectores. Contacte a para m\u00e1s informaci\u00f3n.\" \/>\n<meta property=\"og:url\" content=\"https:\/\/serralleriamas.com\/es\/instalaciones-de-vapor\/\" \/>\n<meta property=\"og:site_name\" content=\"Serralleria Mas\" \/>\n<meta property=\"article:modified_time\" content=\"2024-05-23T08:35:48+00:00\" \/>\n<meta property=\"og:image\" content=\"https:\/\/serralleriamas.com\/wp-content\/uploads\/2024\/05\/Instalaciones-de-vapor-Serralleria-Mas.jpg\" \/>\n\t<meta property=\"og:image:width\" content=\"404\" \/>\n\t<meta property=\"og:image:height\" content=\"404\" \/>\n\t<meta property=\"og:image:type\" content=\"image\/jpeg\" \/>\n<meta name=\"twitter:card\" content=\"summary_large_image\" \/>\n<meta name=\"twitter:label1\" content=\"Tiempo de lectura\" \/>\n\t<meta name=\"twitter:data1\" content=\"4 minutos\" \/>\n<script type=\"application\/ld+json\" class=\"yoast-schema-graph\">{\"@context\":\"https:\/\/schema.org\",\"@graph\":[{\"@type\":\"WebPage\",\"@id\":\"https:\/\/serralleriamas.com\/es\/instalaciones-de-vapor\/\",\"url\":\"https:\/\/serralleriamas.com\/es\/instalaciones-de-vapor\/\",\"name\":\"Instalaciones de vapor - Serralleria Mas\",\"isPartOf\":{\"@id\":\"https:\/\/serralleriamas.com\/#website\"},\"primaryImageOfPage\":{\"@id\":\"https:\/\/serralleriamas.com\/es\/instalaciones-de-vapor\/#primaryimage\"},\"image\":{\"@id\":\"https:\/\/serralleriamas.com\/es\/instalaciones-de-vapor\/#primaryimage\"},\"thumbnailUrl\":\"https:\/\/serralleriamas.com\/wp-content\/uploads\/2024\/05\/Instalaciones-de-vapor-Serralleria-Mas.jpg\",\"datePublished\":\"2024-05-22T10:31:58+00:00\",\"dateModified\":\"2024-05-23T08:35:48+00:00\",\"description\":\"Expertos en instalaciones de vapor industriales. Soluciones eficientes y seguras para m\u00faltiples sectores. Contacte a para m\u00e1s informaci\u00f3n.\",\"breadcrumb\":{\"@id\":\"https:\/\/serralleriamas.com\/es\/instalaciones-de-vapor\/#breadcrumb\"},\"inLanguage\":\"es\",\"potentialAction\":[{\"@type\":\"ReadAction\",\"target\":[\"https:\/\/serralleriamas.com\/es\/instalaciones-de-vapor\/\"]}]},{\"@type\":\"ImageObject\",\"inLanguage\":\"es\",\"@id\":\"https:\/\/serralleriamas.com\/es\/instalaciones-de-vapor\/#primaryimage\",\"url\":\"https:\/\/serralleriamas.com\/wp-content\/uploads\/2024\/05\/Instalaciones-de-vapor-Serralleria-Mas.jpg\",\"contentUrl\":\"https:\/\/serralleriamas.com\/wp-content\/uploads\/2024\/05\/Instalaciones-de-vapor-Serralleria-Mas.jpg\",\"width\":404,\"height\":404,\"caption\":\"Instalaciones de vapor\"},{\"@type\":\"BreadcrumbList\",\"@id\":\"https:\/\/serralleriamas.com\/es\/instalaciones-de-vapor\/#breadcrumb\",\"itemListElement\":[{\"@type\":\"ListItem\",\"position\":1,\"name\":\"Home\",\"item\":\"https:\/\/serralleriamas.com\/es\/home-2\/\"},{\"@type\":\"ListItem\",\"position\":2,\"name\":\"Instalaciones de vapor\"}]},{\"@type\":\"WebSite\",\"@id\":\"https:\/\/serralleriamas.com\/#website\",\"url\":\"https:\/\/serralleriamas.com\/\",\"name\":\"Serralleria Mas\",\"description\":\"Serveis de serralleria per a professionals i particulars\",\"publisher\":{\"@id\":\"https:\/\/serralleriamas.com\/#organization\"},\"potentialAction\":[{\"@type\":\"SearchAction\",\"target\":{\"@type\":\"EntryPoint\",\"urlTemplate\":\"https:\/\/serralleriamas.com\/?s={search_term_string}\"},\"query-input\":\"required name=search_term_string\"}],\"inLanguage\":\"es\"},{\"@type\":\"Organization\",\"@id\":\"https:\/\/serralleriamas.com\/#organization\",\"name\":\"Serralleria Mas\",\"url\":\"https:\/\/serralleriamas.com\/\",\"logo\":{\"@type\":\"ImageObject\",\"inLanguage\":\"es\",\"@id\":\"https:\/\/serralleriamas.com\/#\/schema\/logo\/image\/\",\"url\":\"https:\/\/serralleriamas.com\/wp-content\/uploads\/2024\/01\/LogotipsenseS.L.U.png\",\"contentUrl\":\"https:\/\/serralleriamas.com\/wp-content\/uploads\/2024\/01\/LogotipsenseS.L.U.png\",\"width\":404,\"height\":308,\"caption\":\"Serralleria Mas\"},\"image\":{\"@id\":\"https:\/\/serralleriamas.com\/#\/schema\/logo\/image\/\"}}]}<\/script>\n<!-- \/ Yoast SEO plugin. -->","yoast_head_json":{"title":"Instalaciones de vapor - Serralleria Mas","description":"Expertos en instalaciones de vapor industriales. Soluciones eficientes y seguras para m\u00faltiples sectores. Contacte a para m\u00e1s informaci\u00f3n.","robots":{"index":"index","follow":"follow","max-snippet":"max-snippet:-1","max-image-preview":"max-image-preview:large","max-video-preview":"max-video-preview:-1"},"canonical":"https:\/\/serralleriamas.com\/es\/instalaciones-de-vapor\/","og_locale":"es_ES","og_type":"article","og_title":"Instalaciones de vapor - Serralleria Mas","og_description":"Expertos en instalaciones de vapor industriales. Soluciones eficientes y seguras para m\u00faltiples sectores. Contacte a para m\u00e1s informaci\u00f3n.","og_url":"https:\/\/serralleriamas.com\/es\/instalaciones-de-vapor\/","og_site_name":"Serralleria Mas","article_modified_time":"2024-05-23T08:35:48+00:00","og_image":[{"width":404,"height":404,"url":"https:\/\/serralleriamas.com\/wp-content\/uploads\/2024\/05\/Instalaciones-de-vapor-Serralleria-Mas.jpg","type":"image\/jpeg"}],"twitter_card":"summary_large_image","twitter_misc":{"Tiempo de lectura":"4 minutos"},"schema":{"@context":"https:\/\/schema.org","@graph":[{"@type":"WebPage","@id":"https:\/\/serralleriamas.com\/es\/instalaciones-de-vapor\/","url":"https:\/\/serralleriamas.com\/es\/instalaciones-de-vapor\/","name":"Instalaciones de vapor - Serralleria Mas","isPartOf":{"@id":"https:\/\/serralleriamas.com\/#website"},"primaryImageOfPage":{"@id":"https:\/\/serralleriamas.com\/es\/instalaciones-de-vapor\/#primaryimage"},"image":{"@id":"https:\/\/serralleriamas.com\/es\/instalaciones-de-vapor\/#primaryimage"},"thumbnailUrl":"https:\/\/serralleriamas.com\/wp-content\/uploads\/2024\/05\/Instalaciones-de-vapor-Serralleria-Mas.jpg","datePublished":"2024-05-22T10:31:58+00:00","dateModified":"2024-05-23T08:35:48+00:00","description":"Expertos en instalaciones de vapor industriales. Soluciones eficientes y seguras para m\u00faltiples sectores. Contacte a para m\u00e1s informaci\u00f3n.","breadcrumb":{"@id":"https:\/\/serralleriamas.com\/es\/instalaciones-de-vapor\/#breadcrumb"},"inLanguage":"es","potentialAction":[{"@type":"ReadAction","target":["https:\/\/serralleriamas.com\/es\/instalaciones-de-vapor\/"]}]},{"@type":"ImageObject","inLanguage":"es","@id":"https:\/\/serralleriamas.com\/es\/instalaciones-de-vapor\/#primaryimage","url":"https:\/\/serralleriamas.com\/wp-content\/uploads\/2024\/05\/Instalaciones-de-vapor-Serralleria-Mas.jpg","contentUrl":"https:\/\/serralleriamas.com\/wp-content\/uploads\/2024\/05\/Instalaciones-de-vapor-Serralleria-Mas.jpg","width":404,"height":404,"caption":"Instalaciones de vapor"},{"@type":"BreadcrumbList","@id":"https:\/\/serralleriamas.com\/es\/instalaciones-de-vapor\/#breadcrumb","itemListElement":[{"@type":"ListItem","position":1,"name":"Home","item":"https:\/\/serralleriamas.com\/es\/home-2\/"},{"@type":"ListItem","position":2,"name":"Instalaciones de vapor"}]},{"@type":"WebSite","@id":"https:\/\/serralleriamas.com\/#website","url":"https:\/\/serralleriamas.com\/","name":"Serralleria Mas","description":"Serveis de serralleria per a professionals i particulars","publisher":{"@id":"https:\/\/serralleriamas.com\/#organization"},"potentialAction":[{"@type":"SearchAction","target":{"@type":"EntryPoint","urlTemplate":"https:\/\/serralleriamas.com\/?s={search_term_string}"},"query-input":"required name=search_term_string"}],"inLanguage":"es"},{"@type":"Organization","@id":"https:\/\/serralleriamas.com\/#organization","name":"Serralleria Mas","url":"https:\/\/serralleriamas.com\/","logo":{"@type":"ImageObject","inLanguage":"es","@id":"https:\/\/serralleriamas.com\/#\/schema\/logo\/image\/","url":"https:\/\/serralleriamas.com\/wp-content\/uploads\/2024\/01\/LogotipsenseS.L.U.png","contentUrl":"https:\/\/serralleriamas.com\/wp-content\/uploads\/2024\/01\/LogotipsenseS.L.U.png","width":404,"height":308,"caption":"Serralleria Mas"},"image":{"@id":"https:\/\/serralleriamas.com\/#\/schema\/logo\/image\/"}}]}},"_links":{"self":[{"href":"https:\/\/serralleriamas.com\/es\/wp-json\/wp\/v2\/pages\/5859"}],"collection":[{"href":"https:\/\/serralleriamas.com\/es\/wp-json\/wp\/v2\/pages"}],"about":[{"href":"https:\/\/serralleriamas.com\/es\/wp-json\/wp\/v2\/types\/page"}],"author":[{"embeddable":true,"href":"https:\/\/serralleriamas.com\/es\/wp-json\/wp\/v2\/users\/1"}],"replies":[{"embeddable":true,"href":"https:\/\/serralleriamas.com\/es\/wp-json\/wp\/v2\/comments?post=5859"}],"version-history":[{"count":5,"href":"https:\/\/serralleriamas.com\/es\/wp-json\/wp\/v2\/pages\/5859\/revisions"}],"predecessor-version":[{"id":5895,"href":"https:\/\/serralleriamas.com\/es\/wp-json\/wp\/v2\/pages\/5859\/revisions\/5895"}],"wp:featuredmedia":[{"embeddable":true,"href":"https:\/\/serralleriamas.com\/es\/wp-json\/wp\/v2\/media\/5863"}],"wp:attachment":[{"href":"https:\/\/serralleriamas.com\/es\/wp-json\/wp\/v2\/media?parent=5859"}],"curies":[{"name":"wp","href":"https:\/\/api.w.org\/{rel}","templated":true}]}}