{"id":5845,"date":"2024-05-22T09:59:27","date_gmt":"2024-05-22T09:59:27","guid":{"rendered":"https:\/\/serralleriamas.com\/?page_id=5845"},"modified":"2024-05-23T08:44:18","modified_gmt":"2024-05-23T08:44:18","slug":"puertas-metalicas","status":"publish","type":"page","link":"https:\/\/serralleriamas.com\/es\/puertas-metalicas\/","title":{"rendered":"Puertas met\u00e1licas"},"content":{"rendered":"<div class=\"wpb-content-wrapper\">[vc_row full_width=\u00bbstretch_row\u00bb parallax=\u00bbcontent-moving\u00bb parallax_speed_bg=\u00bb4.5&#8243; remove_bottom_col_margin=\u00bbtrue\u00bb css=\u00bb.vc_custom_1713859241359{padding-top: 50px !important;padding-bottom: 50px !important;background-color: #f7f7f7 !important;}\u00bb][vc_column]<style>.vcex-heading.vcex_6a03b8910e9b7{font-size:25px;font-weight:700;}<\/style><h2 class=\"vcex-heading vcex-heading-plain vcex-module wpex-heading wpex-text-2xl wpex-text-center vcex_6a03b8910e9b7\"><span class=\"vcex-heading-inner wpex-inline-block\">Fabricaci\u00f3n puertas met\u00e1licas<\/span><\/h2><div class=\"vcex-module vcex-divider vcex-divider-solid vcex-divider-center wpex-mx-auto wpex-max-w-100 wpex-block wpex-h-0 wpex-border-b wpex-border-solid wpex-border-main\" style=\"width:90px;margin-top:20px;margin-bottom:20px;border-bottom-width:3px;border-color:#f80404;\"><\/div>[vc_column_text font_size=\u00bb17px\u00bb text_align=\u00bbcenter\u00bb]En Serralleria Mas, somos expertos en la <strong>fabricaci\u00f3n e instalaci\u00f3n de puertas met\u00e1licas<\/strong> de la m\u00e1s alta calidad. Con a\u00f1os de experiencia en el sector, ofrecemos soluciones personalizadas para todos nuestros clientes, asegur\u00e1ndonos que cada proyecto cumpla con los m\u00e1s exigentes est\u00e1ndares de seguridad y durabilidad.[\/vc_column_text][\/vc_column][\/vc_row][vc_section css=\u00bb.vc_custom_1716451278393{padding-top: 5% !important;padding-bottom: 5% !important;}\u00bb][vc_row full_width=\u00bbstretch_row\u00bb content_placement=\u00bbmiddle\u00bb column_spacing=\u00bb0px\u00bb equal_height=\u00bbyes\u00bb][vc_column width=\u00bb1\/2&#8243;]<figure class=\"vcex-image vcex-module\"><div class=\"vcex-image-inner wpex-relative wpex-inline-block wpex-image-hover opacity\"><img width=\"1000\" height=\"750\" src=\"https:\/\/serralleriamas.com\/wp-content\/uploads\/2024\/05\/Puertas-metalicas-Serralleria-Mas-2-1.jpg\" class=\"vcex-image-img wpex-align-middle\" alt=\"Puertas metalicas\" loading=\"lazy\" decoding=\"async\" srcset=\"https:\/\/serralleriamas.com\/wp-content\/uploads\/2024\/05\/Puertas-metalicas-Serralleria-Mas-2-1.jpg 1000w, https:\/\/serralleriamas.com\/wp-content\/uploads\/2024\/05\/Puertas-metalicas-Serralleria-Mas-2-1-300x225.jpg 300w, https:\/\/serralleriamas.com\/wp-content\/uploads\/2024\/05\/Puertas-metalicas-Serralleria-Mas-2-1-768x576.jpg 768w, https:\/\/serralleriamas.com\/wp-content\/uploads\/2024\/05\/Puertas-metalicas-Serralleria-Mas-2-1-600x450.jpg 600w\" sizes=\"(max-width: 1000px) 100vw, 1000px\" \/><\/div><\/figure>[vc_empty_space height=\u00bb5px\u00bb]<figure class=\"vcex-image vcex-module\"><div class=\"vcex-image-inner wpex-relative wpex-inline-block wpex-image-hover opacity\"><img width=\"1000\" height=\"750\" src=\"https:\/\/serralleriamas.com\/wp-content\/uploads\/2024\/05\/Portes-Metalliques-Serralleria-Mas-2-2.jpg\" class=\"vcex-image-img wpex-align-middle\" alt=\"\" loading=\"lazy\" decoding=\"async\" srcset=\"https:\/\/serralleriamas.com\/wp-content\/uploads\/2024\/05\/Portes-Metalliques-Serralleria-Mas-2-2.jpg 1000w, https:\/\/serralleriamas.com\/wp-content\/uploads\/2024\/05\/Portes-Metalliques-Serralleria-Mas-2-2-300x225.jpg 300w, https:\/\/serralleriamas.com\/wp-content\/uploads\/2024\/05\/Portes-Metalliques-Serralleria-Mas-2-2-768x576.jpg 768w, https:\/\/serralleriamas.com\/wp-content\/uploads\/2024\/05\/Portes-Metalliques-Serralleria-Mas-2-2-600x450.jpg 600w\" sizes=\"(max-width: 1000px) 100vw, 1000px\" \/><\/div><\/figure>[\/vc_column][vc_column width=\u00bb1\/2&#8243; css=\u00bb.vc_custom_1707994698195{padding-top: 5% !important;padding-right: 10% !important;padding-bottom: 5% !important;padding-left: 10% !important;}\u00bb]<style>.vcex-heading.vcex_6a03b89112f0b{color:#f80404;}<\/style><h3 class=\"vcex-heading vcex-heading-plain vcex-module wpex-heading wpex-text-2xl vcex_6a03b89112f0b\"><span class=\"vcex-heading-inner wpex-inline-block\">\u00bfPor qu\u00e9 elegir nuestras puertas met\u00e1licas?<\/span><\/h3><div class=\"vcex-spacing wpex-w-100 wpex-clear\" style=\"height:20px;\"><\/div>[vc_column_text font_size=\u00bb14px\u00bb text_align=\u00bbleft\u00bb]\n<ul>\n<li><strong>Durabilidad y resistencia:<\/strong> Nuestras puertas met\u00e1licas est\u00e1n fabricadas con materiales de primera calidad, asegurando una larga vida \u00fatil y resistencia a las condiciones clim\u00e1ticas adversas y uso diario intensivo.<\/li>\n<\/ul>\n<ul>\n<li><strong>Seguridad:<\/strong> Entendemos la importancia de la seguridad, por eso dise\u00f1amos puertas que proporcionan una protecci\u00f3n \u00f3ptima contra intrusiones y otros riesgos. Nuestras puertas son robustas y seguras, ideales para cualquier instalaci\u00f3n.<\/li>\n<\/ul>\n<ul>\n<li><strong>Dise\u00f1o personalizado:<\/strong> Cada proyecto es \u00fanico y trabajamos estrechamente con nuestros clientes para dise\u00f1ar puertas met\u00e1licas que se adapten perfectamente a sus necesidades y preferencias est\u00e9ticas. Desde dise\u00f1os cl\u00e1sicos a modernos, podemos crear la puerta perfecta para usted.<\/li>\n<\/ul>\n<ul>\n<li><strong>Instalaci\u00f3n profesional:<\/strong> Nuestro equipo de profesionales cualificados se encarga de la instalaci\u00f3n de las puertas met\u00e1licas, garantizando que todo el proceso se realice de forma eficiente y sin problemas. Nos aseguramos de que cada puerta est\u00e9 correctamente instalada para ofrecer la m\u00e1xima funcionalidad y seguridad.<\/li>\n<\/ul>\n[\/vc_column_text][\/vc_column][\/vc_row][vc_row full_width=\u00bbstretch_row\u00bb content_placement=\u00bbmiddle\u00bb column_spacing=\u00bb0px\u00bb columns_right=\u00bbyes\u00bb][vc_column width=\u00bb1\/2&#8243;]<figure class=\"vcex-image vcex-module\"><div class=\"vcex-image-inner wpex-relative wpex-inline-block wpex-image-hover opacity\"><img width=\"750\" height=\"1000\" src=\"https:\/\/serralleriamas.com\/wp-content\/uploads\/2024\/05\/Fabrcicacion-e-instalacion-de-Puertas-Metalicas-y-autoportables-2.jpg\" class=\"vcex-image-img wpex-align-middle\" alt=\"Fabrcicaci\u00f3n e instalaci\u00f3n de Puertas Metalicas y autoportables\" loading=\"lazy\" decoding=\"async\" srcset=\"https:\/\/serralleriamas.com\/wp-content\/uploads\/2024\/05\/Fabrcicacion-e-instalacion-de-Puertas-Metalicas-y-autoportables-2.jpg 750w, https:\/\/serralleriamas.com\/wp-content\/uploads\/2024\/05\/Fabrcicacion-e-instalacion-de-Puertas-Metalicas-y-autoportables-2-225x300.jpg 225w, https:\/\/serralleriamas.com\/wp-content\/uploads\/2024\/05\/Fabrcicacion-e-instalacion-de-Puertas-Metalicas-y-autoportables-2-600x800.jpg 600w\" sizes=\"(max-width: 750px) 100vw, 750px\" \/><\/div><\/figure>[\/vc_column][vc_column width=\u00bb1\/2&#8243; css=\u00bb.vc_custom_1707994714017{padding-top: 5% !important;padding-right: 10% !important;padding-bottom: 5% !important;padding-left: 10% !important;}\u00bb]<style>.vcex-heading.vcex_6a03b891156e9{color:#f80404;}<\/style><h3 class=\"vcex-heading vcex-heading-plain vcex-module wpex-heading wpex-text-2xl vcex_6a03b891156e9\"><span class=\"vcex-heading-inner wpex-inline-block\">Tipo de puertas met\u00e1licas que ofrecemos:<\/span><\/h3><div class=\"vcex-spacing wpex-w-100 wpex-clear\" style=\"height:20px;\"><\/div>[vc_column_text font_size=\u00bb14px\u00bb text_align=\u00bbleft\u00bb]\n<ul>\n<li><strong>Puertas autoportantes:<\/strong> La mejor soluci\u00f3n de puertas met\u00e1licas donde exista un tr\u00e1fico de acceso muy frecuente aportando total seguridad.<\/li>\n<\/ul>\n<ul>\n<li><strong>Puertas correderas:<\/strong> Ideales para espacios con limitaciones de espacio, las puertas correderas met\u00e1licas son pr\u00e1cticas y elegantes, ofreciendo una soluci\u00f3n eficiente sin comprometer el estilo.<\/li>\n<\/ul>\n<ul>\n<li><strong>Puertas batientes:<\/strong> Nuestras puertas batientes son una elecci\u00f3n popular por su facilidad de uso y su dise\u00f1o vers\u00e1til. Son perfectas tanto para usos residenciales como comerciales.<\/li>\n<\/ul>\n<ul>\n<li><strong>Puertas de seguridad:<\/strong> Dise\u00f1adas espec\u00edficamente para ofrecer una protecci\u00f3n adicional, estas puertas son ideales para instalaciones en las que la seguridad es una prioridad m\u00e1xima.<\/li>\n<\/ul>\n<ul>\n<li><strong>Puertas industriales:<\/strong> Robusteces y funcionales, nuestras puertas industriales est\u00e1n dise\u00f1adas para soportar condiciones de trabajo exigentes, proporcionando una soluci\u00f3n duradera y fiable.<\/li>\n<\/ul>\n[\/vc_column_text][\/vc_column][\/vc_row][vc_row full_width=\u00bbstretch_row\u00bb content_placement=\u00bbmiddle\u00bb column_spacing=\u00bb0px\u00bb equal_height=\u00bbyes\u00bb][vc_column width=\u00bb1\/6&#8243;][\/vc_column][vc_column width=\u00bb2\/3&#8243; css=\u00bb.vc_custom_1707994698195{padding-top: 5% !important;padding-right: 10% !important;padding-bottom: 5% !important;padding-left: 10% !important;}\u00bb][vc_column_text font_size=\u00bb14px\u00bb text_align=\u00bbleft\u00bb]\n<h2 style=\"text-align: center;\">Puertas met\u00e1licas<\/h2>\n<p style=\"text-align: center;\">Si est\u00e1 buscando puertas met\u00e1licas de calidad superior, no dude en contactar con Cerrajer\u00eda Mas. Nuestro equipo est\u00e1 listo para asesorarle y ofrecerle las mejores soluciones adaptadas a sus necesidades.<\/p>\n<p style=\"text-align: center;\">No importa cu\u00e1l sea su proyecto, en Serralleria Mas tenemos la experiencia y el compromiso para garantizar su satisfacci\u00f3n total. \u00a1D\u00e9jenos ayudarle a encontrar la puerta met\u00e1lica perfecta para usted!<\/p>\n[\/vc_column_text][\/vc_column][vc_column width=\u00bb1\/6&#8243;][\/vc_column][\/vc_row][\/vc_section][vc_row remove_bottom_col_margin=\u00bbtrue\u00bb][vc_column]<div class=\"templatera_shortcode\"><style type=\"text\/css\" data-type=\"vc_shortcodes-custom-css\">.vc_custom_1709195249079{padding-top: 5% !important;padding-bottom: 5% !important;}.vc_custom_1706701808228{padding-bottom: 15px !important;}<\/style><div data-vc-full-width=\"true\" data-vc-full-width-init=\"false\" data-vc-parallax=\"2.5\" data-vc-parallax-image=\"https:\/\/serralleriamas.com\/wp-content\/uploads\/2024\/02\/parallax-cta.jpg\" class=\"vc_row wpb_row vc_row-fluid vc_custom_1709195249079 vc_general vc_parallax vc_parallax-content-moving wpex-vc_row-has-fill wpex-vc-row-stretched no-bottom-margins\"><div class=\"wpb_column vc_column_container vc_col-sm-12\"><div class=\"vc_column-inner\"><div class=\"wpb_wrapper\"><style>.vcex-heading.vcex_6a03b8911c31f{color:#ffffff;font-size:32px;font-family:Karla, sans-serif;font-weight:400;text-transform:uppercase;}<\/style><h2 class=\"vcex-heading vcex-heading-plain vcex-module wpex-heading wpex-text-2xl wpex-text-center vc_custom_1706701808228 vcex_6a03b8911c31f\"><span class=\"vcex-heading-inner wpex-inline-block\">\u00bfNecesitas m\u00e1s informaci\u00f3n?<\/span><\/h2>\n\t<div style=\"color:#ffffff;font-size:18px;font-weight:300;text-align:center;width:500px;\" class=\"wpb_text_column has-custom-color wpex-child-inherit-color wpex-max-w-100 wpex-mx-auto wpb_content_element\" >\n\t\t<div class=\"wpb_wrapper\">\n\t\t\t<p>Si necesitas m\u00e1s informaci\u00f3n, contacta con nosotros y te responderemos lo antes posible.<\/p>\n\n\t\t<\/div>\n\t<\/div>\n<div class=\"vcex-spacing wpex-w-100 wpex-clear\"><\/div><div class=\"theme-button-wrap textcenter wpex-clr\"><a href=\"\/contacte\/\" class=\"vcex-button theme-button minimal-border align-center inline\" style=\"color:#ffffff;border:1px solid #ffffff;font-size:16px;font-weight:400;border-radius:var(--wpex-rounded-full);\" data-wpex-hover='{&quot;background&quot;:&quot;#ffffff&quot;,&quot;color&quot;:&quot;#000000&quot;}'><span class=\"vcex-button-inner theme-button-inner\">Contactar ahora<span class=\"vcex-button-icon vcex-icon-wrap theme-button-icon-right\"><span class=\"ticon ticon-envelope-o\" aria-hidden=\"true\"><\/span><\/span><\/span><\/a><\/div> <\/div><\/div><\/div><\/div><div class=\"vc_row-full-width vc_clearfix\"><\/div><\/div>[\/vc_column][\/vc_row]\n<\/div>","protected":false},"excerpt":{"rendered":"Fabricaci\u00f3n puertas met\u00e1licas En Serralleria Mas, somos expertos en la fabricaci\u00f3n e instalaci\u00f3n de puertas met\u00e1licas de la m\u00e1s alta calidad. Con a\u00f1os de experiencia en el sector, ofrecemos soluciones personalizadas para todos nuestros clientes, asegur\u00e1ndonos que cada proyecto cumpla con los m\u00e1s exigentes est\u00e1ndares de seguridad y durabilidad. \u00bfPor qu\u00e9 elegir nuestras puertas met\u00e1licas?&hellip;","protected":false},"author":1,"featured_media":5856,"parent":0,"menu_order":0,"comment_status":"closed","ping_status":"closed","template":"","meta":{"footnotes":""},"class_list":["post-5845","page","type-page","status-publish","has-post-thumbnail","hentry","entry","has-media"],"yoast_head":"<!-- This site is optimized with the Yoast SEO plugin v23.0 - https:\/\/yoast.com\/wordpress\/plugins\/seo\/ -->\n<title>Puertas met\u00e1licas - Serralleria Mas<\/title>\n<meta name=\"description\" content=\"Expertos en la fabricaci\u00f3n e instalaci\u00f3n de puertas met\u00e1licas de la m\u00e1s alta calidad. Con 75 a\u00f1os de experiencia. Soluciones personalizadas\" \/>\n<meta name=\"robots\" content=\"index, follow, max-snippet:-1, max-image-preview:large, max-video-preview:-1\" \/>\n<link rel=\"canonical\" href=\"https:\/\/serralleriamas.com\/es\/puertas-metalicas\/\" \/>\n<meta property=\"og:locale\" content=\"es_ES\" \/>\n<meta property=\"og:type\" content=\"article\" \/>\n<meta property=\"og:title\" content=\"Puertas met\u00e1licas - Serralleria Mas\" \/>\n<meta property=\"og:description\" content=\"Expertos en la fabricaci\u00f3n e instalaci\u00f3n de puertas met\u00e1licas de la m\u00e1s alta calidad. Con 75 a\u00f1os de experiencia. Soluciones personalizadas\" \/>\n<meta property=\"og:url\" content=\"https:\/\/serralleriamas.com\/es\/puertas-metalicas\/\" \/>\n<meta property=\"og:site_name\" content=\"Serralleria Mas\" \/>\n<meta property=\"article:modified_time\" content=\"2024-05-23T08:44:18+00:00\" \/>\n<meta property=\"og:image\" content=\"https:\/\/serralleriamas.com\/wp-content\/uploads\/2024\/05\/Fabricacio-Puertas-Metalicas-Serralleria-Mas.jpg\" \/>\n\t<meta property=\"og:image:width\" content=\"404\" \/>\n\t<meta property=\"og:image:height\" content=\"404\" \/>\n\t<meta property=\"og:image:type\" content=\"image\/jpeg\" \/>\n<meta name=\"twitter:card\" content=\"summary_large_image\" \/>\n<meta name=\"twitter:label1\" content=\"Tiempo de lectura\" \/>\n\t<meta name=\"twitter:data1\" content=\"5 minutos\" \/>\n<script type=\"application\/ld+json\" class=\"yoast-schema-graph\">{\"@context\":\"https:\/\/schema.org\",\"@graph\":[{\"@type\":\"WebPage\",\"@id\":\"https:\/\/serralleriamas.com\/es\/puertas-metalicas\/\",\"url\":\"https:\/\/serralleriamas.com\/es\/puertas-metalicas\/\",\"name\":\"Puertas met\u00e1licas - Serralleria Mas\",\"isPartOf\":{\"@id\":\"https:\/\/serralleriamas.com\/#website\"},\"primaryImageOfPage\":{\"@id\":\"https:\/\/serralleriamas.com\/es\/puertas-metalicas\/#primaryimage\"},\"image\":{\"@id\":\"https:\/\/serralleriamas.com\/es\/puertas-metalicas\/#primaryimage\"},\"thumbnailUrl\":\"https:\/\/serralleriamas.com\/wp-content\/uploads\/2024\/05\/Fabricacio-Puertas-Metalicas-Serralleria-Mas.jpg\",\"datePublished\":\"2024-05-22T09:59:27+00:00\",\"dateModified\":\"2024-05-23T08:44:18+00:00\",\"description\":\"Expertos en la fabricaci\u00f3n e instalaci\u00f3n de puertas met\u00e1licas de la m\u00e1s alta calidad. Con 75 a\u00f1os de experiencia. Soluciones personalizadas\",\"breadcrumb\":{\"@id\":\"https:\/\/serralleriamas.com\/es\/puertas-metalicas\/#breadcrumb\"},\"inLanguage\":\"es\",\"potentialAction\":[{\"@type\":\"ReadAction\",\"target\":[\"https:\/\/serralleriamas.com\/es\/puertas-metalicas\/\"]}]},{\"@type\":\"ImageObject\",\"inLanguage\":\"es\",\"@id\":\"https:\/\/serralleriamas.com\/es\/puertas-metalicas\/#primaryimage\",\"url\":\"https:\/\/serralleriamas.com\/wp-content\/uploads\/2024\/05\/Fabricacio-Puertas-Metalicas-Serralleria-Mas.jpg\",\"contentUrl\":\"https:\/\/serralleriamas.com\/wp-content\/uploads\/2024\/05\/Fabricacio-Puertas-Metalicas-Serralleria-Mas.jpg\",\"width\":404,\"height\":404,\"caption\":\"Fabricaci\u00f3n Puertas Metalicas\"},{\"@type\":\"BreadcrumbList\",\"@id\":\"https:\/\/serralleriamas.com\/es\/puertas-metalicas\/#breadcrumb\",\"itemListElement\":[{\"@type\":\"ListItem\",\"position\":1,\"name\":\"Home\",\"item\":\"https:\/\/serralleriamas.com\/es\/home-2\/\"},{\"@type\":\"ListItem\",\"position\":2,\"name\":\"Puertas met\u00e1licas\"}]},{\"@type\":\"WebSite\",\"@id\":\"https:\/\/serralleriamas.com\/#website\",\"url\":\"https:\/\/serralleriamas.com\/\",\"name\":\"Serralleria Mas\",\"description\":\"Serveis de serralleria per a professionals i particulars\",\"publisher\":{\"@id\":\"https:\/\/serralleriamas.com\/#organization\"},\"potentialAction\":[{\"@type\":\"SearchAction\",\"target\":{\"@type\":\"EntryPoint\",\"urlTemplate\":\"https:\/\/serralleriamas.com\/?s={search_term_string}\"},\"query-input\":\"required name=search_term_string\"}],\"inLanguage\":\"es\"},{\"@type\":\"Organization\",\"@id\":\"https:\/\/serralleriamas.com\/#organization\",\"name\":\"Serralleria Mas\",\"url\":\"https:\/\/serralleriamas.com\/\",\"logo\":{\"@type\":\"ImageObject\",\"inLanguage\":\"es\",\"@id\":\"https:\/\/serralleriamas.com\/#\/schema\/logo\/image\/\",\"url\":\"https:\/\/serralleriamas.com\/wp-content\/uploads\/2024\/01\/LogotipsenseS.L.U.png\",\"contentUrl\":\"https:\/\/serralleriamas.com\/wp-content\/uploads\/2024\/01\/LogotipsenseS.L.U.png\",\"width\":404,\"height\":308,\"caption\":\"Serralleria Mas\"},\"image\":{\"@id\":\"https:\/\/serralleriamas.com\/#\/schema\/logo\/image\/\"}}]}<\/script>\n<!-- \/ Yoast SEO plugin. -->","yoast_head_json":{"title":"Puertas met\u00e1licas - Serralleria Mas","description":"Expertos en la fabricaci\u00f3n e instalaci\u00f3n de puertas met\u00e1licas de la m\u00e1s alta calidad. Con 75 a\u00f1os de experiencia. Soluciones personalizadas","robots":{"index":"index","follow":"follow","max-snippet":"max-snippet:-1","max-image-preview":"max-image-preview:large","max-video-preview":"max-video-preview:-1"},"canonical":"https:\/\/serralleriamas.com\/es\/puertas-metalicas\/","og_locale":"es_ES","og_type":"article","og_title":"Puertas met\u00e1licas - Serralleria Mas","og_description":"Expertos en la fabricaci\u00f3n e instalaci\u00f3n de puertas met\u00e1licas de la m\u00e1s alta calidad. Con 75 a\u00f1os de experiencia. Soluciones personalizadas","og_url":"https:\/\/serralleriamas.com\/es\/puertas-metalicas\/","og_site_name":"Serralleria Mas","article_modified_time":"2024-05-23T08:44:18+00:00","og_image":[{"width":404,"height":404,"url":"https:\/\/serralleriamas.com\/wp-content\/uploads\/2024\/05\/Fabricacio-Puertas-Metalicas-Serralleria-Mas.jpg","type":"image\/jpeg"}],"twitter_card":"summary_large_image","twitter_misc":{"Tiempo de lectura":"5 minutos"},"schema":{"@context":"https:\/\/schema.org","@graph":[{"@type":"WebPage","@id":"https:\/\/serralleriamas.com\/es\/puertas-metalicas\/","url":"https:\/\/serralleriamas.com\/es\/puertas-metalicas\/","name":"Puertas met\u00e1licas - Serralleria Mas","isPartOf":{"@id":"https:\/\/serralleriamas.com\/#website"},"primaryImageOfPage":{"@id":"https:\/\/serralleriamas.com\/es\/puertas-metalicas\/#primaryimage"},"image":{"@id":"https:\/\/serralleriamas.com\/es\/puertas-metalicas\/#primaryimage"},"thumbnailUrl":"https:\/\/serralleriamas.com\/wp-content\/uploads\/2024\/05\/Fabricacio-Puertas-Metalicas-Serralleria-Mas.jpg","datePublished":"2024-05-22T09:59:27+00:00","dateModified":"2024-05-23T08:44:18+00:00","description":"Expertos en la fabricaci\u00f3n e instalaci\u00f3n de puertas met\u00e1licas de la m\u00e1s alta calidad. Con 75 a\u00f1os de experiencia. Soluciones personalizadas","breadcrumb":{"@id":"https:\/\/serralleriamas.com\/es\/puertas-metalicas\/#breadcrumb"},"inLanguage":"es","potentialAction":[{"@type":"ReadAction","target":["https:\/\/serralleriamas.com\/es\/puertas-metalicas\/"]}]},{"@type":"ImageObject","inLanguage":"es","@id":"https:\/\/serralleriamas.com\/es\/puertas-metalicas\/#primaryimage","url":"https:\/\/serralleriamas.com\/wp-content\/uploads\/2024\/05\/Fabricacio-Puertas-Metalicas-Serralleria-Mas.jpg","contentUrl":"https:\/\/serralleriamas.com\/wp-content\/uploads\/2024\/05\/Fabricacio-Puertas-Metalicas-Serralleria-Mas.jpg","width":404,"height":404,"caption":"Fabricaci\u00f3n Puertas Metalicas"},{"@type":"BreadcrumbList","@id":"https:\/\/serralleriamas.com\/es\/puertas-metalicas\/#breadcrumb","itemListElement":[{"@type":"ListItem","position":1,"name":"Home","item":"https:\/\/serralleriamas.com\/es\/home-2\/"},{"@type":"ListItem","position":2,"name":"Puertas met\u00e1licas"}]},{"@type":"WebSite","@id":"https:\/\/serralleriamas.com\/#website","url":"https:\/\/serralleriamas.com\/","name":"Serralleria Mas","description":"Serveis de serralleria per a professionals i particulars","publisher":{"@id":"https:\/\/serralleriamas.com\/#organization"},"potentialAction":[{"@type":"SearchAction","target":{"@type":"EntryPoint","urlTemplate":"https:\/\/serralleriamas.com\/?s={search_term_string}"},"query-input":"required name=search_term_string"}],"inLanguage":"es"},{"@type":"Organization","@id":"https:\/\/serralleriamas.com\/#organization","name":"Serralleria Mas","url":"https:\/\/serralleriamas.com\/","logo":{"@type":"ImageObject","inLanguage":"es","@id":"https:\/\/serralleriamas.com\/#\/schema\/logo\/image\/","url":"https:\/\/serralleriamas.com\/wp-content\/uploads\/2024\/01\/LogotipsenseS.L.U.png","contentUrl":"https:\/\/serralleriamas.com\/wp-content\/uploads\/2024\/01\/LogotipsenseS.L.U.png","width":404,"height":308,"caption":"Serralleria Mas"},"image":{"@id":"https:\/\/serralleriamas.com\/#\/schema\/logo\/image\/"}}]}},"_links":{"self":[{"href":"https:\/\/serralleriamas.com\/es\/wp-json\/wp\/v2\/pages\/5845"}],"collection":[{"href":"https:\/\/serralleriamas.com\/es\/wp-json\/wp\/v2\/pages"}],"about":[{"href":"https:\/\/serralleriamas.com\/es\/wp-json\/wp\/v2\/types\/page"}],"author":[{"embeddable":true,"href":"https:\/\/serralleriamas.com\/es\/wp-json\/wp\/v2\/users\/1"}],"replies":[{"embeddable":true,"href":"https:\/\/serralleriamas.com\/es\/wp-json\/wp\/v2\/comments?post=5845"}],"version-history":[{"count":4,"href":"https:\/\/serralleriamas.com\/es\/wp-json\/wp\/v2\/pages\/5845\/revisions"}],"predecessor-version":[{"id":5897,"href":"https:\/\/serralleriamas.com\/es\/wp-json\/wp\/v2\/pages\/5845\/revisions\/5897"}],"wp:featuredmedia":[{"embeddable":true,"href":"https:\/\/serralleriamas.com\/es\/wp-json\/wp\/v2\/media\/5856"}],"wp:attachment":[{"href":"https:\/\/serralleriamas.com\/es\/wp-json\/wp\/v2\/media?parent=5845"}],"curies":[{"name":"wp","href":"https:\/\/api.w.org\/{rel}","templated":true}]}}