{"id":5571,"date":"2024-03-18T11:37:51","date_gmt":"2024-03-18T11:37:51","guid":{"rendered":"https:\/\/serralleriamas.com\/manteniment-industrial\/"},"modified":"2024-04-24T04:42:11","modified_gmt":"2024-04-24T04:42:11","slug":"mantenimiento-industrial","status":"publish","type":"page","link":"https:\/\/serralleriamas.com\/es\/mantenimiento-industrial\/","title":{"rendered":"Mantenimiento industrial"},"content":{"rendered":"<div class=\"wpb-content-wrapper\">[vc_row full_width=\u00bbstretch_row\u00bb parallax=\u00bbcontent-moving\u00bb parallax_image=\u00bb5008&#8243; parallax_speed_bg=\u00bb4.5&#8243; remove_bottom_col_margin=\u00bbtrue\u00bb css=\u00bb.vc_custom_1707993414533{padding-top: 50px !important;padding-bottom: 50px !important;background-color: #f7f7f7 !important;}\u00bb][vc_column]<style>.vcex-heading.vcex_69d8b4f58ee93{font-size:25px;font-weight:700;}<\/style><h2 class=\"vcex-heading vcex-heading-plain vcex-heading-w-badge vcex-module wpex-heading wpex-text-2xl wpex-text-center vcex_69d8b4f58ee93\"><span class=\"vcex-heading-inner wpex-inline-block\">Mantenimiento industrial<br \/> <span class=\"vcex-heading-badge wpex-badge\">Soluciones a medida con la m\u00e1xima eficiencia<\/span><\/span><\/h2><div class=\"vcex-module vcex-divider vcex-divider-solid vcex-divider-center wpex-mx-auto wpex-max-w-100 wpex-block wpex-h-0 wpex-border-b wpex-border-solid wpex-border-main\" style=\"width:90px;margin-top:20px;margin-bottom:20px;border-bottom-width:3px;border-color:#f80404;\"><\/div>[vc_column_text font_size=\u00bb17px\u00bb text_align=\u00bbcenter\u00bb]En Serralleria Mas, somos conscientes de que un buen <strong>mantenimiento industrial<\/strong> es clave para la longevidad y el rendimiento \u00f3ptimo de las instalaciones y maquinaria. Nuestra amplia experiencia en el sector nos permite ofrecer servicios completos de mantenimiento adaptados a las necesidades espec\u00edficas de cada cliente. Nuestro objetivo es asegurar el funcionamiento eficaz y continuo de tu operaci\u00f3n, minimizando paros y optimizando la productividad.[\/vc_column_text][\/vc_column][\/vc_row][vc_section css=\u00bb.vc_custom_1708334817233{padding-top: 75px !important;padding-bottom: 75px !important;}\u00bb][vc_row full_width=\u00bbstretch_row\u00bb content_placement=\u00bbmiddle\u00bb column_spacing=\u00bb0px\u00bb equal_height=\u00bbyes\u00bb][vc_column width=\u00bb1\/2&#8243;]<figure class=\"vcex-image vcex-module\"><div class=\"vcex-image-inner wpex-relative wpex-inline-block wpex-image-hover opacity\"><img width=\"1026\" height=\"769\" src=\"https:\/\/serralleriamas.com\/wp-content\/uploads\/2024\/03\/manteniment-industrial-Serralleria-Mas.webp\" class=\"vcex-image-img wpex-align-middle\" alt=\"manteniment industrial\" loading=\"lazy\" decoding=\"async\" srcset=\"https:\/\/serralleriamas.com\/wp-content\/uploads\/2024\/03\/manteniment-industrial-Serralleria-Mas.webp 1026w, https:\/\/serralleriamas.com\/wp-content\/uploads\/2024\/03\/manteniment-industrial-Serralleria-Mas-300x225.webp 300w, https:\/\/serralleriamas.com\/wp-content\/uploads\/2024\/03\/manteniment-industrial-Serralleria-Mas-1024x768.webp 1024w, https:\/\/serralleriamas.com\/wp-content\/uploads\/2024\/03\/manteniment-industrial-Serralleria-Mas-768x576.webp 768w, https:\/\/serralleriamas.com\/wp-content\/uploads\/2024\/03\/manteniment-industrial-Serralleria-Mas-600x450.webp 600w\" sizes=\"(max-width: 1026px) 100vw, 1026px\" \/><\/div><\/figure>[\/vc_column][vc_column width=\u00bb1\/2&#8243; css=\u00bb.vc_custom_1707994698195{padding-top: 5% !important;padding-right: 10% !important;padding-bottom: 5% !important;padding-left: 10% !important;}\u00bb]<style>.vcex-heading.vcex_69d8b4f595b9b{color:#f80404;}<\/style><h3 class=\"vcex-heading vcex-heading-plain vcex-module wpex-heading wpex-text-2xl vcex_69d8b4f595b9b\"><span class=\"vcex-heading-inner wpex-inline-block\">Mantenimiento preventivo<\/span><\/h3><div class=\"vcex-spacing wpex-w-100 wpex-clear\" style=\"height:20px;\"><\/div>[vc_column_text font_size=\u00bb14px\u00bb text_align=\u00bbleft\u00bb]Nuestro servicio de <strong>mantenimiento preventivo<\/strong> est\u00e1 dise\u00f1ado para evitar aver\u00edas antes de que sucedan. Realizamos revisiones peri\u00f3dicas seg\u00fan una frecuencia pautada, ajust\u00e1ndonos a las especificaciones de cada equipo e instalaci\u00f3n. Este enfoque proactivo ayuda a alargar la vida \u00fatil de los equipos, mejora la seguridad y reduce los costes asociados a reparaciones de emergencia.[\/vc_column_text][\/vc_column][\/vc_row][vc_row full_width=\u00bbstretch_row\u00bb content_placement=\u00bbmiddle\u00bb column_spacing=\u00bb0px\u00bb columns_right=\u00bbyes\u00bb][vc_column width=\u00bb1\/2&#8243;]<figure class=\"vcex-image vcex-module\"><div class=\"vcex-image-inner wpex-relative wpex-inline-block wpex-image-hover opacity\"><img width=\"500\" height=\"500\" src=\"https:\/\/serralleriamas.com\/wp-content\/uploads\/2024\/03\/Manteniment-Industrial-Serralleria-Mas.jpg\" class=\"vcex-image-img wpex-align-middle\" alt=\"Manteniment Industrial correctiu\" loading=\"lazy\" decoding=\"async\" srcset=\"https:\/\/serralleriamas.com\/wp-content\/uploads\/2024\/03\/Manteniment-Industrial-Serralleria-Mas.jpg 500w, https:\/\/serralleriamas.com\/wp-content\/uploads\/2024\/03\/Manteniment-Industrial-Serralleria-Mas-300x300.jpg 300w, https:\/\/serralleriamas.com\/wp-content\/uploads\/2024\/03\/Manteniment-Industrial-Serralleria-Mas-150x150.jpg 150w, https:\/\/serralleriamas.com\/wp-content\/uploads\/2024\/03\/Manteniment-Industrial-Serralleria-Mas-100x100.jpg 100w\" sizes=\"(max-width: 500px) 100vw, 500px\" \/><\/div><\/figure>[\/vc_column][vc_column width=\u00bb1\/2&#8243; css=\u00bb.vc_custom_1707994714017{padding-top: 5% !important;padding-right: 10% !important;padding-bottom: 5% !important;padding-left: 10% !important;}\u00bb]<style>.vcex-heading.vcex_69d8b4f5987f9{color:#f80404;}<\/style><h3 class=\"vcex-heading vcex-heading-plain vcex-module wpex-heading wpex-text-2xl vcex_69d8b4f5987f9\"><span class=\"vcex-heading-inner wpex-inline-block\">Mantenimiento correctivo<\/span><\/h3><div class=\"vcex-spacing wpex-w-100 wpex-clear\" style=\"height:20px;\"><\/div>[vc_column_text font_size=\u00bb14px\u00bb text_align=\u00bbleft\u00bb]Cuando se presentan incidencias o aver\u00edas, nuestro equipo de profesionales est\u00e1 preparado para actuar de forma r\u00e1pida y eficaz. El servicio de <strong>mantenimiento correctivo<\/strong> de Cerrajer\u00eda Mas incluye el diagn\u00f3stico preciso del problema y la reparaci\u00f3n o sustituci\u00f3n de los componentes afectados, con el objetivo de restablecer el funcionamiento normal de la maquinaria con la m\u00ednima interrupci\u00f3n posible.[\/vc_column_text][\/vc_column][\/vc_row][vc_row full_width=\u00bbstretch_row\u00bb content_placement=\u00bbmiddle\u00bb column_spacing=\u00bb0px\u00bb equal_height=\u00bbyes\u00bb][vc_column width=\u00bb1\/2&#8243;]<figure class=\"vcex-image vcex-module\"><div class=\"vcex-image-inner wpex-relative wpex-inline-block wpex-image-hover opacity\"><img width=\"1200\" height=\"900\" src=\"https:\/\/serralleriamas.com\/wp-content\/uploads\/2024\/02\/img-pagina-serveis-3.jpg\" class=\"vcex-image-img wpex-align-middle\" alt=\"Manteniment Industrial - Sales Blanques\" loading=\"lazy\" decoding=\"async\" srcset=\"https:\/\/serralleriamas.com\/wp-content\/uploads\/2024\/02\/img-pagina-serveis-3.jpg 1200w, https:\/\/serralleriamas.com\/wp-content\/uploads\/2024\/02\/img-pagina-serveis-3-300x225.jpg 300w, https:\/\/serralleriamas.com\/wp-content\/uploads\/2024\/02\/img-pagina-serveis-3-1024x768.jpg 1024w, https:\/\/serralleriamas.com\/wp-content\/uploads\/2024\/02\/img-pagina-serveis-3-768x576.jpg 768w, https:\/\/serralleriamas.com\/wp-content\/uploads\/2024\/02\/img-pagina-serveis-3-600x450.jpg 600w\" sizes=\"(max-width: 1200px) 100vw, 1200px\" \/><\/div><\/figure>[\/vc_column][vc_column width=\u00bb1\/2&#8243; css=\u00bb.vc_custom_1707994698195{padding-top: 5% !important;padding-right: 10% !important;padding-bottom: 5% !important;padding-left: 10% !important;}\u00bb]<style>.vcex-heading.vcex_69d8b4f59ad19{color:#f80404;}<\/style><h3 class=\"vcex-heading vcex-heading-plain vcex-module wpex-heading wpex-text-2xl vcex_69d8b4f59ad19\"><span class=\"vcex-heading-inner wpex-inline-block\">Mantenimiento de salas blancas<\/span><\/h3><div class=\"vcex-spacing wpex-w-100 wpex-clear\" style=\"height:20px;\"><\/div>[vc_column_text font_size=\u00bb14px\u00bb text_align=\u00bbleft\u00bb]Entendemos la importancia cr\u00edtica del <strong>mantenimiento en salas blancas<\/strong> , donde la purea del aire y las condiciones ambientales son esenciales. Nuestro equipo dispone de la formaci\u00f3n y equipos necesarios para realizar mantenimientos que cumplen con los m\u00e1s altos est\u00e1ndares de calidad y seguridad, garantizando la integridad de tus procesos y productos.[\/vc_column_text][\/vc_column][\/vc_row][vc_row full_width=\u00bbstretch_row\u00bb content_placement=\u00bbmiddle\u00bb column_spacing=\u00bb0px\u00bb equal_height=\u00bbyes\u00bb columns_right=\u00bbyes\u00bb][vc_column width=\u00bb1\/2&#8243;]<figure class=\"vcex-image vcex-module\"><div class=\"vcex-image-inner wpex-relative wpex-inline-block wpex-image-hover opacity\"><img width=\"1000\" height=\"1000\" src=\"https:\/\/serralleriamas.com\/wp-content\/uploads\/2024\/01\/img-serveis-3.jpg\" class=\"vcex-image-img wpex-align-middle\" alt=\"Plans de manteniment a mida\" loading=\"lazy\" decoding=\"async\" srcset=\"https:\/\/serralleriamas.com\/wp-content\/uploads\/2024\/01\/img-serveis-3.jpg 1000w, https:\/\/serralleriamas.com\/wp-content\/uploads\/2024\/01\/img-serveis-3-300x300.jpg 300w, https:\/\/serralleriamas.com\/wp-content\/uploads\/2024\/01\/img-serveis-3-150x150.jpg 150w, https:\/\/serralleriamas.com\/wp-content\/uploads\/2024\/01\/img-serveis-3-768x768.jpg 768w, https:\/\/serralleriamas.com\/wp-content\/uploads\/2024\/01\/img-serveis-3-600x600.jpg 600w, https:\/\/serralleriamas.com\/wp-content\/uploads\/2024\/01\/img-serveis-3-100x100.jpg 100w\" sizes=\"(max-width: 1000px) 100vw, 1000px\" \/><\/div><\/figure>[\/vc_column][vc_column width=\u00bb1\/2&#8243; css=\u00bb.vc_custom_1707994698195{padding-top: 5% !important;padding-right: 10% !important;padding-bottom: 5% !important;padding-left: 10% !important;}\u00bb]<style>.vcex-heading.vcex_69d8b4f59d190{color:#f80404;}<\/style><h3 class=\"vcex-heading vcex-heading-plain vcex-module wpex-heading wpex-text-2xl vcex_69d8b4f59d190\"><span class=\"vcex-heading-inner wpex-inline-block\">Planes de mantenimiento personalizados<br \/><\/span><\/h3><div class=\"vcex-spacing wpex-w-100 wpex-clear\" style=\"height:20px;\"><\/div>[vc_column_text font_size=\u00bb14px\u00bb text_align=\u00bbleft\u00bb]En Serralleria Mas, creamos <strong>planes de mantenimiento a medida<\/strong> , dise\u00f1ados para adaptarse a las necesidades \u00fanicas de tu operaci\u00f3n. Esta planificaci\u00f3n detallada permite una gesti\u00f3n eficiente del mantenimiento, optimizando los recursos y asegurando una operativa ininterrumpida.[\/vc_column_text][\/vc_column][\/vc_row][vc_row full_width=\u00bbstretch_row\u00bb content_placement=\u00bbmiddle\u00bb column_spacing=\u00bb0px\u00bb equal_height=\u00bbyes\u00bb][vc_column width=\u00bb1\/2&#8243;]<figure class=\"vcex-image vcex-module\"><div class=\"vcex-image-inner wpex-relative wpex-inline-block wpex-image-hover opacity\"><img width=\"1000\" height=\"667\" src=\"https:\/\/serralleriamas.com\/wp-content\/uploads\/2024\/02\/img-sectors-aplicacio-3.jpg\" class=\"vcex-image-img wpex-align-middle\" alt=\"muntatge i desmontatge maquinaria\" loading=\"lazy\" decoding=\"async\" srcset=\"https:\/\/serralleriamas.com\/wp-content\/uploads\/2024\/02\/img-sectors-aplicacio-3.jpg 1000w, https:\/\/serralleriamas.com\/wp-content\/uploads\/2024\/02\/img-sectors-aplicacio-3-300x200.jpg 300w, https:\/\/serralleriamas.com\/wp-content\/uploads\/2024\/02\/img-sectors-aplicacio-3-768x512.jpg 768w, https:\/\/serralleriamas.com\/wp-content\/uploads\/2024\/02\/img-sectors-aplicacio-3-600x400.jpg 600w\" sizes=\"(max-width: 1000px) 100vw, 1000px\" \/><\/div><\/figure>[\/vc_column][vc_column width=\u00bb1\/2&#8243; css=\u00bb.vc_custom_1707994698195{padding-top: 5% !important;padding-right: 10% !important;padding-bottom: 5% !important;padding-left: 10% !important;}\u00bb]<style>.vcex-heading.vcex_69d8b4f59fb82{color:#f80404;}<\/style><h3 class=\"vcex-heading vcex-heading-plain vcex-module wpex-heading wpex-text-2xl vcex_69d8b4f59fb82\"><span class=\"vcex-heading-inner wpex-inline-block\">Montaje y desmontaje de maquinaria<\/span><\/h3><div class=\"vcex-spacing wpex-w-100 wpex-clear\" style=\"height:20px;\"><\/div>[vc_column_text font_size=\u00bb14px\u00bb text_align=\u00bbleft\u00bb]Ofrecemos tambi\u00e9n servicios especializados de <strong>montaje y desmontaje de maquinaria<\/strong> , asegurando una instalaci\u00f3n correcta y optimizando el rendimiento desde el primer momento. Nuestro equipo tiene la experiencia necesaria para gestionar tanto la implementaci\u00f3n de nuevas maquinarias como la reubicaci\u00f3n o retirada de las existentes.[\/vc_column_text][\/vc_column][\/vc_row][vc_row full_width=\u00bbstretch_row\u00bb content_placement=\u00bbmiddle\u00bb column_spacing=\u00bb0px\u00bb equal_height=\u00bbyes\u00bb][vc_column width=\u00bb1\/6&#8243;][\/vc_column][vc_column width=\u00bb2\/3&#8243; css=\u00bb.vc_custom_1707994698195{padding-top: 5% !important;padding-right: 10% !important;padding-bottom: 5% !important;padding-left: 10% !important;}\u00bb][vc_column_text font_size=\u00bb14px\u00bb text_align=\u00bbleft\u00bb]\n<h3 style=\"text-align: center;\"><strong>En Cerrajer\u00eda Mas, tu \u00e9xito industrial es nuestra prioridad.<\/strong><\/h3>\n<p style=\"text-align: center;\"> Nuestro compromiso con la calidad y la eficiencia en cada proyecto de mantenimiento industrial nos posiciona como socio de confianza. Descubre c\u00f3mo podemos ayudarte a mantener tu operaci\u00f3n al m\u00e1ximo rendimiento.<\/p>\n[\/vc_column_text][\/vc_column][vc_column width=\u00bb1\/6&#8243;][\/vc_column][\/vc_row][\/vc_section][vc_row remove_bottom_col_margin=\u00bbtrue\u00bb][vc_column]<div class=\"templatera_shortcode\"><style type=\"text\/css\" data-type=\"vc_shortcodes-custom-css\">.vc_custom_1709195249079{padding-top: 5% !important;padding-bottom: 5% !important;}.vc_custom_1706701808228{padding-bottom: 15px !important;}<\/style><div data-vc-full-width=\"true\" data-vc-full-width-init=\"false\" data-vc-parallax=\"2.5\" data-vc-parallax-image=\"https:\/\/serralleriamas.com\/wp-content\/uploads\/2024\/02\/parallax-cta.jpg\" class=\"vc_row wpb_row vc_row-fluid vc_custom_1709195249079 vc_general vc_parallax vc_parallax-content-moving wpex-vc_row-has-fill wpex-vc-row-stretched no-bottom-margins\"><div class=\"wpb_column vc_column_container vc_col-sm-12\"><div class=\"vc_column-inner\"><div class=\"wpb_wrapper\"><style>.vcex-heading.vcex_69d8b4f5a5382{color:#ffffff;font-size:32px;font-family:Karla, sans-serif;font-weight:400;text-transform:uppercase;}<\/style><h2 class=\"vcex-heading vcex-heading-plain vcex-module wpex-heading wpex-text-2xl wpex-text-center vc_custom_1706701808228 vcex_69d8b4f5a5382\"><span class=\"vcex-heading-inner wpex-inline-block\">\u00bfNecesitas m\u00e1s informaci\u00f3n?<\/span><\/h2>\n\t<div style=\"color:#ffffff;font-size:18px;font-weight:300;text-align:center;width:500px;\" class=\"wpb_text_column has-custom-color wpex-child-inherit-color wpex-max-w-100 wpex-mx-auto wpb_content_element\" >\n\t\t<div class=\"wpb_wrapper\">\n\t\t\t<p>Si necesitas m\u00e1s informaci\u00f3n, contacta con nosotros y te responderemos lo antes posible.<\/p>\n\n\t\t<\/div>\n\t<\/div>\n<div class=\"vcex-spacing wpex-w-100 wpex-clear\"><\/div><div class=\"theme-button-wrap textcenter wpex-clr\"><a href=\"\/contacte\/\" class=\"vcex-button theme-button minimal-border align-center inline\" style=\"color:#ffffff;border:1px solid #ffffff;font-size:16px;font-weight:400;border-radius:var(--wpex-rounded-full);\" data-wpex-hover='{&quot;background&quot;:&quot;#ffffff&quot;,&quot;color&quot;:&quot;#000000&quot;}'><span class=\"vcex-button-inner theme-button-inner\">Contactar ahora<span class=\"vcex-button-icon vcex-icon-wrap theme-button-icon-right\"><span class=\"ticon ticon-envelope-o\" aria-hidden=\"true\"><\/span><\/span><\/span><\/a><\/div> <\/div><\/div><\/div><\/div><div class=\"vc_row-full-width vc_clearfix\"><\/div><\/div>[\/vc_column][\/vc_row]\n<\/div>","protected":false},"excerpt":{"rendered":"Mantenimiento industrial Soluciones a medida con la m\u00e1xima eficiencia En Serralleria Mas, somos conscientes de que un buen mantenimiento industrial es clave para la longevidad y el rendimiento \u00f3ptimo de las instalaciones y maquinaria. Nuestra amplia experiencia en el sector nos permite ofrecer servicios completos de mantenimiento adaptados a las necesidades espec\u00edficas de cada cliente.&hellip;","protected":false},"author":1,"featured_media":5335,"parent":0,"menu_order":0,"comment_status":"closed","ping_status":"closed","template":"","meta":{"footnotes":""},"class_list":["post-5571","page","type-page","status-publish","has-post-thumbnail","hentry","entry","has-media"],"yoast_head":"<!-- This site is optimized with the Yoast SEO plugin v23.0 - https:\/\/yoast.com\/wordpress\/plugins\/seo\/ -->\n<title>Empresa de Mantenimiento industrial - Serralleria Mas<\/title>\n<meta name=\"description\" content=\"Descubre servicios de mantenimiento industrial en Serralleria Mas: preventivo, correctivo, y especializado en salas blancas. Soluciones eficaces\" \/>\n<meta name=\"robots\" content=\"index, follow, max-snippet:-1, max-image-preview:large, max-video-preview:-1\" \/>\n<link rel=\"canonical\" href=\"https:\/\/serralleriamas.com\/es\/mantenimiento-industrial\/\" \/>\n<meta property=\"og:locale\" content=\"es_ES\" \/>\n<meta property=\"og:type\" content=\"article\" \/>\n<meta property=\"og:title\" content=\"Empresa de Mantenimiento industrial - Serralleria Mas\" \/>\n<meta property=\"og:description\" content=\"Descubre servicios de mantenimiento industrial en Serralleria Mas: preventivo, correctivo, y especializado en salas blancas. Soluciones eficaces\" \/>\n<meta property=\"og:url\" content=\"https:\/\/serralleriamas.com\/es\/mantenimiento-industrial\/\" \/>\n<meta property=\"og:site_name\" content=\"Serralleria Mas\" \/>\n<meta property=\"article:modified_time\" content=\"2024-04-24T04:42:11+00:00\" \/>\n<meta property=\"og:image\" content=\"https:\/\/serralleriamas.com\/wp-content\/uploads\/2024\/01\/LogotipsenseS.L.U.png\" \/>\n\t<meta property=\"og:image:width\" content=\"404\" \/>\n\t<meta property=\"og:image:height\" content=\"308\" \/>\n\t<meta property=\"og:image:type\" content=\"image\/png\" \/>\n<meta name=\"twitter:card\" content=\"summary_large_image\" \/>\n<meta name=\"twitter:label1\" content=\"Tiempo de lectura\" \/>\n\t<meta name=\"twitter:data1\" content=\"5 minutos\" \/>\n<script type=\"application\/ld+json\" class=\"yoast-schema-graph\">{\"@context\":\"https:\/\/schema.org\",\"@graph\":[{\"@type\":\"WebPage\",\"@id\":\"https:\/\/serralleriamas.com\/es\/mantenimiento-industrial\/\",\"url\":\"https:\/\/serralleriamas.com\/es\/mantenimiento-industrial\/\",\"name\":\"Empresa de Mantenimiento industrial - Serralleria Mas\",\"isPartOf\":{\"@id\":\"https:\/\/serralleriamas.com\/#website\"},\"primaryImageOfPage\":{\"@id\":\"https:\/\/serralleriamas.com\/es\/mantenimiento-industrial\/#primaryimage\"},\"image\":{\"@id\":\"https:\/\/serralleriamas.com\/es\/mantenimiento-industrial\/#primaryimage\"},\"thumbnailUrl\":\"https:\/\/serralleriamas.com\/wp-content\/uploads\/2024\/01\/LogotipsenseS.L.U.png\",\"datePublished\":\"2024-03-18T11:37:51+00:00\",\"dateModified\":\"2024-04-24T04:42:11+00:00\",\"description\":\"Descubre servicios de mantenimiento industrial en Serralleria Mas: preventivo, correctivo, y especializado en salas blancas. Soluciones eficaces\",\"breadcrumb\":{\"@id\":\"https:\/\/serralleriamas.com\/es\/mantenimiento-industrial\/#breadcrumb\"},\"inLanguage\":\"es\",\"potentialAction\":[{\"@type\":\"ReadAction\",\"target\":[\"https:\/\/serralleriamas.com\/es\/mantenimiento-industrial\/\"]}]},{\"@type\":\"ImageObject\",\"inLanguage\":\"es\",\"@id\":\"https:\/\/serralleriamas.com\/es\/mantenimiento-industrial\/#primaryimage\",\"url\":\"https:\/\/serralleriamas.com\/wp-content\/uploads\/2024\/01\/LogotipsenseS.L.U.png\",\"contentUrl\":\"https:\/\/serralleriamas.com\/wp-content\/uploads\/2024\/01\/LogotipsenseS.L.U.png\",\"width\":404,\"height\":308,\"caption\":\"Manteniment Industrial\"},{\"@type\":\"BreadcrumbList\",\"@id\":\"https:\/\/serralleriamas.com\/es\/mantenimiento-industrial\/#breadcrumb\",\"itemListElement\":[{\"@type\":\"ListItem\",\"position\":1,\"name\":\"Home\",\"item\":\"https:\/\/serralleriamas.com\/es\/home-2\/\"},{\"@type\":\"ListItem\",\"position\":2,\"name\":\"Mantenimiento industrial\"}]},{\"@type\":\"WebSite\",\"@id\":\"https:\/\/serralleriamas.com\/#website\",\"url\":\"https:\/\/serralleriamas.com\/\",\"name\":\"Serralleria Mas\",\"description\":\"Serveis de serralleria per a professionals i particulars\",\"publisher\":{\"@id\":\"https:\/\/serralleriamas.com\/#organization\"},\"potentialAction\":[{\"@type\":\"SearchAction\",\"target\":{\"@type\":\"EntryPoint\",\"urlTemplate\":\"https:\/\/serralleriamas.com\/?s={search_term_string}\"},\"query-input\":\"required name=search_term_string\"}],\"inLanguage\":\"es\"},{\"@type\":\"Organization\",\"@id\":\"https:\/\/serralleriamas.com\/#organization\",\"name\":\"Serralleria Mas\",\"url\":\"https:\/\/serralleriamas.com\/\",\"logo\":{\"@type\":\"ImageObject\",\"inLanguage\":\"es\",\"@id\":\"https:\/\/serralleriamas.com\/#\/schema\/logo\/image\/\",\"url\":\"https:\/\/serralleriamas.com\/wp-content\/uploads\/2024\/01\/LogotipsenseS.L.U.png\",\"contentUrl\":\"https:\/\/serralleriamas.com\/wp-content\/uploads\/2024\/01\/LogotipsenseS.L.U.png\",\"width\":404,\"height\":308,\"caption\":\"Serralleria Mas\"},\"image\":{\"@id\":\"https:\/\/serralleriamas.com\/#\/schema\/logo\/image\/\"}}]}<\/script>\n<!-- \/ Yoast SEO plugin. -->","yoast_head_json":{"title":"Empresa de Mantenimiento industrial - Serralleria Mas","description":"Descubre servicios de mantenimiento industrial en Serralleria Mas: preventivo, correctivo, y especializado en salas blancas. Soluciones eficaces","robots":{"index":"index","follow":"follow","max-snippet":"max-snippet:-1","max-image-preview":"max-image-preview:large","max-video-preview":"max-video-preview:-1"},"canonical":"https:\/\/serralleriamas.com\/es\/mantenimiento-industrial\/","og_locale":"es_ES","og_type":"article","og_title":"Empresa de Mantenimiento industrial - Serralleria Mas","og_description":"Descubre servicios de mantenimiento industrial en Serralleria Mas: preventivo, correctivo, y especializado en salas blancas. Soluciones eficaces","og_url":"https:\/\/serralleriamas.com\/es\/mantenimiento-industrial\/","og_site_name":"Serralleria Mas","article_modified_time":"2024-04-24T04:42:11+00:00","og_image":[{"width":404,"height":308,"url":"https:\/\/serralleriamas.com\/wp-content\/uploads\/2024\/01\/LogotipsenseS.L.U.png","type":"image\/png"}],"twitter_card":"summary_large_image","twitter_misc":{"Tiempo de lectura":"5 minutos"},"schema":{"@context":"https:\/\/schema.org","@graph":[{"@type":"WebPage","@id":"https:\/\/serralleriamas.com\/es\/mantenimiento-industrial\/","url":"https:\/\/serralleriamas.com\/es\/mantenimiento-industrial\/","name":"Empresa de Mantenimiento industrial - Serralleria Mas","isPartOf":{"@id":"https:\/\/serralleriamas.com\/#website"},"primaryImageOfPage":{"@id":"https:\/\/serralleriamas.com\/es\/mantenimiento-industrial\/#primaryimage"},"image":{"@id":"https:\/\/serralleriamas.com\/es\/mantenimiento-industrial\/#primaryimage"},"thumbnailUrl":"https:\/\/serralleriamas.com\/wp-content\/uploads\/2024\/01\/LogotipsenseS.L.U.png","datePublished":"2024-03-18T11:37:51+00:00","dateModified":"2024-04-24T04:42:11+00:00","description":"Descubre servicios de mantenimiento industrial en Serralleria Mas: preventivo, correctivo, y especializado en salas blancas. Soluciones eficaces","breadcrumb":{"@id":"https:\/\/serralleriamas.com\/es\/mantenimiento-industrial\/#breadcrumb"},"inLanguage":"es","potentialAction":[{"@type":"ReadAction","target":["https:\/\/serralleriamas.com\/es\/mantenimiento-industrial\/"]}]},{"@type":"ImageObject","inLanguage":"es","@id":"https:\/\/serralleriamas.com\/es\/mantenimiento-industrial\/#primaryimage","url":"https:\/\/serralleriamas.com\/wp-content\/uploads\/2024\/01\/LogotipsenseS.L.U.png","contentUrl":"https:\/\/serralleriamas.com\/wp-content\/uploads\/2024\/01\/LogotipsenseS.L.U.png","width":404,"height":308,"caption":"Manteniment Industrial"},{"@type":"BreadcrumbList","@id":"https:\/\/serralleriamas.com\/es\/mantenimiento-industrial\/#breadcrumb","itemListElement":[{"@type":"ListItem","position":1,"name":"Home","item":"https:\/\/serralleriamas.com\/es\/home-2\/"},{"@type":"ListItem","position":2,"name":"Mantenimiento industrial"}]},{"@type":"WebSite","@id":"https:\/\/serralleriamas.com\/#website","url":"https:\/\/serralleriamas.com\/","name":"Serralleria Mas","description":"Serveis de serralleria per a professionals i particulars","publisher":{"@id":"https:\/\/serralleriamas.com\/#organization"},"potentialAction":[{"@type":"SearchAction","target":{"@type":"EntryPoint","urlTemplate":"https:\/\/serralleriamas.com\/?s={search_term_string}"},"query-input":"required name=search_term_string"}],"inLanguage":"es"},{"@type":"Organization","@id":"https:\/\/serralleriamas.com\/#organization","name":"Serralleria Mas","url":"https:\/\/serralleriamas.com\/","logo":{"@type":"ImageObject","inLanguage":"es","@id":"https:\/\/serralleriamas.com\/#\/schema\/logo\/image\/","url":"https:\/\/serralleriamas.com\/wp-content\/uploads\/2024\/01\/LogotipsenseS.L.U.png","contentUrl":"https:\/\/serralleriamas.com\/wp-content\/uploads\/2024\/01\/LogotipsenseS.L.U.png","width":404,"height":308,"caption":"Serralleria Mas"},"image":{"@id":"https:\/\/serralleriamas.com\/#\/schema\/logo\/image\/"}}]}},"_links":{"self":[{"href":"https:\/\/serralleriamas.com\/es\/wp-json\/wp\/v2\/pages\/5571"}],"collection":[{"href":"https:\/\/serralleriamas.com\/es\/wp-json\/wp\/v2\/pages"}],"about":[{"href":"https:\/\/serralleriamas.com\/es\/wp-json\/wp\/v2\/types\/page"}],"author":[{"embeddable":true,"href":"https:\/\/serralleriamas.com\/es\/wp-json\/wp\/v2\/users\/1"}],"replies":[{"embeddable":true,"href":"https:\/\/serralleriamas.com\/es\/wp-json\/wp\/v2\/comments?post=5571"}],"version-history":[{"count":3,"href":"https:\/\/serralleriamas.com\/es\/wp-json\/wp\/v2\/pages\/5571\/revisions"}],"predecessor-version":[{"id":5589,"href":"https:\/\/serralleriamas.com\/es\/wp-json\/wp\/v2\/pages\/5571\/revisions\/5589"}],"wp:featuredmedia":[{"embeddable":true,"href":"https:\/\/serralleriamas.com\/es\/wp-json\/wp\/v2\/media\/5335"}],"wp:attachment":[{"href":"https:\/\/serralleriamas.com\/es\/wp-json\/wp\/v2\/media?parent=5571"}],"curies":[{"name":"wp","href":"https:\/\/api.w.org\/{rel}","templated":true}]}}