{"id":5568,"date":"2024-04-17T10:44:49","date_gmt":"2024-04-17T10:44:49","guid":{"rendered":"https:\/\/serralleriamas.com\/cintes-transportadores-industrials\/"},"modified":"2024-04-24T04:42:24","modified_gmt":"2024-04-24T04:42:24","slug":"cintas-transportadoras-industriales","status":"publish","type":"page","link":"https:\/\/serralleriamas.com\/es\/cintas-transportadoras-industriales\/","title":{"rendered":"Cintas transportadoras industriales"},"content":{"rendered":"<div class=\"wpb-content-wrapper\">[vc_row full_width=\u00bbstretch_row\u00bb parallax=\u00bbcontent-moving\u00bb parallax_speed_bg=\u00bb4.5&#8243; remove_bottom_col_margin=\u00bbtrue\u00bb css=\u00bb.vc_custom_1713859241359{padding-top: 50px !important;padding-bottom: 50px !important;background-color: #f7f7f7 !important;}\u00bb][vc_column]<style>.vcex-heading.vcex_69f2ffcea3e35{font-size:25px;font-weight:700;}<\/style><h2 class=\"vcex-heading vcex-heading-plain vcex-module wpex-heading wpex-text-2xl wpex-text-center vcex_69f2ffcea3e35\"><span class=\"vcex-heading-inner wpex-inline-block\">Cintas Transportadoras Industriales<\/span><\/h2><div class=\"vcex-module vcex-divider vcex-divider-solid vcex-divider-center wpex-mx-auto wpex-max-w-100 wpex-block wpex-h-0 wpex-border-b wpex-border-solid wpex-border-main\" style=\"width:90px;margin-top:20px;margin-bottom:20px;border-bottom-width:3px;border-color:#f80404;\"><\/div>[vc_column_text font_size=\u00bb17px\u00bb text_align=\u00bbcenter\u00bb]En Serralleria Mas, nos especializamos en el <strong>dise\u00f1o, fabricaci\u00f3n e instalaci\u00f3n de cintas transportadoras industriales<\/strong> adaptadas a las necesidades espec\u00edficas de cada sector. Con a\u00f1os de experiencia y profundo conocimiento t\u00e9cnico, ofrecemos soluciones personalizadas que optimizan los procesos de producci\u00f3n y log\u00edstica de tu empresa.[\/vc_column_text][\/vc_column][\/vc_row][vc_section css=\u00bb.vc_custom_1708334817233{padding-top: 75px !important;padding-bottom: 75px !important;}\u00bb][vc_row full_width=\u00bbstretch_row\u00bb content_placement=\u00bbmiddle\u00bb column_spacing=\u00bb0px\u00bb equal_height=\u00bbyes\u00bb][vc_column width=\u00bb1\/2&#8243;]<figure class=\"vcex-image vcex-module\"><div class=\"vcex-image-inner wpex-relative wpex-inline-block wpex-image-hover opacity\"><img width=\"838\" height=\"553\" src=\"https:\/\/serralleriamas.com\/wp-content\/uploads\/2024\/04\/cinta-transportadora-industria-Serralleria-Mas.png\" class=\"vcex-image-img wpex-align-middle\" alt=\"cinta transportadora industrial\" loading=\"lazy\" decoding=\"async\" srcset=\"https:\/\/serralleriamas.com\/wp-content\/uploads\/2024\/04\/cinta-transportadora-industria-Serralleria-Mas.png 838w, https:\/\/serralleriamas.com\/wp-content\/uploads\/2024\/04\/cinta-transportadora-industria-Serralleria-Mas-300x198.png 300w, https:\/\/serralleriamas.com\/wp-content\/uploads\/2024\/04\/cinta-transportadora-industria-Serralleria-Mas-768x507.png 768w, https:\/\/serralleriamas.com\/wp-content\/uploads\/2024\/04\/cinta-transportadora-industria-Serralleria-Mas-600x396.png 600w\" sizes=\"(max-width: 838px) 100vw, 838px\" \/><\/div><\/figure>[\/vc_column][vc_column width=\u00bb1\/2&#8243; css=\u00bb.vc_custom_1707994698195{padding-top: 5% !important;padding-right: 10% !important;padding-bottom: 5% !important;padding-left: 10% !important;}\u00bb]<style>.vcex-heading.vcex_69f2ffcea7e56{color:#f80404;}<\/style><h3 class=\"vcex-heading vcex-heading-plain vcex-module wpex-heading wpex-text-2xl vcex_69f2ffcea7e56\"><span class=\"vcex-heading-inner wpex-inline-block\">\u00bfQu\u00e9 son las cintas transportadoras industriales?<\/span><\/h3><div class=\"vcex-spacing wpex-w-100 wpex-clear\" style=\"height:20px;\"><\/div>[vc_column_text font_size=\u00bb14px\u00bb text_align=\u00bbleft\u00bb]Las cintas transportadoras industriales son sistemas dise\u00f1ados para el <strong>transporte autom\u00e1tico de materiales<\/strong> de un punto a otro dentro de un entorno industrial. \u00c9stas son esenciales para industrias como la alimentaria, farmac\u00e9utica, qu\u00edmica y muchas otras, proporcionando una manera eficiente y segura de mover productos o materias primas.[\/vc_column_text][\/vc_column][\/vc_row][vc_row full_width=\u00bbstretch_row\u00bb content_placement=\u00bbmiddle\u00bb column_spacing=\u00bb0px\u00bb columns_right=\u00bbyes\u00bb][vc_column width=\u00bb1\/2&#8243;]<figure class=\"vcex-image vcex-module\"><div class=\"vcex-image-inner wpex-relative wpex-inline-block wpex-image-hover opacity\"><img width=\"820\" height=\"556\" src=\"https:\/\/serralleriamas.com\/wp-content\/uploads\/2024\/04\/cinta-transportadora-industrial-Serralleria-Mas.png\" class=\"vcex-image-img wpex-align-middle\" alt=\"cinta transportadora industrial\" loading=\"lazy\" decoding=\"async\" srcset=\"https:\/\/serralleriamas.com\/wp-content\/uploads\/2024\/04\/cinta-transportadora-industrial-Serralleria-Mas.png 820w, https:\/\/serralleriamas.com\/wp-content\/uploads\/2024\/04\/cinta-transportadora-industrial-Serralleria-Mas-300x203.png 300w, https:\/\/serralleriamas.com\/wp-content\/uploads\/2024\/04\/cinta-transportadora-industrial-Serralleria-Mas-768x521.png 768w, https:\/\/serralleriamas.com\/wp-content\/uploads\/2024\/04\/cinta-transportadora-industrial-Serralleria-Mas-600x407.png 600w\" sizes=\"(max-width: 820px) 100vw, 820px\" \/><\/div><\/figure>[\/vc_column][vc_column width=\u00bb1\/2&#8243; css=\u00bb.vc_custom_1707994714017{padding-top: 5% !important;padding-right: 10% !important;padding-bottom: 5% !important;padding-left: 10% !important;}\u00bb]<style>.vcex-heading.vcex_69f2ffcea9676{color:#f80404;}<\/style><h3 class=\"vcex-heading vcex-heading-plain vcex-module wpex-heading wpex-text-2xl vcex_69f2ffcea9676\"><span class=\"vcex-heading-inner wpex-inline-block\">Tipo de cintas transportadoras que ofrecemos:<\/span><\/h3><div class=\"vcex-spacing wpex-w-100 wpex-clear\" style=\"height:20px;\"><\/div>[vc_column_text font_size=\u00bb14px\u00bb text_align=\u00bbleft\u00bb]\n<ul>\n<li> <strong>Cintas de Rodillos<\/strong> : Ideal para movimientos r\u00e1pidos y eficaces dentro de la cadena de montaje.<\/li>\n<li> <strong>Cintas Modulares<\/strong> : Flexibles y f\u00e1ciles de adaptar a cualquier espacio y necesidad.<\/li>\n<li> <strong>Cintas de Banda<\/strong> : Disponibles en diversos materiales, incluidos PVC, PU, silicona, y m\u00e1s, adaptadas a diferentes condiciones industriales.<\/li>\n<li> <strong>Cintas de Velocidad Variable<\/strong> : Perfectas para operaciones que requieren ajustes en la velocidad de transporte.<\/li>\n<\/ul>\n[\/vc_column_text][\/vc_column][\/vc_row][vc_row full_width=\u00bbstretch_row\u00bb content_placement=\u00bbmiddle\u00bb column_spacing=\u00bb0px\u00bb equal_height=\u00bbyes\u00bb][vc_column width=\u00bb1\/2&#8243;]<figure class=\"vcex-image vcex-module\"><div class=\"vcex-image-inner wpex-relative wpex-inline-block wpex-image-hover opacity\"><img width=\"740\" height=\"423\" src=\"https:\/\/serralleriamas.com\/wp-content\/uploads\/2024\/04\/cinta-transportadora-Serralleria-Mas.jpg\" class=\"vcex-image-img wpex-align-middle\" alt=\"cinta transportadora\" loading=\"lazy\" decoding=\"async\" srcset=\"https:\/\/serralleriamas.com\/wp-content\/uploads\/2024\/04\/cinta-transportadora-Serralleria-Mas.jpg 740w, https:\/\/serralleriamas.com\/wp-content\/uploads\/2024\/04\/cinta-transportadora-Serralleria-Mas-300x171.jpg 300w, https:\/\/serralleriamas.com\/wp-content\/uploads\/2024\/04\/cinta-transportadora-Serralleria-Mas-600x343.jpg 600w\" sizes=\"(max-width: 740px) 100vw, 740px\" \/><\/div><\/figure>[\/vc_column][vc_column width=\u00bb1\/2&#8243; css=\u00bb.vc_custom_1707994698195{padding-top: 5% !important;padding-right: 10% !important;padding-bottom: 5% !important;padding-left: 10% !important;}\u00bb]<style>.vcex-heading.vcex_69f2ffceaab2c{color:#f80404;}<\/style><h3 class=\"vcex-heading vcex-heading-plain vcex-module wpex-heading wpex-text-2xl vcex_69f2ffceaab2c\"><span class=\"vcex-heading-inner wpex-inline-block\">\u00bfPor qu\u00e9 elegir nuestras cintas transportadoras?<\/span><\/h3><div class=\"vcex-spacing wpex-w-100 wpex-clear\" style=\"height:20px;\"><\/div>[vc_column_text font_size=\u00bb14px\u00bb text_align=\u00bbleft\u00bb]\n<ol>\n<li> <strong>Personalizaci\u00f3n completa<\/strong> : Adaptamos cada cinta a tu espacio y necesidades espec\u00edficas.<\/li>\n<li> <strong>Materiales de alta calidad<\/strong> : Utilizamos s\u00f3lo los mejores materiales que garantizan durabilidad y eficacia.<\/li>\n<li> <strong>Soporte t\u00e9cnico integral<\/strong> : Nuestro equipo de expertos est\u00e1 disponible para mantenimiento y consultas.<\/li>\n<li> <strong>Innovaci\u00f3n constante<\/strong> : Estamos siempre a la vanguardia de la tecnolog\u00eda y las t\u00e9cnicas m\u00e1s recientes.<\/li>\n<\/ol>\n[\/vc_column_text][\/vc_column][\/vc_row][vc_row full_width=\u00bbstretch_row\u00bb content_placement=\u00bbmiddle\u00bb column_spacing=\u00bb0px\u00bb equal_height=\u00bbyes\u00bb columns_right=\u00bbyes\u00bb][vc_column width=\u00bb1\/2&#8243;]<figure class=\"vcex-image vcex-module\"><div class=\"vcex-image-inner wpex-relative wpex-inline-block wpex-image-hover opacity\"><img width=\"835\" height=\"557\" src=\"https:\/\/serralleriamas.com\/wp-content\/uploads\/2024\/04\/tipos-cinta-transportadora-industrial-Serralleria-Mas.png\" class=\"vcex-image-img wpex-align-middle\" alt=\"tipos cinta transportadora industrial\" loading=\"lazy\" decoding=\"async\" srcset=\"https:\/\/serralleriamas.com\/wp-content\/uploads\/2024\/04\/tipos-cinta-transportadora-industrial-Serralleria-Mas.png 835w, https:\/\/serralleriamas.com\/wp-content\/uploads\/2024\/04\/tipos-cinta-transportadora-industrial-Serralleria-Mas-300x200.png 300w, https:\/\/serralleriamas.com\/wp-content\/uploads\/2024\/04\/tipos-cinta-transportadora-industrial-Serralleria-Mas-768x512.png 768w, https:\/\/serralleriamas.com\/wp-content\/uploads\/2024\/04\/tipos-cinta-transportadora-industrial-Serralleria-Mas-600x400.png 600w\" sizes=\"(max-width: 835px) 100vw, 835px\" \/><\/div><\/figure>[\/vc_column][vc_column width=\u00bb1\/2&#8243; css=\u00bb.vc_custom_1707994698195{padding-top: 5% !important;padding-right: 10% !important;padding-bottom: 5% !important;padding-left: 10% !important;}\u00bb]<style>.vcex-heading.vcex_69f2ffceabf3a{color:#f80404;}<\/style><h3 class=\"vcex-heading vcex-heading-plain vcex-module wpex-heading wpex-text-2xl vcex_69f2ffceabf3a\"><span class=\"vcex-heading-inner wpex-inline-block\">Proyectos realizados<\/span><\/h3><div class=\"vcex-spacing wpex-w-100 wpex-clear\" style=\"height:20px;\"><\/div>[vc_column_text font_size=\u00bb14px\u00bb text_align=\u00bbleft\u00bb]Hemos implementado cintas transportadoras en una variedad de industrias, cada una con requerimientos \u00fanicos. Nuestros proyectos van desde la instalaci\u00f3n de cintas transportadoras de gran escala en empresas alimentarias hasta soluciones personalizadas para la industria farmac\u00e9utica con estrictos est\u00e1ndares de higiene.[\/vc_column_text][\/vc_column][\/vc_row][vc_row full_width=\u00bbstretch_row\u00bb content_placement=\u00bbmiddle\u00bb column_spacing=\u00bb0px\u00bb equal_height=\u00bbyes\u00bb][vc_column width=\u00bb1\/6&#8243;][\/vc_column][vc_column width=\u00bb2\/3&#8243; css=\u00bb.vc_custom_1707994698195{padding-top: 5% !important;padding-right: 10% !important;padding-bottom: 5% !important;padding-left: 10% !important;}\u00bb][vc_column_text font_size=\u00bb14px\u00bb text_align=\u00bbleft\u00bb]\n<h2 style=\"text-align: center;\"> <strong>Cintas transportadoras para la industria<\/strong><\/h2>\n<p style=\"text-align: center;\"> Si est\u00e1s interesado en mejorar los procesos log\u00edsticos de tu empresa con nuestras <strong>cintas transportadoras industriales<\/strong> , no dudes en contactarnos. Nuestro equipo de expertos est\u00e1 listo para evaluar tus necesidades y ofrecerte la mejor soluci\u00f3n.<\/p>\n<p style=\"text-align: center;\"> En Serralleria Mas, estamos comprometidos a proporcionar soluciones de transporte que no s\u00f3lo satisfacen, sino que superen las expectativas de nuestros clientes. Visita nuestra p\u00e1gina web para m\u00e1s informaci\u00f3n sobre c\u00f3mo podemos ayudarte a optimizar sus procesos industriales.<\/p>\n[\/vc_column_text][\/vc_column][vc_column width=\u00bb1\/6&#8243;][\/vc_column][\/vc_row][\/vc_section][vc_row remove_bottom_col_margin=\u00bbtrue\u00bb][vc_column]<div class=\"templatera_shortcode\"><style type=\"text\/css\" data-type=\"vc_shortcodes-custom-css\">.vc_custom_1709195249079{padding-top: 5% !important;padding-bottom: 5% !important;}.vc_custom_1706701808228{padding-bottom: 15px !important;}<\/style><div data-vc-full-width=\"true\" data-vc-full-width-init=\"false\" data-vc-parallax=\"2.5\" data-vc-parallax-image=\"https:\/\/serralleriamas.com\/wp-content\/uploads\/2024\/02\/parallax-cta.jpg\" class=\"vc_row wpb_row vc_row-fluid vc_custom_1709195249079 vc_general vc_parallax vc_parallax-content-moving wpex-vc_row-has-fill wpex-vc-row-stretched no-bottom-margins\"><div class=\"wpb_column vc_column_container vc_col-sm-12\"><div class=\"vc_column-inner\"><div class=\"wpb_wrapper\"><style>.vcex-heading.vcex_69f2ffceb05fe{color:#ffffff;font-size:32px;font-family:Karla, sans-serif;font-weight:400;text-transform:uppercase;}<\/style><h2 class=\"vcex-heading vcex-heading-plain vcex-module wpex-heading wpex-text-2xl wpex-text-center vc_custom_1706701808228 vcex_69f2ffceb05fe\"><span class=\"vcex-heading-inner wpex-inline-block\">\u00bfNecesitas m\u00e1s informaci\u00f3n?<\/span><\/h2>\n\t<div style=\"color:#ffffff;font-size:18px;font-weight:300;text-align:center;width:500px;\" class=\"wpb_text_column has-custom-color wpex-child-inherit-color wpex-max-w-100 wpex-mx-auto wpb_content_element\" >\n\t\t<div class=\"wpb_wrapper\">\n\t\t\t<p>Si necesitas m\u00e1s informaci\u00f3n, contacta con nosotros y te responderemos lo antes posible.<\/p>\n\n\t\t<\/div>\n\t<\/div>\n<div class=\"vcex-spacing wpex-w-100 wpex-clear\"><\/div><div class=\"theme-button-wrap textcenter wpex-clr\"><a href=\"\/contacte\/\" class=\"vcex-button theme-button minimal-border align-center inline\" style=\"color:#ffffff;border:1px solid #ffffff;font-size:16px;font-weight:400;border-radius:var(--wpex-rounded-full);\" data-wpex-hover='{&quot;background&quot;:&quot;#ffffff&quot;,&quot;color&quot;:&quot;#000000&quot;}'><span class=\"vcex-button-inner theme-button-inner\">Contactar ahora<span class=\"vcex-button-icon vcex-icon-wrap theme-button-icon-right\"><span class=\"ticon ticon-envelope-o\" aria-hidden=\"true\"><\/span><\/span><\/span><\/a><\/div> <\/div><\/div><\/div><\/div><div class=\"vc_row-full-width vc_clearfix\"><\/div><\/div>[\/vc_column][\/vc_row]\n<\/div>","protected":false},"excerpt":{"rendered":"Cintas Transportadoras Industriales En Serralleria Mas, nos especializamos en el dise\u00f1o, fabricaci\u00f3n e instalaci\u00f3n de cintas transportadoras industriales adaptadas a las necesidades espec\u00edficas de cada sector. Con a\u00f1os de experiencia y profundo conocimiento t\u00e9cnico, ofrecemos soluciones personalizadas que optimizan los procesos de producci\u00f3n y log\u00edstica de tu empresa. \u00bfQu\u00e9 son las cintas transportadoras industriales? Las&hellip;","protected":false},"author":1,"featured_media":5517,"parent":0,"menu_order":0,"comment_status":"closed","ping_status":"closed","template":"","meta":{"footnotes":""},"class_list":["post-5568","page","type-page","status-publish","has-post-thumbnail","hentry","entry","has-media"],"yoast_head":"<!-- This site is optimized with the Yoast SEO plugin v23.0 - https:\/\/yoast.com\/wordpress\/plugins\/seo\/ -->\n<title>Cintas transportadoras industriales - Serralleria Mas<\/title>\n<meta name=\"description\" content=\"Cintas transportadoras industriales personalizadas para optimizar tus procesos de producci\u00f3n y log\u00edstica.\" \/>\n<meta name=\"robots\" content=\"index, follow, max-snippet:-1, max-image-preview:large, max-video-preview:-1\" \/>\n<link rel=\"canonical\" href=\"https:\/\/serralleriamas.com\/es\/cintas-transportadoras-industriales\/\" \/>\n<meta property=\"og:locale\" content=\"es_ES\" \/>\n<meta property=\"og:type\" content=\"article\" \/>\n<meta property=\"og:title\" content=\"Cintas transportadoras industriales - Serralleria Mas\" \/>\n<meta property=\"og:description\" content=\"Cintas transportadoras industriales personalizadas para optimizar tus procesos de producci\u00f3n y log\u00edstica.\" \/>\n<meta property=\"og:url\" content=\"https:\/\/serralleriamas.com\/es\/cintas-transportadoras-industriales\/\" \/>\n<meta property=\"og:site_name\" content=\"Serralleria Mas\" \/>\n<meta property=\"article:modified_time\" content=\"2024-04-24T04:42:24+00:00\" \/>\n<meta property=\"og:image\" content=\"https:\/\/serralleriamas.com\/wp-content\/uploads\/2024\/04\/cinta-transportadora-industria-Serralleria-Mas.png\" \/>\n\t<meta property=\"og:image:width\" content=\"838\" \/>\n\t<meta property=\"og:image:height\" content=\"553\" \/>\n\t<meta property=\"og:image:type\" content=\"image\/png\" \/>\n<meta name=\"twitter:card\" content=\"summary_large_image\" \/>\n<meta name=\"twitter:label1\" content=\"Tiempo de lectura\" \/>\n\t<meta name=\"twitter:data1\" content=\"3 minutos\" \/>\n<script type=\"application\/ld+json\" class=\"yoast-schema-graph\">{\"@context\":\"https:\/\/schema.org\",\"@graph\":[{\"@type\":\"WebPage\",\"@id\":\"https:\/\/serralleriamas.com\/es\/cintas-transportadoras-industriales\/\",\"url\":\"https:\/\/serralleriamas.com\/es\/cintas-transportadoras-industriales\/\",\"name\":\"Cintas transportadoras industriales - Serralleria Mas\",\"isPartOf\":{\"@id\":\"https:\/\/serralleriamas.com\/#website\"},\"primaryImageOfPage\":{\"@id\":\"https:\/\/serralleriamas.com\/es\/cintas-transportadoras-industriales\/#primaryimage\"},\"image\":{\"@id\":\"https:\/\/serralleriamas.com\/es\/cintas-transportadoras-industriales\/#primaryimage\"},\"thumbnailUrl\":\"https:\/\/serralleriamas.com\/wp-content\/uploads\/2024\/04\/cinta-transportadora-industria-Serralleria-Mas.png\",\"datePublished\":\"2024-04-17T10:44:49+00:00\",\"dateModified\":\"2024-04-24T04:42:24+00:00\",\"description\":\"Cintas transportadoras industriales personalizadas para optimizar tus procesos de producci\u00f3n y log\u00edstica.\",\"breadcrumb\":{\"@id\":\"https:\/\/serralleriamas.com\/es\/cintas-transportadoras-industriales\/#breadcrumb\"},\"inLanguage\":\"es\",\"potentialAction\":[{\"@type\":\"ReadAction\",\"target\":[\"https:\/\/serralleriamas.com\/es\/cintas-transportadoras-industriales\/\"]}]},{\"@type\":\"ImageObject\",\"inLanguage\":\"es\",\"@id\":\"https:\/\/serralleriamas.com\/es\/cintas-transportadoras-industriales\/#primaryimage\",\"url\":\"https:\/\/serralleriamas.com\/wp-content\/uploads\/2024\/04\/cinta-transportadora-industria-Serralleria-Mas.png\",\"contentUrl\":\"https:\/\/serralleriamas.com\/wp-content\/uploads\/2024\/04\/cinta-transportadora-industria-Serralleria-Mas.png\",\"width\":838,\"height\":553,\"caption\":\"cinta transportadora industrial\"},{\"@type\":\"BreadcrumbList\",\"@id\":\"https:\/\/serralleriamas.com\/es\/cintas-transportadoras-industriales\/#breadcrumb\",\"itemListElement\":[{\"@type\":\"ListItem\",\"position\":1,\"name\":\"Home\",\"item\":\"https:\/\/serralleriamas.com\/es\/home-2\/\"},{\"@type\":\"ListItem\",\"position\":2,\"name\":\"Cintas transportadoras industriales\"}]},{\"@type\":\"WebSite\",\"@id\":\"https:\/\/serralleriamas.com\/#website\",\"url\":\"https:\/\/serralleriamas.com\/\",\"name\":\"Serralleria Mas\",\"description\":\"Serveis de serralleria per a professionals i particulars\",\"publisher\":{\"@id\":\"https:\/\/serralleriamas.com\/#organization\"},\"potentialAction\":[{\"@type\":\"SearchAction\",\"target\":{\"@type\":\"EntryPoint\",\"urlTemplate\":\"https:\/\/serralleriamas.com\/?s={search_term_string}\"},\"query-input\":\"required name=search_term_string\"}],\"inLanguage\":\"es\"},{\"@type\":\"Organization\",\"@id\":\"https:\/\/serralleriamas.com\/#organization\",\"name\":\"Serralleria Mas\",\"url\":\"https:\/\/serralleriamas.com\/\",\"logo\":{\"@type\":\"ImageObject\",\"inLanguage\":\"es\",\"@id\":\"https:\/\/serralleriamas.com\/#\/schema\/logo\/image\/\",\"url\":\"https:\/\/serralleriamas.com\/wp-content\/uploads\/2024\/01\/LogotipsenseS.L.U.png\",\"contentUrl\":\"https:\/\/serralleriamas.com\/wp-content\/uploads\/2024\/01\/LogotipsenseS.L.U.png\",\"width\":404,\"height\":308,\"caption\":\"Serralleria Mas\"},\"image\":{\"@id\":\"https:\/\/serralleriamas.com\/#\/schema\/logo\/image\/\"}}]}<\/script>\n<!-- \/ Yoast SEO plugin. -->","yoast_head_json":{"title":"Cintas transportadoras industriales - Serralleria Mas","description":"Cintas transportadoras industriales personalizadas para optimizar tus procesos de producci\u00f3n y log\u00edstica.","robots":{"index":"index","follow":"follow","max-snippet":"max-snippet:-1","max-image-preview":"max-image-preview:large","max-video-preview":"max-video-preview:-1"},"canonical":"https:\/\/serralleriamas.com\/es\/cintas-transportadoras-industriales\/","og_locale":"es_ES","og_type":"article","og_title":"Cintas transportadoras industriales - Serralleria Mas","og_description":"Cintas transportadoras industriales personalizadas para optimizar tus procesos de producci\u00f3n y log\u00edstica.","og_url":"https:\/\/serralleriamas.com\/es\/cintas-transportadoras-industriales\/","og_site_name":"Serralleria Mas","article_modified_time":"2024-04-24T04:42:24+00:00","og_image":[{"width":838,"height":553,"url":"https:\/\/serralleriamas.com\/wp-content\/uploads\/2024\/04\/cinta-transportadora-industria-Serralleria-Mas.png","type":"image\/png"}],"twitter_card":"summary_large_image","twitter_misc":{"Tiempo de lectura":"3 minutos"},"schema":{"@context":"https:\/\/schema.org","@graph":[{"@type":"WebPage","@id":"https:\/\/serralleriamas.com\/es\/cintas-transportadoras-industriales\/","url":"https:\/\/serralleriamas.com\/es\/cintas-transportadoras-industriales\/","name":"Cintas transportadoras industriales - Serralleria Mas","isPartOf":{"@id":"https:\/\/serralleriamas.com\/#website"},"primaryImageOfPage":{"@id":"https:\/\/serralleriamas.com\/es\/cintas-transportadoras-industriales\/#primaryimage"},"image":{"@id":"https:\/\/serralleriamas.com\/es\/cintas-transportadoras-industriales\/#primaryimage"},"thumbnailUrl":"https:\/\/serralleriamas.com\/wp-content\/uploads\/2024\/04\/cinta-transportadora-industria-Serralleria-Mas.png","datePublished":"2024-04-17T10:44:49+00:00","dateModified":"2024-04-24T04:42:24+00:00","description":"Cintas transportadoras industriales personalizadas para optimizar tus procesos de producci\u00f3n y log\u00edstica.","breadcrumb":{"@id":"https:\/\/serralleriamas.com\/es\/cintas-transportadoras-industriales\/#breadcrumb"},"inLanguage":"es","potentialAction":[{"@type":"ReadAction","target":["https:\/\/serralleriamas.com\/es\/cintas-transportadoras-industriales\/"]}]},{"@type":"ImageObject","inLanguage":"es","@id":"https:\/\/serralleriamas.com\/es\/cintas-transportadoras-industriales\/#primaryimage","url":"https:\/\/serralleriamas.com\/wp-content\/uploads\/2024\/04\/cinta-transportadora-industria-Serralleria-Mas.png","contentUrl":"https:\/\/serralleriamas.com\/wp-content\/uploads\/2024\/04\/cinta-transportadora-industria-Serralleria-Mas.png","width":838,"height":553,"caption":"cinta transportadora industrial"},{"@type":"BreadcrumbList","@id":"https:\/\/serralleriamas.com\/es\/cintas-transportadoras-industriales\/#breadcrumb","itemListElement":[{"@type":"ListItem","position":1,"name":"Home","item":"https:\/\/serralleriamas.com\/es\/home-2\/"},{"@type":"ListItem","position":2,"name":"Cintas transportadoras industriales"}]},{"@type":"WebSite","@id":"https:\/\/serralleriamas.com\/#website","url":"https:\/\/serralleriamas.com\/","name":"Serralleria Mas","description":"Serveis de serralleria per a professionals i particulars","publisher":{"@id":"https:\/\/serralleriamas.com\/#organization"},"potentialAction":[{"@type":"SearchAction","target":{"@type":"EntryPoint","urlTemplate":"https:\/\/serralleriamas.com\/?s={search_term_string}"},"query-input":"required name=search_term_string"}],"inLanguage":"es"},{"@type":"Organization","@id":"https:\/\/serralleriamas.com\/#organization","name":"Serralleria Mas","url":"https:\/\/serralleriamas.com\/","logo":{"@type":"ImageObject","inLanguage":"es","@id":"https:\/\/serralleriamas.com\/#\/schema\/logo\/image\/","url":"https:\/\/serralleriamas.com\/wp-content\/uploads\/2024\/01\/LogotipsenseS.L.U.png","contentUrl":"https:\/\/serralleriamas.com\/wp-content\/uploads\/2024\/01\/LogotipsenseS.L.U.png","width":404,"height":308,"caption":"Serralleria Mas"},"image":{"@id":"https:\/\/serralleriamas.com\/#\/schema\/logo\/image\/"}}]}},"_links":{"self":[{"href":"https:\/\/serralleriamas.com\/es\/wp-json\/wp\/v2\/pages\/5568"}],"collection":[{"href":"https:\/\/serralleriamas.com\/es\/wp-json\/wp\/v2\/pages"}],"about":[{"href":"https:\/\/serralleriamas.com\/es\/wp-json\/wp\/v2\/types\/page"}],"author":[{"embeddable":true,"href":"https:\/\/serralleriamas.com\/es\/wp-json\/wp\/v2\/users\/1"}],"replies":[{"embeddable":true,"href":"https:\/\/serralleriamas.com\/es\/wp-json\/wp\/v2\/comments?post=5568"}],"version-history":[{"count":3,"href":"https:\/\/serralleriamas.com\/es\/wp-json\/wp\/v2\/pages\/5568\/revisions"}],"predecessor-version":[{"id":5586,"href":"https:\/\/serralleriamas.com\/es\/wp-json\/wp\/v2\/pages\/5568\/revisions\/5586"}],"wp:featuredmedia":[{"embeddable":true,"href":"https:\/\/serralleriamas.com\/es\/wp-json\/wp\/v2\/media\/5517"}],"wp:attachment":[{"href":"https:\/\/serralleriamas.com\/es\/wp-json\/wp\/v2\/media?parent=5568"}],"curies":[{"name":"wp","href":"https:\/\/api.w.org\/{rel}","templated":true}]}}