{"id":5394,"date":"2024-02-15T09:52:53","date_gmt":"2024-02-15T09:52:53","guid":{"rendered":"https:\/\/serralleriamas.com\/sobre-nosaltres\/"},"modified":"2024-04-24T08:02:18","modified_gmt":"2024-04-24T08:02:18","slug":"sobre-nosotros","status":"publish","type":"page","link":"https:\/\/serralleriamas.com\/es\/sobre-nosotros\/","title":{"rendered":"Sobre nosotros"},"content":{"rendered":"<div class=\"wpb-content-wrapper\">[vc_row full_width=\u00bbstretch_row\u00bb parallax=\u00bbcontent-moving\u00bb parallax_speed_bg=\u00bb4.5&#8243; remove_bottom_col_margin=\u00bbtrue\u00bb css=\u00bb.vc_custom_1713859659226{padding-top: 50px !important;padding-bottom: 50px !important;background-color: #f7f7f7 !important;}\u00bb][vc_column]<style>.vcex-heading.vcex_69f389df07d2b{font-size:25px;font-weight:700;}<\/style><div class=\"vcex-heading vcex-heading-plain vcex-module wpex-heading wpex-text-2xl wpex-text-center vcex_69f389df07d2b\"><span class=\"vcex-heading-inner wpex-inline-block\">Cerrajeros desde 1950<\/span><\/div>[\/vc_column][\/vc_row][vc_section css=\u00bb.vc_custom_1707992352921{padding-top: 60px !important;padding-bottom: 30px !important;}\u00bb][vc_row][vc_column][vc_column_text font_size=\u00bb17px\u00bb text_align=\u00bbcenter\u00bb]<strong>Serralleria Mas<\/strong>, es una <strong>empresa familiar nacida en La Garriga en 1950.<\/strong>.<\/p>\n<p>Fue fundada por el se\u00f1or <strong>Manel Mas<\/strong> con las ganas de poder aportar su grano de arena en el sector industrial de La Garriga y en toda la comarca del Vall\u00e8s Oriental. Ayud\u00f3 a dise\u00f1ar distintos moldes para el sector de inyecci\u00f3n y fundici\u00f3n y posteriormente al dise\u00f1o de m\u00e1quinas para el sector textil. Seguidamente, la empresa fue gestionada por su hijo Miquel que sigui\u00f3 en el tejido industrial y abri\u00f3 el mercado en el sector de la construcci\u00f3n, dando as\u00ed servicio a las grandes constructoras del municipio. Actualmente la empresa est\u00e1 dirigida por la segunda y tercera generaci\u00f3n, aportando el know-how y con ganas de innovar y aprender cada d\u00eda para intentar dar las mejores soluciones tanto a nivel industrial y profesional como proyectos particulares.[\/vc_column_text][\/vc_column][\/vc_row][vc_row full_width=\u00bbstretch_row\u00bb][vc_column width=\u00bb1\/2&#8243;]<figure class=\"vcex-image vcex-module\"><div class=\"vcex-image-inner wpex-relative wpex-inline-block wpex-image-hover opacity\"><img width=\"1200\" height=\"900\" src=\"https:\/\/serralleriamas.com\/wp-content\/uploads\/2024\/02\/img-empresa-1.jpg\" class=\"vcex-image-img wpex-align-middle\" alt=\"\" loading=\"lazy\" decoding=\"async\" srcset=\"https:\/\/serralleriamas.com\/wp-content\/uploads\/2024\/02\/img-empresa-1.jpg 1200w, https:\/\/serralleriamas.com\/wp-content\/uploads\/2024\/02\/img-empresa-1-300x225.jpg 300w, https:\/\/serralleriamas.com\/wp-content\/uploads\/2024\/02\/img-empresa-1-1024x768.jpg 1024w, https:\/\/serralleriamas.com\/wp-content\/uploads\/2024\/02\/img-empresa-1-768x576.jpg 768w, https:\/\/serralleriamas.com\/wp-content\/uploads\/2024\/02\/img-empresa-1-600x450.jpg 600w\" sizes=\"(max-width: 1200px) 100vw, 1200px\" \/><\/div><\/figure>[\/vc_column][vc_column width=\u00bb1\/2&#8243;]<figure class=\"vcex-image vcex-module\"><div class=\"vcex-image-inner wpex-relative wpex-inline-block wpex-image-hover opacity\"><img width=\"1200\" height=\"900\" src=\"https:\/\/serralleriamas.com\/wp-content\/uploads\/2024\/02\/img-empresa-2.jpg\" class=\"vcex-image-img wpex-align-middle\" alt=\"\" loading=\"lazy\" decoding=\"async\" srcset=\"https:\/\/serralleriamas.com\/wp-content\/uploads\/2024\/02\/img-empresa-2.jpg 1200w, https:\/\/serralleriamas.com\/wp-content\/uploads\/2024\/02\/img-empresa-2-300x225.jpg 300w, https:\/\/serralleriamas.com\/wp-content\/uploads\/2024\/02\/img-empresa-2-1024x768.jpg 1024w, https:\/\/serralleriamas.com\/wp-content\/uploads\/2024\/02\/img-empresa-2-768x576.jpg 768w, https:\/\/serralleriamas.com\/wp-content\/uploads\/2024\/02\/img-empresa-2-600x450.jpg 600w\" sizes=\"(max-width: 1200px) 100vw, 1200px\" \/><\/div><\/figure>[\/vc_column][\/vc_row][\/vc_section][vc_row full_width=\u00bbstretch_row_content\u00bb parallax=\u00bbcontent-moving\u00bb remove_bottom_col_margin=\u00bbtrue\u00bb css=\u00bb.vc_custom_1709194501538{padding-top: 20px !important;padding-bottom: 20px !important;background-color: #f80404 !important;}\u00bb][vc_column]<style>.vcex-heading.vcex_69f389df0b6eb{color:#ffffff;font-size:25px;font-weight:700;}<\/style><h3 class=\"vcex-heading vcex-heading-plain vcex-module wpex-heading wpex-text-2xl wpex-text-center vcex_69f389df0b6eb\"><span class=\"vcex-heading-inner wpex-inline-block\">Disponemos de 1.200 m2 con la maquinaria necesaria para llevar a tus proyectos industriales a la pr\u00e1ctica.<\/span><\/h3>[\/vc_column][\/vc_row][vc_section full_width=\u00bbstretch_row\u00bb parallax=\u00bbcontent-moving\u00bb parallax_image=\u00bb5046&#8243; wpex_bg_overlay=\u00bbcolor\u00bb wpex_bg_overlay_color=\u00bb#ffffff\u00bb wpex_bg_overlay_opacity=\u00bb0.9&#8243; css=\u00bb.vc_custom_1707993299454{padding-top: 70px !important;padding-bottom: 50px !important;}\u00bb][vc_row full_width=\u00bbstretch_row_content\u00bb][vc_column width=\u00bb1\/5&#8243;]<div class=\"vcex-module vcex-icon-box vcex-icon-box-four wpex-block wpex-text-center wpex-hover-white-text wpex-p-30 wpex-bordered\" data-wpex-hover=\"{&quot;background&quot;:&quot;#f80404&quot;}\" style=\"border-color:rgba(255,255,255,0.01);\"><div class=\"vcex-icon-box-symbol wpex-mb-20\"><div class=\"vcex-icon-box-icon wpex-inline-flex wpex-items-center wpex-justify-center wpex-child-inherit-color wpex-text-center wpex-leading-none wpex-text-1\" style=\"color:#f80404;\"><span aria-hidden=\"true\" class=\"fas fa-wrench\"><\/span><\/div><\/div><div class=\"vcex-icon-box-text\"><h2 class=\"vcex-icon-box-heading wpex-heading wpex-mb-10\" style=\"font-weight:700;font-size:17px;text-transform:uppercase;\">Personalizaci\u00f3n de proyectos<\/h2><\/div><\/div>[\/vc_column][vc_column width=\u00bb1\/5&#8243;]<div class=\"vcex-module vcex-icon-box vcex-icon-box-four wpex-block wpex-text-center wpex-hover-white-text wpex-p-30 wpex-bordered\" data-wpex-hover=\"{&quot;background&quot;:&quot;#f80404&quot;}\" style=\"border-color:rgba(255,255,255,0.01);\"><div class=\"vcex-icon-box-symbol wpex-mb-20\"><div class=\"vcex-icon-box-icon wpex-inline-flex wpex-items-center wpex-justify-center wpex-child-inherit-color wpex-text-center wpex-leading-none wpex-text-1\" style=\"color:#f80404;\"><span aria-hidden=\"true\" class=\"fas fa-key\"><\/span><\/div><\/div><div class=\"vcex-icon-box-text\"><h2 class=\"vcex-icon-box-heading wpex-heading wpex-mb-10\" style=\"font-weight:700;font-size:17px;text-transform:uppercase;\">Llaves en mano<\/h2><\/div><\/div>[\/vc_column][vc_column width=\u00bb1\/5&#8243;]<div class=\"vcex-module vcex-icon-box vcex-icon-box-four wpex-block wpex-text-center wpex-hover-white-text wpex-p-30 wpex-bordered\" data-wpex-hover=\"{&quot;background&quot;:&quot;#f80404&quot;}\" style=\"border-color:rgba(255,255,255,0.01);\"><div class=\"vcex-icon-box-symbol wpex-mb-20\"><div class=\"vcex-icon-box-icon wpex-inline-flex wpex-items-center wpex-justify-center wpex-child-inherit-color wpex-text-center wpex-leading-none wpex-text-1\" style=\"color:#f80404;\"><span aria-hidden=\"true\" class=\"fas fa-drafting-compass\"><\/span><\/div><\/div><div class=\"vcex-icon-box-text\"><h2 class=\"vcex-icon-box-heading wpex-heading wpex-mb-10\" style=\"font-weight:700;font-size:17px;text-transform:uppercase;\">Dise\u00f1o de proyecto y documentaci\u00f3n<\/h2><\/div><\/div>[\/vc_column][vc_column width=\u00bb1\/5&#8243;]<div class=\"vcex-module vcex-icon-box vcex-icon-box-four wpex-block wpex-text-center wpex-hover-white-text wpex-p-30 wpex-bordered\" data-wpex-hover=\"{&quot;background&quot;:&quot;#f80404&quot;}\" style=\"border-color:rgba(255,255,255,0.01);\"><div class=\"vcex-icon-box-symbol wpex-mb-20\"><div class=\"vcex-icon-box-icon wpex-inline-flex wpex-items-center wpex-justify-center wpex-child-inherit-color wpex-text-center wpex-leading-none wpex-text-1\" style=\"color:#f80404;\"><span aria-hidden=\"true\" class=\"far fa-comment-dots\"><\/span><\/div><\/div><div class=\"vcex-icon-box-text\"><h2 class=\"vcex-icon-box-heading wpex-heading wpex-mb-10\" style=\"font-weight:700;font-size:17px;text-transform:uppercase;\">Atenci\u00f3n personalizada<\/h2><\/div><\/div>[\/vc_column][vc_column width=\u00bb1\/5&#8243;]<div class=\"vcex-module vcex-icon-box vcex-icon-box-four wpex-block wpex-text-center wpex-hover-white-text wpex-p-30 wpex-bordered\" data-wpex-hover=\"{&quot;background&quot;:&quot;#f80404&quot;}\" style=\"border-color:rgba(255,255,255,0.01);\"><div class=\"vcex-icon-box-symbol wpex-mb-20\"><div class=\"vcex-icon-box-icon wpex-inline-flex wpex-items-center wpex-justify-center wpex-child-inherit-color wpex-text-center wpex-leading-none wpex-text-1\" style=\"color:#f80404;\"><span aria-hidden=\"true\" class=\"fas fa-award\"><\/span><\/div><\/div><div class=\"vcex-icon-box-text\"><h2 class=\"vcex-icon-box-heading wpex-heading wpex-mb-10\" style=\"font-weight:700;font-size:17px;text-transform:uppercase;\">Proyectos \u00edntegros<\/h2><\/div><\/div>[\/vc_column][\/vc_row][\/vc_section][vc_row remove_bottom_col_margin=\u00bbtrue\u00bb][vc_column]<div class=\"templatera_shortcode\"><style type=\"text\/css\" data-type=\"vc_shortcodes-custom-css\">.vc_custom_1709195249079{padding-top: 5% !important;padding-bottom: 5% !important;}.vc_custom_1706701808228{padding-bottom: 15px !important;}<\/style><div data-vc-full-width=\"true\" data-vc-full-width-init=\"false\" data-vc-parallax=\"2.5\" data-vc-parallax-image=\"https:\/\/serralleriamas.com\/wp-content\/uploads\/2024\/02\/parallax-cta.jpg\" class=\"vc_row wpb_row vc_row-fluid vc_custom_1709195249079 vc_general vc_parallax vc_parallax-content-moving wpex-vc_row-has-fill wpex-vc-row-stretched no-bottom-margins\"><div class=\"wpb_column vc_column_container vc_col-sm-12\"><div class=\"vc_column-inner\"><div class=\"wpb_wrapper\"><style>.vcex-heading.vcex_69f389df16e68{color:#ffffff;font-size:32px;font-family:Karla, sans-serif;font-weight:400;text-transform:uppercase;}<\/style><h2 class=\"vcex-heading vcex-heading-plain vcex-module wpex-heading wpex-text-2xl wpex-text-center vc_custom_1706701808228 vcex_69f389df16e68\"><span class=\"vcex-heading-inner wpex-inline-block\">\u00bfNecesitas m\u00e1s informaci\u00f3n?<\/span><\/h2>\n\t<div style=\"color:#ffffff;font-size:18px;font-weight:300;text-align:center;width:500px;\" class=\"wpb_text_column has-custom-color wpex-child-inherit-color wpex-max-w-100 wpex-mx-auto wpb_content_element\" >\n\t\t<div class=\"wpb_wrapper\">\n\t\t\t<p>Si necesitas m\u00e1s informaci\u00f3n, contacta con nosotros y te responderemos lo antes posible.<\/p>\n\n\t\t<\/div>\n\t<\/div>\n<div class=\"vcex-spacing wpex-w-100 wpex-clear\"><\/div><div class=\"theme-button-wrap textcenter wpex-clr\"><a href=\"\/contacte\/\" class=\"vcex-button theme-button minimal-border align-center inline\" style=\"color:#ffffff;border:1px solid #ffffff;font-size:16px;font-weight:400;border-radius:var(--wpex-rounded-full);\" data-wpex-hover='{&quot;background&quot;:&quot;#ffffff&quot;,&quot;color&quot;:&quot;#000000&quot;}'><span class=\"vcex-button-inner theme-button-inner\">Contactar ahora<span class=\"vcex-button-icon vcex-icon-wrap theme-button-icon-right\"><span class=\"ticon ticon-envelope-o\" aria-hidden=\"true\"><\/span><\/span><\/span><\/a><\/div> <\/div><\/div><\/div><\/div><div class=\"vc_row-full-width vc_clearfix\"><\/div><\/div>[\/vc_column][\/vc_row]\n<\/div>","protected":false},"excerpt":{"rendered":"Cerrajeros desde 1950 Serralleria Mas, es una empresa familiar nacida en La Garriga en 1950.. Fue fundada por el se\u00f1or Manel Mas con las ganas de poder aportar su grano de arena en el sector industrial de La Garriga y en toda la comarca del Vall\u00e8s Oriental. Ayud\u00f3 a dise\u00f1ar distintos moldes para el sector&hellip;","protected":false},"author":1,"featured_media":0,"parent":0,"menu_order":0,"comment_status":"closed","ping_status":"closed","template":"","meta":{"footnotes":""},"class_list":["post-5394","page","type-page","status-publish","hentry","entry","no-media"],"yoast_head":"<!-- This site is optimized with the Yoast SEO plugin v23.0 - https:\/\/yoast.com\/wordpress\/plugins\/seo\/ -->\n<title>Sobre nosotros - Serralleria Mas<\/title>\n<meta name=\"robots\" content=\"index, follow, max-snippet:-1, max-image-preview:large, max-video-preview:-1\" \/>\n<link rel=\"canonical\" href=\"https:\/\/serralleriamas.com\/es\/sobre-nosotros\/\" \/>\n<meta property=\"og:locale\" content=\"es_ES\" \/>\n<meta property=\"og:type\" content=\"article\" \/>\n<meta property=\"og:title\" content=\"Sobre nosotros - Serralleria Mas\" \/>\n<meta property=\"og:url\" content=\"https:\/\/serralleriamas.com\/es\/sobre-nosotros\/\" \/>\n<meta property=\"og:site_name\" content=\"Serralleria Mas\" \/>\n<meta property=\"article:modified_time\" content=\"2024-04-24T08:02:18+00:00\" \/>\n<meta name=\"twitter:card\" content=\"summary_large_image\" \/>\n<meta name=\"twitter:label1\" content=\"Tiempo de lectura\" \/>\n\t<meta name=\"twitter:data1\" content=\"3 minutos\" \/>\n<script type=\"application\/ld+json\" class=\"yoast-schema-graph\">{\"@context\":\"https:\/\/schema.org\",\"@graph\":[{\"@type\":\"WebPage\",\"@id\":\"https:\/\/serralleriamas.com\/es\/sobre-nosotros\/\",\"url\":\"https:\/\/serralleriamas.com\/es\/sobre-nosotros\/\",\"name\":\"Sobre nosotros - Serralleria Mas\",\"isPartOf\":{\"@id\":\"https:\/\/serralleriamas.com\/#website\"},\"datePublished\":\"2024-02-15T09:52:53+00:00\",\"dateModified\":\"2024-04-24T08:02:18+00:00\",\"breadcrumb\":{\"@id\":\"https:\/\/serralleriamas.com\/es\/sobre-nosotros\/#breadcrumb\"},\"inLanguage\":\"es\",\"potentialAction\":[{\"@type\":\"ReadAction\",\"target\":[\"https:\/\/serralleriamas.com\/es\/sobre-nosotros\/\"]}]},{\"@type\":\"BreadcrumbList\",\"@id\":\"https:\/\/serralleriamas.com\/es\/sobre-nosotros\/#breadcrumb\",\"itemListElement\":[{\"@type\":\"ListItem\",\"position\":1,\"name\":\"Home\",\"item\":\"https:\/\/serralleriamas.com\/es\/home-2\/\"},{\"@type\":\"ListItem\",\"position\":2,\"name\":\"Sobre nosotros\"}]},{\"@type\":\"WebSite\",\"@id\":\"https:\/\/serralleriamas.com\/#website\",\"url\":\"https:\/\/serralleriamas.com\/\",\"name\":\"Serralleria Mas\",\"description\":\"Serveis de serralleria per a professionals i particulars\",\"publisher\":{\"@id\":\"https:\/\/serralleriamas.com\/#organization\"},\"potentialAction\":[{\"@type\":\"SearchAction\",\"target\":{\"@type\":\"EntryPoint\",\"urlTemplate\":\"https:\/\/serralleriamas.com\/?s={search_term_string}\"},\"query-input\":\"required name=search_term_string\"}],\"inLanguage\":\"es\"},{\"@type\":\"Organization\",\"@id\":\"https:\/\/serralleriamas.com\/#organization\",\"name\":\"Serralleria Mas\",\"url\":\"https:\/\/serralleriamas.com\/\",\"logo\":{\"@type\":\"ImageObject\",\"inLanguage\":\"es\",\"@id\":\"https:\/\/serralleriamas.com\/#\/schema\/logo\/image\/\",\"url\":\"https:\/\/serralleriamas.com\/wp-content\/uploads\/2024\/01\/LogotipsenseS.L.U.png\",\"contentUrl\":\"https:\/\/serralleriamas.com\/wp-content\/uploads\/2024\/01\/LogotipsenseS.L.U.png\",\"width\":404,\"height\":308,\"caption\":\"Serralleria Mas\"},\"image\":{\"@id\":\"https:\/\/serralleriamas.com\/#\/schema\/logo\/image\/\"}}]}<\/script>\n<!-- \/ Yoast SEO plugin. -->","yoast_head_json":{"title":"Sobre nosotros - Serralleria Mas","robots":{"index":"index","follow":"follow","max-snippet":"max-snippet:-1","max-image-preview":"max-image-preview:large","max-video-preview":"max-video-preview:-1"},"canonical":"https:\/\/serralleriamas.com\/es\/sobre-nosotros\/","og_locale":"es_ES","og_type":"article","og_title":"Sobre nosotros - Serralleria Mas","og_url":"https:\/\/serralleriamas.com\/es\/sobre-nosotros\/","og_site_name":"Serralleria Mas","article_modified_time":"2024-04-24T08:02:18+00:00","twitter_card":"summary_large_image","twitter_misc":{"Tiempo de lectura":"3 minutos"},"schema":{"@context":"https:\/\/schema.org","@graph":[{"@type":"WebPage","@id":"https:\/\/serralleriamas.com\/es\/sobre-nosotros\/","url":"https:\/\/serralleriamas.com\/es\/sobre-nosotros\/","name":"Sobre nosotros - Serralleria Mas","isPartOf":{"@id":"https:\/\/serralleriamas.com\/#website"},"datePublished":"2024-02-15T09:52:53+00:00","dateModified":"2024-04-24T08:02:18+00:00","breadcrumb":{"@id":"https:\/\/serralleriamas.com\/es\/sobre-nosotros\/#breadcrumb"},"inLanguage":"es","potentialAction":[{"@type":"ReadAction","target":["https:\/\/serralleriamas.com\/es\/sobre-nosotros\/"]}]},{"@type":"BreadcrumbList","@id":"https:\/\/serralleriamas.com\/es\/sobre-nosotros\/#breadcrumb","itemListElement":[{"@type":"ListItem","position":1,"name":"Home","item":"https:\/\/serralleriamas.com\/es\/home-2\/"},{"@type":"ListItem","position":2,"name":"Sobre nosotros"}]},{"@type":"WebSite","@id":"https:\/\/serralleriamas.com\/#website","url":"https:\/\/serralleriamas.com\/","name":"Serralleria Mas","description":"Serveis de serralleria per a professionals i particulars","publisher":{"@id":"https:\/\/serralleriamas.com\/#organization"},"potentialAction":[{"@type":"SearchAction","target":{"@type":"EntryPoint","urlTemplate":"https:\/\/serralleriamas.com\/?s={search_term_string}"},"query-input":"required name=search_term_string"}],"inLanguage":"es"},{"@type":"Organization","@id":"https:\/\/serralleriamas.com\/#organization","name":"Serralleria Mas","url":"https:\/\/serralleriamas.com\/","logo":{"@type":"ImageObject","inLanguage":"es","@id":"https:\/\/serralleriamas.com\/#\/schema\/logo\/image\/","url":"https:\/\/serralleriamas.com\/wp-content\/uploads\/2024\/01\/LogotipsenseS.L.U.png","contentUrl":"https:\/\/serralleriamas.com\/wp-content\/uploads\/2024\/01\/LogotipsenseS.L.U.png","width":404,"height":308,"caption":"Serralleria Mas"},"image":{"@id":"https:\/\/serralleriamas.com\/#\/schema\/logo\/image\/"}}]}},"_links":{"self":[{"href":"https:\/\/serralleriamas.com\/es\/wp-json\/wp\/v2\/pages\/5394"}],"collection":[{"href":"https:\/\/serralleriamas.com\/es\/wp-json\/wp\/v2\/pages"}],"about":[{"href":"https:\/\/serralleriamas.com\/es\/wp-json\/wp\/v2\/types\/page"}],"author":[{"embeddable":true,"href":"https:\/\/serralleriamas.com\/es\/wp-json\/wp\/v2\/users\/1"}],"replies":[{"embeddable":true,"href":"https:\/\/serralleriamas.com\/es\/wp-json\/wp\/v2\/comments?post=5394"}],"version-history":[{"count":6,"href":"https:\/\/serralleriamas.com\/es\/wp-json\/wp\/v2\/pages\/5394\/revisions"}],"predecessor-version":[{"id":5597,"href":"https:\/\/serralleriamas.com\/es\/wp-json\/wp\/v2\/pages\/5394\/revisions\/5597"}],"wp:attachment":[{"href":"https:\/\/serralleriamas.com\/es\/wp-json\/wp\/v2\/media?parent=5394"}],"curies":[{"name":"wp","href":"https:\/\/api.w.org\/{rel}","templated":true}]}}