{"id":5393,"date":"2024-02-15T10:38:48","date_gmt":"2024-02-15T10:38:48","guid":{"rendered":"https:\/\/serralleriamas.com\/serveis\/"},"modified":"2024-05-23T08:44:43","modified_gmt":"2024-05-23T08:44:43","slug":"servicios","status":"publish","type":"page","link":"https:\/\/serralleriamas.com\/es\/servicios\/","title":{"rendered":"Servicios"},"content":{"rendered":"<div class=\"wpb-content-wrapper\">[vc_row full_width=\u00bbstretch_row\u00bb parallax=\u00bbcontent-moving\u00bb parallax_speed_bg=\u00bb4.5&#8243; remove_bottom_col_margin=\u00bbtrue\u00bb css=\u00bb.vc_custom_1713859587910{padding-top: 50px !important;padding-bottom: 50px !important;background-color: #f7f7f7 !important;}\u00bb][vc_column]<style>.vcex-heading.vcex_6a039ba3cdfd0{font-size:25px;font-weight:700;}<\/style><div class=\"vcex-heading vcex-heading-plain vcex-module wpex-heading wpex-text-2xl wpex-text-center vcex_6a039ba3cdfd0\"><span class=\"vcex-heading-inner wpex-inline-block\">Soluciones Industriales a la medida de tu negocio<\/span><\/div><div class=\"vcex-module vcex-divider vcex-divider-solid vcex-divider-center wpex-mx-auto wpex-max-w-100 wpex-block wpex-h-0 wpex-border-b wpex-border-solid wpex-border-main\" style=\"width:90px;margin-top:20px;margin-bottom:20px;border-bottom-width:3px;border-color:#f80404;\"><\/div>[vc_column_text font_size=\u00bb17px\u00bb text_align=\u00bbcenter\u00bb]Somos su socio de confianza en la fabricaci\u00f3n de maquinaria industrial y mantenimiento para sectores clave como el farmac\u00e9utico, alimentario, de embalaje y qu\u00edmico.<\/p>\n<p>Con una trayectoria consolidada en el Vall\u00e9s Occidental y Barcelona, nos dedicamos a proporcionar soluciones a medida que impulsan el rendimiento y la eficiencia de sus procesos industriales.[\/vc_column_text][\/vc_column][\/vc_row][vc_section css=\u00bb.vc_custom_1708334817233{padding-top: 75px !important;padding-bottom: 75px !important;}\u00bb][vc_row full_width=\u00bbstretch_row\u00bb content_placement=\u00bbmiddle\u00bb column_spacing=\u00bb0px\u00bb equal_height=\u00bbyes\u00bb][vc_column width=\u00bb1\/2&#8243;]<figure class=\"vcex-image vcex-module\"><div class=\"vcex-image-inner wpex-relative wpex-inline-block wpex-image-hover opacity\"><a href=\"\/es\/fabricacion-de-maquinaria-industrial\/\"><img width=\"1200\" height=\"900\" src=\"https:\/\/serralleriamas.com\/wp-content\/uploads\/2024\/02\/img-pagina-serveis-1.jpg\" class=\"vcex-image-img wpex-align-middle\" alt=\"\" loading=\"lazy\" decoding=\"async\" srcset=\"https:\/\/serralleriamas.com\/wp-content\/uploads\/2024\/02\/img-pagina-serveis-1.jpg 1200w, https:\/\/serralleriamas.com\/wp-content\/uploads\/2024\/02\/img-pagina-serveis-1-300x225.jpg 300w, https:\/\/serralleriamas.com\/wp-content\/uploads\/2024\/02\/img-pagina-serveis-1-1024x768.jpg 1024w, https:\/\/serralleriamas.com\/wp-content\/uploads\/2024\/02\/img-pagina-serveis-1-768x576.jpg 768w, https:\/\/serralleriamas.com\/wp-content\/uploads\/2024\/02\/img-pagina-serveis-1-600x450.jpg 600w\" sizes=\"(max-width: 1200px) 100vw, 1200px\" \/><\/a><\/div><\/figure>[\/vc_column][vc_column width=\u00bb1\/2&#8243; css=\u00bb.vc_custom_1707994698195{padding-top: 5% !important;padding-right: 10% !important;padding-bottom: 5% !important;padding-left: 10% !important;}\u00bb]<style>.vcex-heading.vcex_6a039ba3d1236{color:#f80404;}<\/style><h3 class=\"vcex-heading vcex-heading-plain vcex-module wpex-heading wpex-text-2xl vcex_6a039ba3d1236\"><a href=\"\/es\/fabricacion-de-maquinaria-industrial\/\" class=\"wpex-no-underline wpex-inherit-color\" target=\"_self\"><span class=\"vcex-heading-inner wpex-inline-block\">FABRICACI\u00d3N MAQUINARIA Y COMPONENTES<\/span><\/a><\/h3><div class=\"vcex-spacing wpex-w-100 wpex-clear\" style=\"height:20px;\"><\/div>[vc_column_text font_size=\u00bb14px\u00bb text_align=\u00bbleft\u00bb]Realizamos todo tipo de maquinaria industrial personalizada tanto mecancia, como electr\u00f3nica, hidr\u00e1ulica, \u2026<\/p>\n<ul>\n<li>Estructuras para almacenes.<\/li>\n<li>Protecci\u00f3n de maquinaria.<\/li>\n<li><a href=\"\/es\/cintas-transportadoras-industriales\/\">Cintas transportadoras.<\/a><\/li>\n<li>Tamizadoras, cabinas t\u00e9rmicas, m\u00e1quinas de presici\u00f3n para el sector farmac\u00e9utico,\u2026 y cualquier m\u00e1quina que puedas necesitar.<\/li>\n<\/ul>\n[\/vc_column_text][\/vc_column][\/vc_row][vc_row full_width=\u00bbstretch_row\u00bb content_placement=\u00bbmiddle\u00bb column_spacing=\u00bb0px\u00bb columns_right=\u00bbyes\u00bb][vc_column width=\u00bb1\/2&#8243;]<figure class=\"vcex-image vcex-module\"><div class=\"vcex-image-inner wpex-relative wpex-inline-block wpex-image-hover opacity\"><img width=\"1200\" height=\"900\" src=\"https:\/\/serralleriamas.com\/wp-content\/uploads\/2024\/02\/img-pagina-serveis-2.jpg\" class=\"vcex-image-img wpex-align-middle\" alt=\"\" loading=\"lazy\" decoding=\"async\" srcset=\"https:\/\/serralleriamas.com\/wp-content\/uploads\/2024\/02\/img-pagina-serveis-2.jpg 1200w, https:\/\/serralleriamas.com\/wp-content\/uploads\/2024\/02\/img-pagina-serveis-2-300x225.jpg 300w, https:\/\/serralleriamas.com\/wp-content\/uploads\/2024\/02\/img-pagina-serveis-2-1024x768.jpg 1024w, https:\/\/serralleriamas.com\/wp-content\/uploads\/2024\/02\/img-pagina-serveis-2-768x576.jpg 768w, https:\/\/serralleriamas.com\/wp-content\/uploads\/2024\/02\/img-pagina-serveis-2-600x450.jpg 600w\" sizes=\"(max-width: 1200px) 100vw, 1200px\" \/><\/div><\/figure>[\/vc_column][vc_column width=\u00bb1\/2&#8243; css=\u00bb.vc_custom_1707994714017{padding-top: 5% !important;padding-right: 10% !important;padding-bottom: 5% !important;padding-left: 10% !important;}\u00bb]<style>.vcex-heading.vcex_6a039ba3d2d63{color:#f80404;}<\/style><h3 class=\"vcex-heading vcex-heading-plain vcex-module wpex-heading wpex-text-2xl vcex_6a039ba3d2d63\"><span class=\"vcex-heading-inner wpex-inline-block\">INSTALACIONES INDUSTRIALES<\/span><\/h3><div class=\"vcex-spacing wpex-w-100 wpex-clear\" style=\"height:20px;\"><\/div>[vc_column_text font_size=\u00bb14px\u00bb text_align=\u00bbleft\u00bb]Nos desplazamos a las instalaciones del cliente y ofrecemos:<\/p>\n<ul>\n<li><a href=\"https:\/\/serralleriamas.com\/es\/instalaciones-de-vapor\/\">Instalaciones de vapor.<\/a><\/li>\n<li>Instalaciones de servicio (Agua, Aire comprimido, CIP,\u2026).<\/li>\n<li>Fabricaci\u00f3n de Racs.<\/li>\n<li>Recubrimiento de Salas Blancas.<\/li>\n<li>Soldadura TIG.<\/li>\n<li>Soldadura TIG con purga por el sector Alimentario y sector Farmac\u00e9utico.<\/li>\n<\/ul>\n[\/vc_column_text][\/vc_column][\/vc_row][vc_row full_width=\u00bbstretch_row\u00bb content_placement=\u00bbmiddle\u00bb column_spacing=\u00bb0px\u00bb equal_height=\u00bbyes\u00bb][vc_column width=\u00bb1\/2&#8243;]<figure class=\"vcex-image vcex-module\"><div class=\"vcex-image-inner wpex-relative wpex-inline-block wpex-image-hover opacity\"><a href=\"\/es\/mantenimiento-industrial\/\"><img width=\"1200\" height=\"900\" src=\"https:\/\/serralleriamas.com\/wp-content\/uploads\/2024\/02\/img-pagina-serveis-3.jpg\" class=\"vcex-image-img wpex-align-middle\" alt=\"Manteniment Industrial - Sales Blanques\" loading=\"lazy\" decoding=\"async\" srcset=\"https:\/\/serralleriamas.com\/wp-content\/uploads\/2024\/02\/img-pagina-serveis-3.jpg 1200w, https:\/\/serralleriamas.com\/wp-content\/uploads\/2024\/02\/img-pagina-serveis-3-300x225.jpg 300w, https:\/\/serralleriamas.com\/wp-content\/uploads\/2024\/02\/img-pagina-serveis-3-1024x768.jpg 1024w, https:\/\/serralleriamas.com\/wp-content\/uploads\/2024\/02\/img-pagina-serveis-3-768x576.jpg 768w, https:\/\/serralleriamas.com\/wp-content\/uploads\/2024\/02\/img-pagina-serveis-3-600x450.jpg 600w\" sizes=\"(max-width: 1200px) 100vw, 1200px\" \/><\/a><\/div><\/figure>[\/vc_column][vc_column width=\u00bb1\/2&#8243; css=\u00bb.vc_custom_1707994698195{padding-top: 5% !important;padding-right: 10% !important;padding-bottom: 5% !important;padding-left: 10% !important;}\u00bb]<style>.vcex-heading.vcex_6a039ba3d48f6{color:#f80404;}<\/style><h3 class=\"vcex-heading vcex-heading-plain vcex-module wpex-heading wpex-text-2xl vcex_6a039ba3d48f6\"><a href=\"\/es\/mantenimiento-industrial\/\" class=\"wpex-no-underline wpex-inherit-color\" target=\"_self\"><span class=\"vcex-heading-inner wpex-inline-block\">MANTENIMIENTO INDUSTRIAL<\/span><\/a><\/h3><div class=\"vcex-spacing wpex-w-100 wpex-clear\" style=\"height:20px;\"><\/div>[vc_column_text font_size=\u00bb14px\u00bb text_align=\u00bbleft\u00bb]Realizamos tanto el mantenimiento preventivo con la frecuencia pautada como correctivo en caso de reparaciones industriales:<\/p>\n<p>Adem\u00e1s, te ayudan en:<\/p>\n<ul>\n<li><a href=\"\/es\/manteniment-de-sales-blanques\/\">Mantenimiento de Salas Blancas.<\/a><\/li>\n<li>Realizaci\u00f3n de planes de Mantenimiento.<\/li>\n<li>Montaje y desmontaje de maquinaria.<\/li>\n<\/ul>\n[\/vc_column_text][\/vc_column][\/vc_row][vc_row full_width=\u00bbstretch_row\u00bb content_placement=\u00bbmiddle\u00bb column_spacing=\u00bb0px\u00bb equal_height=\u00bbyes\u00bb columns_right=\u00bbyes\u00bb][vc_column width=\u00bb1\/2&#8243;]<figure class=\"vcex-image vcex-module\"><div class=\"vcex-image-inner wpex-relative wpex-inline-block wpex-image-hover opacity\"><img width=\"1200\" height=\"900\" src=\"https:\/\/serralleriamas.com\/wp-content\/uploads\/2024\/02\/img-pagina-serveis-4.jpg\" class=\"vcex-image-img wpex-align-middle\" alt=\"serralleria - Baranes, escales i reixes\" loading=\"lazy\" decoding=\"async\" srcset=\"https:\/\/serralleriamas.com\/wp-content\/uploads\/2024\/02\/img-pagina-serveis-4.jpg 1200w, https:\/\/serralleriamas.com\/wp-content\/uploads\/2024\/02\/img-pagina-serveis-4-300x225.jpg 300w, https:\/\/serralleriamas.com\/wp-content\/uploads\/2024\/02\/img-pagina-serveis-4-1024x768.jpg 1024w, https:\/\/serralleriamas.com\/wp-content\/uploads\/2024\/02\/img-pagina-serveis-4-768x576.jpg 768w, https:\/\/serralleriamas.com\/wp-content\/uploads\/2024\/02\/img-pagina-serveis-4-600x450.jpg 600w\" sizes=\"(max-width: 1200px) 100vw, 1200px\" \/><\/div><\/figure>[\/vc_column][vc_column width=\u00bb1\/2&#8243; css=\u00bb.vc_custom_1707994698195{padding-top: 5% !important;padding-right: 10% !important;padding-bottom: 5% !important;padding-left: 10% !important;}\u00bb]<style>.vcex-heading.vcex_6a039ba3d6c6d{color:#f80404;}<\/style><h3 class=\"vcex-heading vcex-heading-plain vcex-module wpex-heading wpex-text-2xl vcex_6a039ba3d6c6d\"><span class=\"vcex-heading-inner wpex-inline-block\">CERRAJER\u00cdA<\/span><\/h3><div class=\"vcex-spacing wpex-w-100 wpex-clear\" style=\"height:20px;\"><\/div>[vc_column_text font_size=\u00bb14px\u00bb text_align=\u00bbleft\u00bb]Nuestro origen es la Cerrajer\u00eda tradicional. As\u00ed es que ayudamos a nuestros clientes con:<\/p>\n<ul>\n<li><a href=\"https:\/\/serralleriamas.com\/es\/puertas-metalicas\/\">Puertas met\u00e1licas.<\/a><\/li>\n<li>Automatizaci\u00f3n de puertas.<\/li>\n<li>Cierres met\u00e1licos.<\/li>\n<li>Estructuras para almacenes.<\/li>\n<li>Barandillas, rejas y escaleras.<\/li>\n<\/ul>\n[\/vc_column_text][\/vc_column][\/vc_row][vc_row full_width=\u00bbstretch_row\u00bb content_placement=\u00bbmiddle\u00bb column_spacing=\u00bb0px\u00bb equal_height=\u00bbyes\u00bb][vc_column width=\u00bb1\/2&#8243;]<figure class=\"vcex-image vcex-module\"><div class=\"vcex-image-inner wpex-relative wpex-inline-block wpex-image-hover opacity\"><img width=\"1200\" height=\"900\" src=\"https:\/\/serralleriamas.com\/wp-content\/uploads\/2024\/02\/img-pagina-serveis-5.jpg\" class=\"vcex-image-img wpex-align-middle\" alt=\"Tancaments i malles met\u00e0l\u00b7liques de Serralleria\" loading=\"lazy\" decoding=\"async\" srcset=\"https:\/\/serralleriamas.com\/wp-content\/uploads\/2024\/02\/img-pagina-serveis-5.jpg 1200w, https:\/\/serralleriamas.com\/wp-content\/uploads\/2024\/02\/img-pagina-serveis-5-300x225.jpg 300w, https:\/\/serralleriamas.com\/wp-content\/uploads\/2024\/02\/img-pagina-serveis-5-1024x768.jpg 1024w, https:\/\/serralleriamas.com\/wp-content\/uploads\/2024\/02\/img-pagina-serveis-5-768x576.jpg 768w, https:\/\/serralleriamas.com\/wp-content\/uploads\/2024\/02\/img-pagina-serveis-5-600x450.jpg 600w\" sizes=\"(max-width: 1200px) 100vw, 1200px\" \/><\/div><\/figure>[\/vc_column][vc_column width=\u00bb1\/2&#8243; css=\u00bb.vc_custom_1707994698195{padding-top: 5% !important;padding-right: 10% !important;padding-bottom: 5% !important;padding-left: 10% !important;}\u00bb]<style>.vcex-heading.vcex_6a039ba3d90dc{color:#f80404;}<\/style><h3 class=\"vcex-heading vcex-heading-plain vcex-module wpex-heading wpex-text-2xl vcex_6a039ba3d90dc\"><span class=\"vcex-heading-inner wpex-inline-block\">MALLAS MET\u00c1LICAS<\/span><\/h3><div class=\"vcex-spacing wpex-w-100 wpex-clear\" style=\"height:20px;\"><\/div>[vc_column_text font_size=\u00bb14px\u00bb text_align=\u00bbleft\u00bb]A trav\u00e9s de la empresa del Grupo Metales Creativos ofrecemos todo tipo de mallas met\u00e1licas por diferentes sectores:<\/p>\n<ul>\n<li>Decoraci\u00f3n de Restaurantes y Hoteles.<\/li>\n<li>Separaci\u00f3n de espacios.<\/li>\n<li>Arquitectura.<\/li>\n<li>Interiorismo.<\/li>\n<li>Mallas de protecci\u00f3n.<\/li>\n<\/ul>\n[\/vc_column_text][\/vc_column][\/vc_row][\/vc_section][vc_row remove_bottom_col_margin=\u00bbtrue\u00bb][vc_column]<div class=\"templatera_shortcode\"><style type=\"text\/css\" data-type=\"vc_shortcodes-custom-css\">.vc_custom_1709195249079{padding-top: 5% !important;padding-bottom: 5% !important;}.vc_custom_1706701808228{padding-bottom: 15px !important;}<\/style><div data-vc-full-width=\"true\" data-vc-full-width-init=\"false\" data-vc-parallax=\"2.5\" data-vc-parallax-image=\"https:\/\/serralleriamas.com\/wp-content\/uploads\/2024\/02\/parallax-cta.jpg\" class=\"vc_row wpb_row vc_row-fluid vc_custom_1709195249079 vc_general vc_parallax vc_parallax-content-moving wpex-vc_row-has-fill wpex-vc-row-stretched no-bottom-margins\"><div class=\"wpb_column vc_column_container vc_col-sm-12\"><div class=\"vc_column-inner\"><div class=\"wpb_wrapper\"><style>.vcex-heading.vcex_6a039ba3dd016{color:#ffffff;font-size:32px;font-family:Karla, sans-serif;font-weight:400;text-transform:uppercase;}<\/style><h2 class=\"vcex-heading vcex-heading-plain vcex-module wpex-heading wpex-text-2xl wpex-text-center vc_custom_1706701808228 vcex_6a039ba3dd016\"><span class=\"vcex-heading-inner wpex-inline-block\">\u00bfNecesitas m\u00e1s informaci\u00f3n?<\/span><\/h2>\n\t<div style=\"color:#ffffff;font-size:18px;font-weight:300;text-align:center;width:500px;\" class=\"wpb_text_column has-custom-color wpex-child-inherit-color wpex-max-w-100 wpex-mx-auto wpb_content_element\" >\n\t\t<div class=\"wpb_wrapper\">\n\t\t\t<p>Si necesitas m\u00e1s informaci\u00f3n, contacta con nosotros y te responderemos lo antes posible.<\/p>\n\n\t\t<\/div>\n\t<\/div>\n<div class=\"vcex-spacing wpex-w-100 wpex-clear\"><\/div><div class=\"theme-button-wrap textcenter wpex-clr\"><a href=\"\/contacte\/\" class=\"vcex-button theme-button minimal-border align-center inline\" style=\"color:#ffffff;border:1px solid #ffffff;font-size:16px;font-weight:400;border-radius:var(--wpex-rounded-full);\" data-wpex-hover='{&quot;background&quot;:&quot;#ffffff&quot;,&quot;color&quot;:&quot;#000000&quot;}'><span class=\"vcex-button-inner theme-button-inner\">Contactar ahora<span class=\"vcex-button-icon vcex-icon-wrap theme-button-icon-right\"><span class=\"ticon ticon-envelope-o\" aria-hidden=\"true\"><\/span><\/span><\/span><\/a><\/div> <\/div><\/div><\/div><\/div><div class=\"vc_row-full-width vc_clearfix\"><\/div><\/div>[\/vc_column][\/vc_row]\n<\/div>","protected":false},"excerpt":{"rendered":"Soluciones Industriales a la medida de tu negocio Somos su socio de confianza en la fabricaci\u00f3n de maquinaria industrial y mantenimiento para sectores clave como el farmac\u00e9utico, alimentario, de embalaje y qu\u00edmico. Con una trayectoria consolidada en el Vall\u00e9s Occidental y Barcelona, nos dedicamos a proporcionar soluciones a medida que impulsan el rendimiento y la&hellip;","protected":false},"author":1,"featured_media":0,"parent":0,"menu_order":0,"comment_status":"closed","ping_status":"closed","template":"","meta":{"footnotes":""},"class_list":["post-5393","page","type-page","status-publish","hentry","entry","no-media"],"yoast_head":"<!-- This site is optimized with the Yoast SEO plugin v23.0 - https:\/\/yoast.com\/wordpress\/plugins\/seo\/ -->\n<title>Servicios - Serralleria Mas<\/title>\n<meta name=\"robots\" content=\"index, follow, max-snippet:-1, max-image-preview:large, max-video-preview:-1\" \/>\n<link rel=\"canonical\" href=\"https:\/\/serralleriamas.com\/es\/servicios\/\" \/>\n<meta property=\"og:locale\" content=\"es_ES\" \/>\n<meta property=\"og:type\" content=\"article\" \/>\n<meta property=\"og:title\" content=\"Servicios - Serralleria Mas\" \/>\n<meta property=\"og:url\" content=\"https:\/\/serralleriamas.com\/es\/servicios\/\" \/>\n<meta property=\"og:site_name\" content=\"Serralleria Mas\" \/>\n<meta property=\"article:modified_time\" content=\"2024-05-23T08:44:43+00:00\" \/>\n<meta name=\"twitter:card\" content=\"summary_large_image\" \/>\n<meta name=\"twitter:label1\" content=\"Tiempo de lectura\" \/>\n\t<meta name=\"twitter:data1\" content=\"3 minutos\" \/>\n<script type=\"application\/ld+json\" class=\"yoast-schema-graph\">{\"@context\":\"https:\/\/schema.org\",\"@graph\":[{\"@type\":\"WebPage\",\"@id\":\"https:\/\/serralleriamas.com\/es\/servicios\/\",\"url\":\"https:\/\/serralleriamas.com\/es\/servicios\/\",\"name\":\"Servicios - Serralleria Mas\",\"isPartOf\":{\"@id\":\"https:\/\/serralleriamas.com\/#website\"},\"datePublished\":\"2024-02-15T10:38:48+00:00\",\"dateModified\":\"2024-05-23T08:44:43+00:00\",\"breadcrumb\":{\"@id\":\"https:\/\/serralleriamas.com\/es\/servicios\/#breadcrumb\"},\"inLanguage\":\"es\",\"potentialAction\":[{\"@type\":\"ReadAction\",\"target\":[\"https:\/\/serralleriamas.com\/es\/servicios\/\"]}]},{\"@type\":\"BreadcrumbList\",\"@id\":\"https:\/\/serralleriamas.com\/es\/servicios\/#breadcrumb\",\"itemListElement\":[{\"@type\":\"ListItem\",\"position\":1,\"name\":\"Home\",\"item\":\"https:\/\/serralleriamas.com\/es\/home-2\/\"},{\"@type\":\"ListItem\",\"position\":2,\"name\":\"Servicios\"}]},{\"@type\":\"WebSite\",\"@id\":\"https:\/\/serralleriamas.com\/#website\",\"url\":\"https:\/\/serralleriamas.com\/\",\"name\":\"Serralleria Mas\",\"description\":\"Serveis de serralleria per a professionals i particulars\",\"publisher\":{\"@id\":\"https:\/\/serralleriamas.com\/#organization\"},\"potentialAction\":[{\"@type\":\"SearchAction\",\"target\":{\"@type\":\"EntryPoint\",\"urlTemplate\":\"https:\/\/serralleriamas.com\/?s={search_term_string}\"},\"query-input\":\"required name=search_term_string\"}],\"inLanguage\":\"es\"},{\"@type\":\"Organization\",\"@id\":\"https:\/\/serralleriamas.com\/#organization\",\"name\":\"Serralleria Mas\",\"url\":\"https:\/\/serralleriamas.com\/\",\"logo\":{\"@type\":\"ImageObject\",\"inLanguage\":\"es\",\"@id\":\"https:\/\/serralleriamas.com\/#\/schema\/logo\/image\/\",\"url\":\"https:\/\/serralleriamas.com\/wp-content\/uploads\/2024\/01\/LogotipsenseS.L.U.png\",\"contentUrl\":\"https:\/\/serralleriamas.com\/wp-content\/uploads\/2024\/01\/LogotipsenseS.L.U.png\",\"width\":404,\"height\":308,\"caption\":\"Serralleria Mas\"},\"image\":{\"@id\":\"https:\/\/serralleriamas.com\/#\/schema\/logo\/image\/\"}}]}<\/script>\n<!-- \/ Yoast SEO plugin. -->","yoast_head_json":{"title":"Servicios - Serralleria Mas","robots":{"index":"index","follow":"follow","max-snippet":"max-snippet:-1","max-image-preview":"max-image-preview:large","max-video-preview":"max-video-preview:-1"},"canonical":"https:\/\/serralleriamas.com\/es\/servicios\/","og_locale":"es_ES","og_type":"article","og_title":"Servicios - Serralleria Mas","og_url":"https:\/\/serralleriamas.com\/es\/servicios\/","og_site_name":"Serralleria Mas","article_modified_time":"2024-05-23T08:44:43+00:00","twitter_card":"summary_large_image","twitter_misc":{"Tiempo de lectura":"3 minutos"},"schema":{"@context":"https:\/\/schema.org","@graph":[{"@type":"WebPage","@id":"https:\/\/serralleriamas.com\/es\/servicios\/","url":"https:\/\/serralleriamas.com\/es\/servicios\/","name":"Servicios - Serralleria Mas","isPartOf":{"@id":"https:\/\/serralleriamas.com\/#website"},"datePublished":"2024-02-15T10:38:48+00:00","dateModified":"2024-05-23T08:44:43+00:00","breadcrumb":{"@id":"https:\/\/serralleriamas.com\/es\/servicios\/#breadcrumb"},"inLanguage":"es","potentialAction":[{"@type":"ReadAction","target":["https:\/\/serralleriamas.com\/es\/servicios\/"]}]},{"@type":"BreadcrumbList","@id":"https:\/\/serralleriamas.com\/es\/servicios\/#breadcrumb","itemListElement":[{"@type":"ListItem","position":1,"name":"Home","item":"https:\/\/serralleriamas.com\/es\/home-2\/"},{"@type":"ListItem","position":2,"name":"Servicios"}]},{"@type":"WebSite","@id":"https:\/\/serralleriamas.com\/#website","url":"https:\/\/serralleriamas.com\/","name":"Serralleria Mas","description":"Serveis de serralleria per a professionals i particulars","publisher":{"@id":"https:\/\/serralleriamas.com\/#organization"},"potentialAction":[{"@type":"SearchAction","target":{"@type":"EntryPoint","urlTemplate":"https:\/\/serralleriamas.com\/?s={search_term_string}"},"query-input":"required name=search_term_string"}],"inLanguage":"es"},{"@type":"Organization","@id":"https:\/\/serralleriamas.com\/#organization","name":"Serralleria Mas","url":"https:\/\/serralleriamas.com\/","logo":{"@type":"ImageObject","inLanguage":"es","@id":"https:\/\/serralleriamas.com\/#\/schema\/logo\/image\/","url":"https:\/\/serralleriamas.com\/wp-content\/uploads\/2024\/01\/LogotipsenseS.L.U.png","contentUrl":"https:\/\/serralleriamas.com\/wp-content\/uploads\/2024\/01\/LogotipsenseS.L.U.png","width":404,"height":308,"caption":"Serralleria Mas"},"image":{"@id":"https:\/\/serralleriamas.com\/#\/schema\/logo\/image\/"}}]}},"_links":{"self":[{"href":"https:\/\/serralleriamas.com\/es\/wp-json\/wp\/v2\/pages\/5393"}],"collection":[{"href":"https:\/\/serralleriamas.com\/es\/wp-json\/wp\/v2\/pages"}],"about":[{"href":"https:\/\/serralleriamas.com\/es\/wp-json\/wp\/v2\/types\/page"}],"author":[{"embeddable":true,"href":"https:\/\/serralleriamas.com\/es\/wp-json\/wp\/v2\/users\/1"}],"replies":[{"embeddable":true,"href":"https:\/\/serralleriamas.com\/es\/wp-json\/wp\/v2\/comments?post=5393"}],"version-history":[{"count":14,"href":"https:\/\/serralleriamas.com\/es\/wp-json\/wp\/v2\/pages\/5393\/revisions"}],"predecessor-version":[{"id":5898,"href":"https:\/\/serralleriamas.com\/es\/wp-json\/wp\/v2\/pages\/5393\/revisions\/5898"}],"wp:attachment":[{"href":"https:\/\/serralleriamas.com\/es\/wp-json\/wp\/v2\/media?parent=5393"}],"curies":[{"name":"wp","href":"https:\/\/api.w.org\/{rel}","templated":true}]}}