{"id":5392,"date":"2024-02-15T11:18:15","date_gmt":"2024-02-15T11:18:15","guid":{"rendered":"https:\/\/serralleriamas.com\/projectes\/"},"modified":"2024-04-24T04:41:49","modified_gmt":"2024-04-24T04:41:49","slug":"proyectos","status":"publish","type":"page","link":"https:\/\/serralleriamas.com\/es\/proyectos\/","title":{"rendered":"Proyectos"},"content":{"rendered":"<div class=\"wpb-content-wrapper\">[vc_row full_width=\u00bbstretch_row\u00bb parallax=\u00bbcontent-moving\u00bb parallax_speed_bg=\u00bb4.5&#8243; remove_bottom_col_margin=\u00bbtrue\u00bb css=\u00bb.vc_custom_1707997503342{padding-top: 50px !important;padding-bottom: 50px !important;}\u00bb][vc_column]<div class=\"vcex-module vcex-portfolio-grid-wrap wpex-clr\"><ul class=\"vcex-portfolio-filter vcex-filter-links wpex-clr center\"><li class=\"active\"><a href=\"#\" data-filter=\"*\" class=\"theme-button minimal-border\"><span>Todo<\/span><\/a><\/li><li class=\"filter-cat-102\"><a href=\"#\" data-filter=\".cat-102\" class=\"theme-button minimal-border\">Alimentaci\u00f3 animal<\/a><\/li><li class=\"filter-cat-105\"><a href=\"#\" data-filter=\".cat-105\" class=\"theme-button minimal-border\">Farmac\u00e8utic<\/a><\/li><li class=\"filter-cat-103\"><a href=\"#\" data-filter=\".cat-103\" class=\"theme-button minimal-border\">Manufacturera<\/a><\/li><li class=\"filter-cat-104\"><a href=\"#\" data-filter=\".cat-104\" class=\"theme-button minimal-border\">Qu\u00edmic<\/a><\/li><\/ul><div class=\"wpex-row vcex-portfolio-grid wpex-clr entries match-height-grid vcex-isotope-grid wpex-overflow-hidden\"><div class=\"portfolio-entry vcex-grid-item entry-has-details span_1_of_3 col col-1 vcex-isotope-entry textcenter post-5399 entry type-portfolio has-media cat-102\"><div class=\"portfolio-entry-inner entry-inner wpex-first-mt-0 wpex-last-mb-0 wpex-clr\"><div class=\"portfolio-entry-media entry-media wpex-image-hover opacity\"><a href=\"https:\/\/serralleriamas.com\/es\/portfolio-item\/ventilador-dextraccio-de-pols\/\" title=\"Ventilador de extracci\u00f3n de polvo\" class=\"portfolio-entry-media-link\"><img width=\"1000\" height=\"1000\" src=\"https:\/\/serralleriamas.com\/wp-content\/uploads\/2024\/03\/img-pagina-projectes-6-1.jpg\" class=\"portfolio-entry-img wpex-align-middle skip-lazy\" alt=\"\" data-no-lazy=\"1\" srcset=\"https:\/\/serralleriamas.com\/wp-content\/uploads\/2024\/03\/img-pagina-projectes-6-1.jpg 1000w, https:\/\/serralleriamas.com\/wp-content\/uploads\/2024\/03\/img-pagina-projectes-6-1-300x300.jpg 300w, https:\/\/serralleriamas.com\/wp-content\/uploads\/2024\/03\/img-pagina-projectes-6-1-150x150.jpg 150w, https:\/\/serralleriamas.com\/wp-content\/uploads\/2024\/03\/img-pagina-projectes-6-1-768x768.jpg 768w, https:\/\/serralleriamas.com\/wp-content\/uploads\/2024\/03\/img-pagina-projectes-6-1-600x600.jpg 600w, https:\/\/serralleriamas.com\/wp-content\/uploads\/2024\/03\/img-pagina-projectes-6-1-100x100.jpg 100w, https:\/\/serralleriamas.com\/wp-content\/uploads\/2024\/03\/img-pagina-projectes-6-1-125x125.jpg 125w, https:\/\/serralleriamas.com\/wp-content\/uploads\/2024\/03\/img-pagina-projectes-6-1-125x125@2x.jpg 250w\" sizes=\"(max-width: 1000px) 100vw, 1000px\" \/><\/a><\/div><div class=\"portfolio-entry-details entry-details wpex-bordered wpex-first-mt-0 wpex-last-mb-0 wpex-clr\"><div class=\"match-height-content\"><h2 class=\"portfolio-entry-title entry-title wpex-mb-5\" style=\"font-size:19px;\"><a href=\"https:\/\/serralleriamas.com\/es\/portfolio-item\/ventilador-dextraccio-de-pols\/\" title=\"Ventilador de extracci\u00f3n de polvo\">Ventilador de extracci\u00f3n de polvo<\/a><\/h2><div class=\"portfolio-entry-readmore-wrap entry-readmore-wrap wpex-my-15 wpex-clr\"><a href=\"https:\/\/serralleriamas.com\/es\/portfolio-item\/ventilador-dextraccio-de-pols\/\" class=\"theme-button\" style=\"border-radius:var(--wpex-rounded-full);\" aria-label=\"Ver proyecto about Ventilador de extracci\u00f3n de polvo\">Ver proyecto <span class=\"vcex-readmore-rarr\">&rarr;<\/span><\/a><\/div><\/div><\/div><\/div><\/div><div class=\"portfolio-entry vcex-grid-item entry-has-details span_1_of_3 col col-2 vcex-isotope-entry textcenter post-5400 entry type-portfolio has-media cat-103\"><div class=\"portfolio-entry-inner entry-inner wpex-first-mt-0 wpex-last-mb-0 wpex-clr\"><div class=\"portfolio-entry-media entry-media wpex-image-hover opacity\"><a href=\"https:\/\/serralleriamas.com\/es\/portfolio-item\/mastil-per-a-magatzem-intel%c2%b7ligent\/\" title=\"Mastil para almac\u00e9n inteligente\" class=\"portfolio-entry-media-link\"><img width=\"1000\" height=\"1000\" src=\"https:\/\/serralleriamas.com\/wp-content\/uploads\/2024\/03\/img-pagina-projectes-5-1.jpg\" class=\"portfolio-entry-img wpex-align-middle skip-lazy\" alt=\"\" data-no-lazy=\"1\" srcset=\"https:\/\/serralleriamas.com\/wp-content\/uploads\/2024\/03\/img-pagina-projectes-5-1.jpg 1000w, https:\/\/serralleriamas.com\/wp-content\/uploads\/2024\/03\/img-pagina-projectes-5-1-300x300.jpg 300w, https:\/\/serralleriamas.com\/wp-content\/uploads\/2024\/03\/img-pagina-projectes-5-1-150x150.jpg 150w, https:\/\/serralleriamas.com\/wp-content\/uploads\/2024\/03\/img-pagina-projectes-5-1-768x768.jpg 768w, https:\/\/serralleriamas.com\/wp-content\/uploads\/2024\/03\/img-pagina-projectes-5-1-600x600.jpg 600w, https:\/\/serralleriamas.com\/wp-content\/uploads\/2024\/03\/img-pagina-projectes-5-1-100x100.jpg 100w, https:\/\/serralleriamas.com\/wp-content\/uploads\/2024\/03\/img-pagina-projectes-5-1-125x125.jpg 125w, https:\/\/serralleriamas.com\/wp-content\/uploads\/2024\/03\/img-pagina-projectes-5-1-125x125@2x.jpg 250w\" sizes=\"(max-width: 1000px) 100vw, 1000px\" \/><\/a><\/div><div class=\"portfolio-entry-details entry-details wpex-bordered wpex-first-mt-0 wpex-last-mb-0 wpex-clr\"><div class=\"match-height-content\"><h2 class=\"portfolio-entry-title entry-title wpex-mb-5\" style=\"font-size:19px;\"><a href=\"https:\/\/serralleriamas.com\/es\/portfolio-item\/mastil-per-a-magatzem-intel%c2%b7ligent\/\" title=\"Mastil para almac\u00e9n inteligente\">Mastil para almac\u00e9n inteligente<\/a><\/h2><div class=\"portfolio-entry-readmore-wrap entry-readmore-wrap wpex-my-15 wpex-clr\"><a href=\"https:\/\/serralleriamas.com\/es\/portfolio-item\/mastil-per-a-magatzem-intel%c2%b7ligent\/\" class=\"theme-button\" style=\"border-radius:var(--wpex-rounded-full);\" aria-label=\"Ver proyecto about Mastil para almac\u00e9n inteligente\">Ver proyecto <span class=\"vcex-readmore-rarr\">&rarr;<\/span><\/a><\/div><\/div><\/div><\/div><\/div><div class=\"portfolio-entry vcex-grid-item entry-has-details span_1_of_3 col col-3 vcex-isotope-entry textcenter post-5401 entry type-portfolio has-media cat-104\"><div class=\"portfolio-entry-inner entry-inner wpex-first-mt-0 wpex-last-mb-0 wpex-clr\"><div class=\"portfolio-entry-media entry-media wpex-image-hover opacity\"><a href=\"https:\/\/serralleriamas.com\/es\/portfolio-item\/estufa-per-escalfar-producte\/\" title=\"Estufa para calentar producto\" class=\"portfolio-entry-media-link\"><img width=\"1000\" height=\"1000\" src=\"https:\/\/serralleriamas.com\/wp-content\/uploads\/2024\/03\/img-pagina-projectes-4-2.jpg\" class=\"portfolio-entry-img wpex-align-middle skip-lazy\" alt=\"\" data-no-lazy=\"1\" srcset=\"https:\/\/serralleriamas.com\/wp-content\/uploads\/2024\/03\/img-pagina-projectes-4-2.jpg 1000w, https:\/\/serralleriamas.com\/wp-content\/uploads\/2024\/03\/img-pagina-projectes-4-2-300x300.jpg 300w, https:\/\/serralleriamas.com\/wp-content\/uploads\/2024\/03\/img-pagina-projectes-4-2-150x150.jpg 150w, https:\/\/serralleriamas.com\/wp-content\/uploads\/2024\/03\/img-pagina-projectes-4-2-768x768.jpg 768w, https:\/\/serralleriamas.com\/wp-content\/uploads\/2024\/03\/img-pagina-projectes-4-2-600x600.jpg 600w, https:\/\/serralleriamas.com\/wp-content\/uploads\/2024\/03\/img-pagina-projectes-4-2-100x100.jpg 100w, https:\/\/serralleriamas.com\/wp-content\/uploads\/2024\/03\/img-pagina-projectes-4-2-125x125.jpg 125w, https:\/\/serralleriamas.com\/wp-content\/uploads\/2024\/03\/img-pagina-projectes-4-2-125x125@2x.jpg 250w\" sizes=\"(max-width: 1000px) 100vw, 1000px\" \/><\/a><\/div><div class=\"portfolio-entry-details entry-details wpex-bordered wpex-first-mt-0 wpex-last-mb-0 wpex-clr\"><div class=\"match-height-content\"><h2 class=\"portfolio-entry-title entry-title wpex-mb-5\" style=\"font-size:19px;\"><a href=\"https:\/\/serralleriamas.com\/es\/portfolio-item\/estufa-per-escalfar-producte\/\" title=\"Estufa para calentar producto\">Estufa para calentar producto<\/a><\/h2><div class=\"portfolio-entry-readmore-wrap entry-readmore-wrap wpex-my-15 wpex-clr\"><a href=\"https:\/\/serralleriamas.com\/es\/portfolio-item\/estufa-per-escalfar-producte\/\" class=\"theme-button\" style=\"border-radius:var(--wpex-rounded-full);\" aria-label=\"Ver proyecto about Estufa para calentar producto\">Ver proyecto <span class=\"vcex-readmore-rarr\">&rarr;<\/span><\/a><\/div><\/div><\/div><\/div><\/div><div class=\"portfolio-entry vcex-grid-item entry-has-details span_1_of_3 col col-1 vcex-isotope-entry textcenter post-5402 entry type-portfolio has-media cat-105\"><div class=\"portfolio-entry-inner entry-inner wpex-first-mt-0 wpex-last-mb-0 wpex-clr\"><div class=\"portfolio-entry-media entry-media wpex-image-hover opacity\"><a href=\"https:\/\/serralleriamas.com\/es\/portfolio-item\/moble-per-sala-blanca\/\" title=\"Mueble para sala blanca\" class=\"portfolio-entry-media-link\"><img width=\"1000\" height=\"1000\" src=\"https:\/\/serralleriamas.com\/wp-content\/uploads\/2024\/02\/img-pagina-projectes-3-1.jpg\" class=\"portfolio-entry-img wpex-align-middle skip-lazy\" alt=\"\" data-no-lazy=\"1\" srcset=\"https:\/\/serralleriamas.com\/wp-content\/uploads\/2024\/02\/img-pagina-projectes-3-1.jpg 1000w, https:\/\/serralleriamas.com\/wp-content\/uploads\/2024\/02\/img-pagina-projectes-3-1-300x300.jpg 300w, https:\/\/serralleriamas.com\/wp-content\/uploads\/2024\/02\/img-pagina-projectes-3-1-150x150.jpg 150w, https:\/\/serralleriamas.com\/wp-content\/uploads\/2024\/02\/img-pagina-projectes-3-1-768x768.jpg 768w, https:\/\/serralleriamas.com\/wp-content\/uploads\/2024\/02\/img-pagina-projectes-3-1-600x600.jpg 600w, https:\/\/serralleriamas.com\/wp-content\/uploads\/2024\/02\/img-pagina-projectes-3-1-100x100.jpg 100w, https:\/\/serralleriamas.com\/wp-content\/uploads\/2024\/02\/img-pagina-projectes-3-1-125x125.jpg 125w, https:\/\/serralleriamas.com\/wp-content\/uploads\/2024\/02\/img-pagina-projectes-3-1-125x125@2x.jpg 250w\" sizes=\"(max-width: 1000px) 100vw, 1000px\" \/><\/a><\/div><div class=\"portfolio-entry-details entry-details wpex-bordered wpex-first-mt-0 wpex-last-mb-0 wpex-clr\"><div class=\"match-height-content\"><h2 class=\"portfolio-entry-title entry-title wpex-mb-5\" style=\"font-size:19px;\"><a href=\"https:\/\/serralleriamas.com\/es\/portfolio-item\/moble-per-sala-blanca\/\" title=\"Mueble para sala blanca\">Mueble para sala blanca<\/a><\/h2><div class=\"portfolio-entry-readmore-wrap entry-readmore-wrap wpex-my-15 wpex-clr\"><a href=\"https:\/\/serralleriamas.com\/es\/portfolio-item\/moble-per-sala-blanca\/\" class=\"theme-button\" style=\"border-radius:var(--wpex-rounded-full);\" aria-label=\"Ver proyecto about Mueble para sala blanca\">Ver proyecto <span class=\"vcex-readmore-rarr\">&rarr;<\/span><\/a><\/div><\/div><\/div><\/div><\/div><div class=\"portfolio-entry vcex-grid-item entry-has-details span_1_of_3 col col-2 vcex-isotope-entry textcenter post-5403 entry type-portfolio has-media cat-103\"><div class=\"portfolio-entry-inner entry-inner wpex-first-mt-0 wpex-last-mb-0 wpex-clr\"><div class=\"portfolio-entry-media entry-media wpex-image-hover opacity\"><a href=\"https:\/\/serralleriamas.com\/es\/portfolio-item\/fabricacio-daranya-giratoria-per-a-magatzem-intel%c2%b7ligent\/\" title=\"Fabricaci\u00f3n de ara\u00f1a giratoria para almac\u00e9n inteligente\" class=\"portfolio-entry-media-link\"><img width=\"1000\" height=\"1000\" src=\"https:\/\/serralleriamas.com\/wp-content\/uploads\/2024\/02\/img-pagina-projectes-2-1.jpg\" class=\"portfolio-entry-img wpex-align-middle skip-lazy\" alt=\"\" data-no-lazy=\"1\" srcset=\"https:\/\/serralleriamas.com\/wp-content\/uploads\/2024\/02\/img-pagina-projectes-2-1.jpg 1000w, https:\/\/serralleriamas.com\/wp-content\/uploads\/2024\/02\/img-pagina-projectes-2-1-300x300.jpg 300w, https:\/\/serralleriamas.com\/wp-content\/uploads\/2024\/02\/img-pagina-projectes-2-1-150x150.jpg 150w, https:\/\/serralleriamas.com\/wp-content\/uploads\/2024\/02\/img-pagina-projectes-2-1-768x768.jpg 768w, https:\/\/serralleriamas.com\/wp-content\/uploads\/2024\/02\/img-pagina-projectes-2-1-600x600.jpg 600w, https:\/\/serralleriamas.com\/wp-content\/uploads\/2024\/02\/img-pagina-projectes-2-1-100x100.jpg 100w, https:\/\/serralleriamas.com\/wp-content\/uploads\/2024\/02\/img-pagina-projectes-2-1-125x125.jpg 125w, https:\/\/serralleriamas.com\/wp-content\/uploads\/2024\/02\/img-pagina-projectes-2-1-125x125@2x.jpg 250w\" sizes=\"(max-width: 1000px) 100vw, 1000px\" \/><\/a><\/div><div class=\"portfolio-entry-details entry-details wpex-bordered wpex-first-mt-0 wpex-last-mb-0 wpex-clr\"><div class=\"match-height-content\"><h2 class=\"portfolio-entry-title entry-title wpex-mb-5\" style=\"font-size:19px;\"><a href=\"https:\/\/serralleriamas.com\/es\/portfolio-item\/fabricacio-daranya-giratoria-per-a-magatzem-intel%c2%b7ligent\/\" title=\"Fabricaci\u00f3n de ara\u00f1a giratoria para almac\u00e9n inteligente\">Fabricaci\u00f3n de ara\u00f1a giratoria para almac\u00e9n inteligente<\/a><\/h2><div class=\"portfolio-entry-readmore-wrap entry-readmore-wrap wpex-my-15 wpex-clr\"><a href=\"https:\/\/serralleriamas.com\/es\/portfolio-item\/fabricacio-daranya-giratoria-per-a-magatzem-intel%c2%b7ligent\/\" class=\"theme-button\" style=\"border-radius:var(--wpex-rounded-full);\" aria-label=\"Ver proyecto about Fabricaci\u00f3n de ara\u00f1a giratoria para almac\u00e9n inteligente\">Ver proyecto <span class=\"vcex-readmore-rarr\">&rarr;<\/span><\/a><\/div><\/div><\/div><\/div><\/div><div class=\"portfolio-entry vcex-grid-item entry-has-details span_1_of_3 col col-3 vcex-isotope-entry textcenter post-5404 entry type-portfolio has-media tag-106 tag-107 tag-108 cat-103\"><div class=\"portfolio-entry-inner entry-inner wpex-first-mt-0 wpex-last-mb-0 wpex-clr\"><div class=\"portfolio-entry-media entry-media wpex-image-hover opacity\"><a href=\"https:\/\/serralleriamas.com\/es\/portfolio-item\/fabricacio-de-gabies-per-a-rodes\/\" title=\"Fabricaci\u00f3n de jaulas para ruedas\" class=\"portfolio-entry-media-link\"><img width=\"1000\" height=\"1000\" src=\"https:\/\/serralleriamas.com\/wp-content\/uploads\/2013\/11\/img-pagina-projectes-1-1.jpg\" class=\"portfolio-entry-img wpex-align-middle skip-lazy\" alt=\"estructures per a magatzems de serralleria\" data-no-lazy=\"1\" srcset=\"https:\/\/serralleriamas.com\/wp-content\/uploads\/2013\/11\/img-pagina-projectes-1-1.jpg 1000w, https:\/\/serralleriamas.com\/wp-content\/uploads\/2013\/11\/img-pagina-projectes-1-1-300x300.jpg 300w, https:\/\/serralleriamas.com\/wp-content\/uploads\/2013\/11\/img-pagina-projectes-1-1-150x150.jpg 150w, https:\/\/serralleriamas.com\/wp-content\/uploads\/2013\/11\/img-pagina-projectes-1-1-768x768.jpg 768w, https:\/\/serralleriamas.com\/wp-content\/uploads\/2013\/11\/img-pagina-projectes-1-1-600x600.jpg 600w, https:\/\/serralleriamas.com\/wp-content\/uploads\/2013\/11\/img-pagina-projectes-1-1-100x100.jpg 100w, https:\/\/serralleriamas.com\/wp-content\/uploads\/2013\/11\/img-pagina-projectes-1-1-350x350.jpg 350w, https:\/\/serralleriamas.com\/wp-content\/uploads\/2013\/11\/img-pagina-projectes-1-1-350x350@2x.jpg 700w, https:\/\/serralleriamas.com\/wp-content\/uploads\/2013\/11\/img-pagina-projectes-1-1-125x125.jpg 125w, https:\/\/serralleriamas.com\/wp-content\/uploads\/2013\/11\/img-pagina-projectes-1-1-125x125@2x.jpg 250w\" sizes=\"(max-width: 1000px) 100vw, 1000px\" \/><\/a><\/div><div class=\"portfolio-entry-details entry-details wpex-bordered wpex-first-mt-0 wpex-last-mb-0 wpex-clr\"><div class=\"match-height-content\"><h2 class=\"portfolio-entry-title entry-title wpex-mb-5\" style=\"font-size:19px;\"><a href=\"https:\/\/serralleriamas.com\/es\/portfolio-item\/fabricacio-de-gabies-per-a-rodes\/\" title=\"Fabricaci\u00f3n de jaulas para ruedas\">Fabricaci\u00f3n de jaulas para ruedas<\/a><\/h2><div class=\"portfolio-entry-readmore-wrap entry-readmore-wrap wpex-my-15 wpex-clr\"><a href=\"https:\/\/serralleriamas.com\/es\/portfolio-item\/fabricacio-de-gabies-per-a-rodes\/\" class=\"theme-button\" style=\"border-radius:var(--wpex-rounded-full);\" aria-label=\"Ver proyecto about Fabricaci\u00f3n de jaulas para ruedas\">Ver proyecto <span class=\"vcex-readmore-rarr\">&rarr;<\/span><\/a><\/div><\/div><\/div><\/div><\/div><\/div><\/div>[\/vc_column][\/vc_row][vc_row remove_bottom_col_margin=\u00bbtrue\u00bb][vc_column]<div class=\"templatera_shortcode\"><style type=\"text\/css\" data-type=\"vc_shortcodes-custom-css\">.vc_custom_1709195249079{padding-top: 5% !important;padding-bottom: 5% !important;}.vc_custom_1706701808228{padding-bottom: 15px !important;}<\/style><div data-vc-full-width=\"true\" data-vc-full-width-init=\"false\" data-vc-parallax=\"2.5\" data-vc-parallax-image=\"https:\/\/serralleriamas.com\/wp-content\/uploads\/2024\/02\/parallax-cta.jpg\" class=\"vc_row wpb_row vc_row-fluid vc_custom_1709195249079 vc_general vc_parallax vc_parallax-content-moving wpex-vc_row-has-fill wpex-vc-row-stretched no-bottom-margins\"><div class=\"wpb_column vc_column_container vc_col-sm-12\"><div class=\"vc_column-inner\"><div class=\"wpb_wrapper\"><style>.vcex-heading.vcex_69e1d72d8d4a3{color:#ffffff;font-size:32px;font-family:Karla, sans-serif;font-weight:400;text-transform:uppercase;}<\/style><h2 class=\"vcex-heading vcex-heading-plain vcex-module wpex-heading wpex-text-2xl wpex-text-center vc_custom_1706701808228 vcex_69e1d72d8d4a3\"><span class=\"vcex-heading-inner wpex-inline-block\">\u00bfNecesitas m\u00e1s informaci\u00f3n?<\/span><\/h2>\n\t<div style=\"color:#ffffff;font-size:18px;font-weight:300;text-align:center;width:500px;\" class=\"wpb_text_column has-custom-color wpex-child-inherit-color wpex-max-w-100 wpex-mx-auto wpb_content_element\" >\n\t\t<div class=\"wpb_wrapper\">\n\t\t\t<p>Si necesitas m\u00e1s informaci\u00f3n, contacta con nosotros y te responderemos lo antes posible.<\/p>\n\n\t\t<\/div>\n\t<\/div>\n<div class=\"vcex-spacing wpex-w-100 wpex-clear\"><\/div><div class=\"theme-button-wrap textcenter wpex-clr\"><a href=\"\/contacte\/\" class=\"vcex-button theme-button minimal-border align-center inline\" style=\"color:#ffffff;border:1px solid #ffffff;font-size:16px;font-weight:400;border-radius:var(--wpex-rounded-full);\" data-wpex-hover='{&quot;background&quot;:&quot;#ffffff&quot;,&quot;color&quot;:&quot;#000000&quot;}'><span class=\"vcex-button-inner theme-button-inner\">Contactar ahora<span class=\"vcex-button-icon vcex-icon-wrap theme-button-icon-right\"><span class=\"ticon ticon-envelope-o\" aria-hidden=\"true\"><\/span><\/span><\/span><\/a><\/div> <\/div><\/div><\/div><\/div><div class=\"vc_row-full-width vc_clearfix\"><\/div><\/div>[\/vc_column][\/vc_row]\n<\/div>","protected":false},"excerpt":{"rendered":"\u00bfQu\u00e9 es? Bancadas por almacenamiento de ruedas de avi\u00f3n. Descripci\u00f3n Dise\u00f1o y fabricaci\u00f3n de bancadas para almacenar ruedas de avi\u00f3n en Islandia. Jaulas para almacenamiento de ruedas de aviones. Soldadura robotizada. Proyecto: Ubicado en Islandia. \u00bfNecesitas m\u00e1s informaci\u00f3n? Si necesitas m\u00e1s informaci\u00f3n, contacta con nosotros y te responderemos lo antes posible. Contactar ahora","protected":false},"author":1,"featured_media":0,"parent":0,"menu_order":0,"comment_status":"closed","ping_status":"closed","template":"","meta":{"footnotes":""},"class_list":["post-5392","page","type-page","status-publish","hentry","entry","has-media"],"yoast_head":"<!-- This site is optimized with the Yoast SEO plugin v23.0 - https:\/\/yoast.com\/wordpress\/plugins\/seo\/ -->\n<title>Proyectos - Serralleria Mas<\/title>\n<meta name=\"robots\" content=\"index, follow, max-snippet:-1, max-image-preview:large, max-video-preview:-1\" \/>\n<link rel=\"canonical\" href=\"https:\/\/serralleriamas.com\/es\/proyectos\/\" \/>\n<meta property=\"og:locale\" content=\"es_ES\" \/>\n<meta property=\"og:type\" content=\"article\" \/>\n<meta property=\"og:title\" content=\"Proyectos - Serralleria Mas\" \/>\n<meta property=\"og:url\" content=\"https:\/\/serralleriamas.com\/es\/proyectos\/\" \/>\n<meta property=\"og:site_name\" content=\"Serralleria Mas\" \/>\n<meta property=\"article:modified_time\" content=\"2024-04-24T04:41:49+00:00\" \/>\n<meta name=\"twitter:card\" content=\"summary_large_image\" \/>\n<meta name=\"twitter:label1\" content=\"Tiempo de lectura\" \/>\n\t<meta name=\"twitter:data1\" content=\"1 minuto\" \/>\n<script type=\"application\/ld+json\" class=\"yoast-schema-graph\">{\"@context\":\"https:\/\/schema.org\",\"@graph\":[{\"@type\":\"WebPage\",\"@id\":\"https:\/\/serralleriamas.com\/es\/proyectos\/\",\"url\":\"https:\/\/serralleriamas.com\/es\/proyectos\/\",\"name\":\"Proyectos - Serralleria Mas\",\"isPartOf\":{\"@id\":\"https:\/\/serralleriamas.com\/#website\"},\"datePublished\":\"2024-02-15T11:18:15+00:00\",\"dateModified\":\"2024-04-24T04:41:49+00:00\",\"breadcrumb\":{\"@id\":\"https:\/\/serralleriamas.com\/es\/proyectos\/#breadcrumb\"},\"inLanguage\":\"es\",\"potentialAction\":[{\"@type\":\"ReadAction\",\"target\":[\"https:\/\/serralleriamas.com\/es\/proyectos\/\"]}]},{\"@type\":\"BreadcrumbList\",\"@id\":\"https:\/\/serralleriamas.com\/es\/proyectos\/#breadcrumb\",\"itemListElement\":[{\"@type\":\"ListItem\",\"position\":1,\"name\":\"Home\",\"item\":\"https:\/\/serralleriamas.com\/es\/home-2\/\"},{\"@type\":\"ListItem\",\"position\":2,\"name\":\"Proyectos\"}]},{\"@type\":\"WebSite\",\"@id\":\"https:\/\/serralleriamas.com\/#website\",\"url\":\"https:\/\/serralleriamas.com\/\",\"name\":\"Serralleria Mas\",\"description\":\"Serveis de serralleria per a professionals i particulars\",\"publisher\":{\"@id\":\"https:\/\/serralleriamas.com\/#organization\"},\"potentialAction\":[{\"@type\":\"SearchAction\",\"target\":{\"@type\":\"EntryPoint\",\"urlTemplate\":\"https:\/\/serralleriamas.com\/?s={search_term_string}\"},\"query-input\":\"required name=search_term_string\"}],\"inLanguage\":\"es\"},{\"@type\":\"Organization\",\"@id\":\"https:\/\/serralleriamas.com\/#organization\",\"name\":\"Serralleria Mas\",\"url\":\"https:\/\/serralleriamas.com\/\",\"logo\":{\"@type\":\"ImageObject\",\"inLanguage\":\"es\",\"@id\":\"https:\/\/serralleriamas.com\/#\/schema\/logo\/image\/\",\"url\":\"https:\/\/serralleriamas.com\/wp-content\/uploads\/2024\/01\/LogotipsenseS.L.U.png\",\"contentUrl\":\"https:\/\/serralleriamas.com\/wp-content\/uploads\/2024\/01\/LogotipsenseS.L.U.png\",\"width\":404,\"height\":308,\"caption\":\"Serralleria Mas\"},\"image\":{\"@id\":\"https:\/\/serralleriamas.com\/#\/schema\/logo\/image\/\"}}]}<\/script>\n<!-- \/ Yoast SEO plugin. -->","yoast_head_json":{"title":"Proyectos - Serralleria Mas","robots":{"index":"index","follow":"follow","max-snippet":"max-snippet:-1","max-image-preview":"max-image-preview:large","max-video-preview":"max-video-preview:-1"},"canonical":"https:\/\/serralleriamas.com\/es\/proyectos\/","og_locale":"es_ES","og_type":"article","og_title":"Proyectos - Serralleria Mas","og_url":"https:\/\/serralleriamas.com\/es\/proyectos\/","og_site_name":"Serralleria Mas","article_modified_time":"2024-04-24T04:41:49+00:00","twitter_card":"summary_large_image","twitter_misc":{"Tiempo de lectura":"1 minuto"},"schema":{"@context":"https:\/\/schema.org","@graph":[{"@type":"WebPage","@id":"https:\/\/serralleriamas.com\/es\/proyectos\/","url":"https:\/\/serralleriamas.com\/es\/proyectos\/","name":"Proyectos - Serralleria Mas","isPartOf":{"@id":"https:\/\/serralleriamas.com\/#website"},"datePublished":"2024-02-15T11:18:15+00:00","dateModified":"2024-04-24T04:41:49+00:00","breadcrumb":{"@id":"https:\/\/serralleriamas.com\/es\/proyectos\/#breadcrumb"},"inLanguage":"es","potentialAction":[{"@type":"ReadAction","target":["https:\/\/serralleriamas.com\/es\/proyectos\/"]}]},{"@type":"BreadcrumbList","@id":"https:\/\/serralleriamas.com\/es\/proyectos\/#breadcrumb","itemListElement":[{"@type":"ListItem","position":1,"name":"Home","item":"https:\/\/serralleriamas.com\/es\/home-2\/"},{"@type":"ListItem","position":2,"name":"Proyectos"}]},{"@type":"WebSite","@id":"https:\/\/serralleriamas.com\/#website","url":"https:\/\/serralleriamas.com\/","name":"Serralleria Mas","description":"Serveis de serralleria per a professionals i particulars","publisher":{"@id":"https:\/\/serralleriamas.com\/#organization"},"potentialAction":[{"@type":"SearchAction","target":{"@type":"EntryPoint","urlTemplate":"https:\/\/serralleriamas.com\/?s={search_term_string}"},"query-input":"required name=search_term_string"}],"inLanguage":"es"},{"@type":"Organization","@id":"https:\/\/serralleriamas.com\/#organization","name":"Serralleria Mas","url":"https:\/\/serralleriamas.com\/","logo":{"@type":"ImageObject","inLanguage":"es","@id":"https:\/\/serralleriamas.com\/#\/schema\/logo\/image\/","url":"https:\/\/serralleriamas.com\/wp-content\/uploads\/2024\/01\/LogotipsenseS.L.U.png","contentUrl":"https:\/\/serralleriamas.com\/wp-content\/uploads\/2024\/01\/LogotipsenseS.L.U.png","width":404,"height":308,"caption":"Serralleria Mas"},"image":{"@id":"https:\/\/serralleriamas.com\/#\/schema\/logo\/image\/"}}]}},"_links":{"self":[{"href":"https:\/\/serralleriamas.com\/es\/wp-json\/wp\/v2\/pages\/5392"}],"collection":[{"href":"https:\/\/serralleriamas.com\/es\/wp-json\/wp\/v2\/pages"}],"about":[{"href":"https:\/\/serralleriamas.com\/es\/wp-json\/wp\/v2\/types\/page"}],"author":[{"embeddable":true,"href":"https:\/\/serralleriamas.com\/es\/wp-json\/wp\/v2\/users\/1"}],"replies":[{"embeddable":true,"href":"https:\/\/serralleriamas.com\/es\/wp-json\/wp\/v2\/comments?post=5392"}],"version-history":[{"count":4,"href":"https:\/\/serralleriamas.com\/es\/wp-json\/wp\/v2\/pages\/5392\/revisions"}],"predecessor-version":[{"id":5424,"href":"https:\/\/serralleriamas.com\/es\/wp-json\/wp\/v2\/pages\/5392\/revisions\/5424"}],"wp:attachment":[{"href":"https:\/\/serralleriamas.com\/es\/wp-json\/wp\/v2\/media?parent=5392"}],"curies":[{"name":"wp","href":"https:\/\/api.w.org\/{rel}","templated":true}]}}